
  
{"id":92178,"date":"2018-10-31T17:49:07","date_gmt":"2018-10-31T15:49:07","guid":{"rendered":"https:\/\/old.seacretehotels.com\/kianibeachresort\/spa-center\/"},"modified":"2023-04-10T11:13:26","modified_gmt":"2023-04-10T08:13:26","slug":"spa-center","status":"publish","type":"page","link":"https:\/\/old.seacretehotels.com\/pl\/kianibeachresort\/spa-center\/","title":{"rendered":"Centrum odnowy biologicznej i spa"},"content":{"rendered":"<h1>Centrum odnowy biologicznej i spa<\/h1>\n<p><a href=\"https:\/\/hotels.aegeospas.gr\/wp-content\/uploads\/PDFs\/Menu-Wet-ENG-DE-Desktop.pdf\" target=\"_blank\" rel=\"noopener\"><strong>Kliknij tutaj, aby zapozna\u0107 si\u0119 z pe\u0142nym opisem naszego menu i zabieg\u00f3w SPA<\/strong><\/a><\/p>\n<p><a href=\"https:\/\/old.seacretehotels.com\/wp-content\/uploads\/2023\/04\/Aegeo-Spas-Menu-Pricelist-kiani-2023.pdf\" target=\"_blank\" rel=\"noopener\"><strong>Kliknij tutaj, aby zobaczy\u0107 nasze ceny SPA<\/strong><\/a><\/p>\n<p>Krete\u0144sk\u0105 przygod\u0119 nasi go\u015bcie mog\u0105 dope\u0142ni\u0107 pobytem w spa- przy zabiegach w spa w Kiani Beach wykorzystywane s\u0105 naturalne sk\u0142adniki, takie jak oliwa z oliwek, mi\u00f3d i ekstrakty z winogron.<\/p>\n<p>Do naszych specjalnie opracowanych zabieg\u00f3w wykonywanych w spa w hotelu Kiani Beach wykorzystujemy \u015bwie\u017ce aromatyczne ro\u015bliny i zio\u0142a, takie jak rozmaryn, mi\u0119ta pieprzowa, trawa cytrynowa i rumianek. Nasi do\u015bwiadczeni terapeuci w\u0142adaj\u0105cy prawdziwie leczniczymi mocami krete\u0144skich skarb\u00f3w wykonaj\u0105 niezapomniane i relaksuj\u0105ce zabiegi dopasowane do potrzeb naszych go\u015bci. Skorzystaj z szerokiej gamy holistycznych zabieg\u00f3w dla cia\u0142a i duszy, m.in. masa\u017cy cia\u0142a oraz zabieg\u00f3w na twarz i cia\u0142o w naszych specjalnych gabinetach zabiegowych. Wypr\u00f3buj r\u00f3wnie\u017c naszej sauny i wanny z hydromasa\u017cem po zabiegu, aby uzyska\u0107 jeszcze bardziej m\u0142odzie\u0144czy wygl\u0105d.<\/p>\n<p><strong>W celu rezerwacji lub, aby uzyska\u0107 wi\u0119cej informacji prosimy o kontakt\u00a0na adres e-mail <\/strong><a href=\"mailto:reservations@kianibeach.com\">reservations@kianibeach.com<\/a>\u00a0lub tel.: +30 28250 32300 (numer wew. w Spa 8933)<\/p>\n","protected":false},"excerpt":{"rendered":"<p>Centrum odnowy biologicznej i spa Kliknij tutaj, aby zapozna\u0107 si\u0119 z pe\u0142nym opisem naszego menu i zabieg\u00f3w SPA Kliknij tutaj, <\/p>\n","protected":false},"author":1,"featured_media":88260,"parent":91973,"menu_order":0,"comment_status":"closed","ping_status":"closed","template":"templates\/template--single.php","meta":[],"acf":[],"_links":{"self":[{"href":"https:\/\/old.seacretehotels.com\/pl\/wp-json\/wp\/v2\/pages\/92178"}],"collection":[{"href":"https:\/\/old.seacretehotels.com\/pl\/wp-json\/wp\/v2\/pages"}],"about":[{"href":"https:\/\/old.seacretehotels.com\/pl\/wp-json\/wp\/v2\/types\/page"}],"author":[{"embeddable":true,"href":"https:\/\/old.seacretehotels.com\/pl\/wp-json\/wp\/v2\/users\/1"}],"replies":[{"embeddable":true,"href":"https:\/\/old.seacretehotels.com\/pl\/wp-json\/wp\/v2\/comments?post=92178"}],"version-history":[{"count":5,"href":"https:\/\/old.seacretehotels.com\/pl\/wp-json\/wp\/v2\/pages\/92178\/revisions"}],"predecessor-version":[{"id":97745,"href":"https:\/\/old.seacretehotels.com\/pl\/wp-json\/wp\/v2\/pages\/92178\/revisions\/97745"}],"up":[{"embeddable":true,"href":"https:\/\/old.seacretehotels.com\/pl\/wp-json\/wp\/v2\/pages\/91973"}],"wp:featuredmedia":[{"embeddable":true,"href":"https:\/\/old.seacretehotels.com\/pl\/wp-json\/wp\/v2\/media\/88260"}],"wp:attachment":[{"href":"https:\/\/old.seacretehotels.com\/pl\/wp-json\/wp\/v2\/media?parent=92178"}],"curies":[{"name":"wp","href":"https:\/\/api.w.org\/{rel}","templated":true}]}}