
  
{"id":92174,"date":"2022-02-21T10:18:53","date_gmt":"2022-02-21T08:18:53","guid":{"rendered":"https:\/\/old.seacretehotels.com\/kianibeachresort\/rooftop-restaurant\/"},"modified":"2023-06-06T09:49:58","modified_gmt":"2023-06-06T06:49:58","slug":"rooftop-restaurant","status":"publish","type":"page","link":"https:\/\/old.seacretehotels.com\/pl\/kianibeachresort\/rooftop-restaurant\/","title":{"rendered":"Restauracja na dachu"},"content":{"rendered":"<h1>Restauracja na dachu w Kiani Beach Resort<\/h1>\n<p><strong>Sp\u0119d\u017a romantyczne chwile przy winie i kolacji pod gwiazdami Krety w naszej restauracji na dachu mieszcz\u0105cej si\u0119 w po\u0142udniowym skrzydle Kiani Beach Resort.<\/strong><\/p>\n<p><strong>Godziny pracy naszej Restauracji na dachu:<\/strong> Pi\u0105tek, Sobota, Niedziela: 19:00 \u2013 21.30.<\/p>\n<p>Wybierz spo\u015br\u00f3d czterech wspania\u0142ych menu (za op\u0142at\u0105) i skosztuj autentycznej i znanej na ca\u0142ym \u015bwiecie kuchni krete\u0144skiej. Po\u0142\u0105cz j\u0105 z butelk\u0105 wspania\u0142ego, lokalnego wina, aby celebrowa\u0107 wiecz\u00f3r!<\/p>\n<p>Menu 1: Smaki Grecji<\/p>\n<p>Menu 2: Tradycyjne menu Krety<\/p>\n<p>Menu 3: Smaki Morza Egejskiego \u2013 menu z owocami morza<\/p>\n<p>Menu 4: Wegetaria\u0144skie menu<\/p>\n<p><a href=\"https:\/\/old.seacretehotels.com\/wp-content\/uploads\/2022\/06\/rooftop_menu.pdf\"><strong>Pobierz tutaj pe\u0142ne menu<\/strong><\/a><\/p>\n<p><strong>Wymagana jest rezerwacja.<\/strong><br \/>\nAby zarezerwowa\u0107 stolik, prosimy o dokonanie rezerwacji w recepcji g\u0142\u00f3wnej.<\/p>\n<p>&nbsp;<\/p>\n<p>&nbsp;<\/p>\n","protected":false},"excerpt":{"rendered":"<p>Restauracja na dachu w Kiani Beach Resort Sp\u0119d\u017a romantyczne chwile przy winie i kolacji pod gwiazdami Krety w naszej restauracji <\/p>\n","protected":false},"author":1,"featured_media":90516,"parent":91973,"menu_order":0,"comment_status":"closed","ping_status":"closed","template":"templates\/template--single.php","meta":[],"acf":[],"_links":{"self":[{"href":"https:\/\/old.seacretehotels.com\/pl\/wp-json\/wp\/v2\/pages\/92174"}],"collection":[{"href":"https:\/\/old.seacretehotels.com\/pl\/wp-json\/wp\/v2\/pages"}],"about":[{"href":"https:\/\/old.seacretehotels.com\/pl\/wp-json\/wp\/v2\/types\/page"}],"author":[{"embeddable":true,"href":"https:\/\/old.seacretehotels.com\/pl\/wp-json\/wp\/v2\/users\/1"}],"replies":[{"embeddable":true,"href":"https:\/\/old.seacretehotels.com\/pl\/wp-json\/wp\/v2\/comments?post=92174"}],"version-history":[{"count":5,"href":"https:\/\/old.seacretehotels.com\/pl\/wp-json\/wp\/v2\/pages\/92174\/revisions"}],"predecessor-version":[{"id":102479,"href":"https:\/\/old.seacretehotels.com\/pl\/wp-json\/wp\/v2\/pages\/92174\/revisions\/102479"}],"up":[{"embeddable":true,"href":"https:\/\/old.seacretehotels.com\/pl\/wp-json\/wp\/v2\/pages\/91973"}],"wp:featuredmedia":[{"embeddable":true,"href":"https:\/\/old.seacretehotels.com\/pl\/wp-json\/wp\/v2\/media\/90516"}],"wp:attachment":[{"href":"https:\/\/old.seacretehotels.com\/pl\/wp-json\/wp\/v2\/media?parent=92174"}],"curies":[{"name":"wp","href":"https:\/\/api.w.org\/{rel}","templated":true}]}}