
  
{"id":92170,"date":"2018-09-18T11:15:16","date_gmt":"2018-09-18T08:15:16","guid":{"rendered":"https:\/\/old.seacretehotels.com\/kianibeachresort\/pool-view-restaurant\/"},"modified":"2022-12-16T15:32:22","modified_gmt":"2022-12-16T13:32:22","slug":"pool-view-restaurant","status":"publish","type":"page","link":"https:\/\/old.seacretehotels.com\/pl\/kianibeachresort\/pool-view-restaurant\/","title":{"rendered":"Pool View Restaurant"},"content":{"rendered":"<h1>Restauracja Pool View w Kiani Beach Resort<\/h1>\n<h2><strong>\u015ar\u00f3dziemnomorska restauracja bufetowa<\/strong><\/h2>\n<p>Nasza nowa restauracja Pool View wychodzi na wspania\u0142y basen w naszym nowym skrzydle Kiani Beach Resort i oferuje idealne miejsce na zdrowe \u015bniadanie, ekscytuj\u0105cy obiad lub romantyczn\u0105 kolacj\u0119 pod gwiazdami. W naszej nowej restauracji nasi go\u015bcie b\u0119d\u0105 mogli cieszy\u0107 si\u0119 tym, co najlepsze na Krecie, relaksuj\u0105c si\u0119 na pi\u0119knym, hotelowym tarasie. Do\u015bwiadczeni hotelowi szefowie kuchni przygotowuj\u0105 najsmaczniejsze przepisy z najlepszych lokalnych sk\u0142adnik\u00f3w, dbaj\u0105c przy tym o wysok\u0105 warto\u015b\u0107 od\u017cywcz\u0105 wszystkich posi\u0142k\u00f3w. Bogaty bufet oferuje wspania\u0142y wyb\u00f3r sa\u0142atek, da\u0144 i deser\u00f3w zar\u00f3wno dla dzieci, jak i doros\u0142ych.<\/p>\n<h3><strong>Przepyszna kuchnia Krety<\/strong><\/h3>\n<p>Przygotuj si\u0119 na degustacj\u0119 najlepszych \u015br\u00f3dziemnomorskich specja\u0142\u00f3w, m.in. \u015bwie\u017cych ryb, makaron\u00f3w, mi\u0119s, drobiu, lokalnych ser\u00f3w, \u015bwie\u017cych sa\u0142atek i warzyw- a wszystko to przygotowane z krete\u0144sk\u0105 oliw\u0105 z oliwek i najlepszymi lokalnymi sk\u0142adnikami, m.in. \u015bwie\u017cym sokiem pomara\u0144czowym z pomara\u0144czy wytwarzanych organicznie i podawanych do \u015bniadania. Restauracja Symposium oferuje r\u00f3wnie\u017c specjalne posi\u0142ki dla dzieci oraz pe\u0142nowarto\u015bciowe posi\u0142ki dla wegetarian. Poza wy\u015bmienitymi posi\u0142kami oferowanymi w naszej restauracji, mamy r\u00f3wnie\u017c bogat\u0105 ofert\u0119 s\u0142odyczy, ciastek, ciast i \u015bwie\u017cych owoc\u00f3w, aby os\u0142odzi\u0107 Twoje wakacje!<\/p>\n<ul>\n<li>Godziny serwowania \u015bniada\u0144 08:00 \u2013 10:30 Bufet ameryka\u0144ski<\/li>\n<li>Godziny serwowania obiad\u00f3w 13:00 \u2013 15:00 Pe\u0142ny bufet<\/li>\n<li>Godziny serwowania kolacji 19:00 \u2013 21:30 Pe\u0142ny bufet<\/li>\n<\/ul>\n<p>Obowi\u0105zuj\u0105cy str\u00f3j: Podczas kolacji w restauracji g\u0142\u00f3wnej panowie musz\u0105 nosi\u0107 d\u0142ugie spodnie.<\/p>\n<h3><strong>Pakiet All-inclusive<\/strong><\/h3>\n<p>Podczas posi\u0142k\u00f3w mo\u017cna napi\u0107 si\u0119 nieograniczonej ilo\u015bci lokalnych napoj\u00f3w, takich jak: s\u0142odka woda (woda z kranu dost\u0119pna w restauracji i barze na pla\u017cy), napoje bezalkoholowe (z automatu), piwo, wino domowe (czerwone i bia\u0142e), ouzo, raki skondensowane soki, a tak\u017ce \u015bwie\u017cy sok pomara\u0144czowy wyprodukowany z pomara\u0144czy organicznych i podawany podczas \u015bniadania.<\/p>\n","protected":false},"excerpt":{"rendered":"<p>Restauracja Pool View w Kiani Beach Resort \u015ar\u00f3dziemnomorska restauracja bufetowa Nasza nowa restauracja Pool View wychodzi na wspania\u0142y basen w <\/p>\n","protected":false},"author":1,"featured_media":87029,"parent":91973,"menu_order":0,"comment_status":"closed","ping_status":"closed","template":"templates\/template--single.php","meta":[],"acf":[],"_links":{"self":[{"href":"https:\/\/old.seacretehotels.com\/pl\/wp-json\/wp\/v2\/pages\/92170"}],"collection":[{"href":"https:\/\/old.seacretehotels.com\/pl\/wp-json\/wp\/v2\/pages"}],"about":[{"href":"https:\/\/old.seacretehotels.com\/pl\/wp-json\/wp\/v2\/types\/page"}],"author":[{"embeddable":true,"href":"https:\/\/old.seacretehotels.com\/pl\/wp-json\/wp\/v2\/users\/1"}],"replies":[{"embeddable":true,"href":"https:\/\/old.seacretehotels.com\/pl\/wp-json\/wp\/v2\/comments?post=92170"}],"version-history":[{"count":2,"href":"https:\/\/old.seacretehotels.com\/pl\/wp-json\/wp\/v2\/pages\/92170\/revisions"}],"predecessor-version":[{"id":92172,"href":"https:\/\/old.seacretehotels.com\/pl\/wp-json\/wp\/v2\/pages\/92170\/revisions\/92172"}],"up":[{"embeddable":true,"href":"https:\/\/old.seacretehotels.com\/pl\/wp-json\/wp\/v2\/pages\/91973"}],"wp:featuredmedia":[{"embeddable":true,"href":"https:\/\/old.seacretehotels.com\/pl\/wp-json\/wp\/v2\/media\/87029"}],"wp:attachment":[{"href":"https:\/\/old.seacretehotels.com\/pl\/wp-json\/wp\/v2\/media?parent=92170"}],"curies":[{"name":"wp","href":"https:\/\/api.w.org\/{rel}","templated":true}]}}