
  
{"id":92166,"date":"2018-09-18T11:09:36","date_gmt":"2018-09-18T08:09:36","guid":{"rendered":"https:\/\/old.seacretehotels.com\/kianibeachresort\/pool-bar\/"},"modified":"2022-12-16T15:25:48","modified_gmt":"2022-12-16T13:25:48","slug":"pool-bar","status":"publish","type":"page","link":"https:\/\/old.seacretehotels.com\/pl\/kianibeachresort\/pool-bar\/","title":{"rendered":"Pool Bar"},"content":{"rendered":"<h1>Bar przy basenie- Kiani Beach w Chanii<\/h1>\n<p>Nasz nowy bar pla\u017cowy znajduje si\u0119 tu\u017c obok basenu w nowym skrzydle Kiani Beach i zapewnia idealne miejsce do relaksu w s\u0142o\u0144cu tu\u017c przy basenie. Nasz nowy bar przy basenie posiada ca\u0142y asortyment napoj\u00f3w, kawy, \u015bwie\u017cych sok\u00f3w oraz alkoholi, aby zadowoli\u0107 wszystkich naszych go\u015bci. Codziennie serwowane s\u0105 w nim lekkie przek\u0105ski i napoje.<\/p>\n<h2><strong>Godziny otwarcia:<\/strong><\/h2>\n<p>11:00 \u2013 23:00<\/p>\n<h2><strong>Pakiet All-inclusive<\/strong><\/h2>\n<p>Podawane b\u0119d\u0105 bez ogranicze\u0144 lokalne napoje alkoholowe i bezalkoholowe plus kawa filtrowana, herbaty zio\u0142owe oraz<br \/>\nwoda z kranu.<\/p>\n","protected":false},"excerpt":{"rendered":"<p>Bar przy basenie- Kiani Beach w Chanii Nasz nowy bar pla\u017cowy znajduje si\u0119 tu\u017c obok basenu w nowym skrzydle Kiani <\/p>\n","protected":false},"author":1,"featured_media":86803,"parent":91973,"menu_order":0,"comment_status":"closed","ping_status":"closed","template":"templates\/template--single.php","meta":[],"acf":[],"_links":{"self":[{"href":"https:\/\/old.seacretehotels.com\/pl\/wp-json\/wp\/v2\/pages\/92166"}],"collection":[{"href":"https:\/\/old.seacretehotels.com\/pl\/wp-json\/wp\/v2\/pages"}],"about":[{"href":"https:\/\/old.seacretehotels.com\/pl\/wp-json\/wp\/v2\/types\/page"}],"author":[{"embeddable":true,"href":"https:\/\/old.seacretehotels.com\/pl\/wp-json\/wp\/v2\/users\/1"}],"replies":[{"embeddable":true,"href":"https:\/\/old.seacretehotels.com\/pl\/wp-json\/wp\/v2\/comments?post=92166"}],"version-history":[{"count":2,"href":"https:\/\/old.seacretehotels.com\/pl\/wp-json\/wp\/v2\/pages\/92166\/revisions"}],"predecessor-version":[{"id":92168,"href":"https:\/\/old.seacretehotels.com\/pl\/wp-json\/wp\/v2\/pages\/92166\/revisions\/92168"}],"up":[{"embeddable":true,"href":"https:\/\/old.seacretehotels.com\/pl\/wp-json\/wp\/v2\/pages\/91973"}],"wp:featuredmedia":[{"embeddable":true,"href":"https:\/\/old.seacretehotels.com\/pl\/wp-json\/wp\/v2\/media\/86803"}],"wp:attachment":[{"href":"https:\/\/old.seacretehotels.com\/pl\/wp-json\/wp\/v2\/media?parent=92166"}],"curies":[{"name":"wp","href":"https:\/\/api.w.org\/{rel}","templated":true}]}}