
  
{"id":92162,"date":"2016-03-15T13:50:34","date_gmt":"2016-03-15T11:50:34","guid":{"rendered":"https:\/\/old.seacretehotels.com\/kianibeachresort\/kids-club-outdoors\/"},"modified":"2023-05-18T09:03:33","modified_gmt":"2023-05-18T06:03:33","slug":"kids-club-outdoors","status":"publish","type":"page","link":"https:\/\/old.seacretehotels.com\/pl\/kianibeachresort\/kids-club-outdoors\/","title":{"rendered":"Outdoor Kids Club"},"content":{"rendered":"<h1>Hotel na Krecie z klubem dla dzieci na \u015bwie\u017cym powietrzu<\/h1>\n<p><a href=\"https:\/\/old.seacretehotels.com\/wp-content\/uploads\/2022\/03\/Kids_Club_2022.pdf\">Pobierz tutaj nasz zabawny plik PDF ze wszystkimi og\u00f3lnymi informacjami na temat naszego Klubu dla dzieci!<\/a><\/p>\n<p><strong>Klub dzia\u0142a w godzinach:<br \/>\n<\/strong>Godziny ranne: 10:30 -13:00, po po\u0142udniu w godz. 15:30 -17:30 (przez 6 dni w tygodniu, jest zamkni\u0119ty w \u015brody.)<br \/>\n21:00- 22:00 Wieczorne pokazy dla dzieci<\/p>\n<p><strong>Klub dla dzieci w hotelu Kiani oferuje:<\/strong><\/p>\n<ul>\n<li>Zabawy organizowane przez animator\u00f3w<\/li>\n<li>Zamek dmuchany do skakania<\/li>\n<li>Przeja\u017cd\u017cka na osio\u0142ku z Herkulesem<\/li>\n<li>Spotkanie z nasz\u0105 maskotk\u0105<\/li>\n<li>Mini- dyskotek\u0119<\/li>\n<li>Dni ekologii<\/li>\n<li>Wieczory z pokazami film\u00f3w dla dzieci<\/li>\n<\/ul>\n<p><strong>Ograniczenia wiekowe w klubie dla dzieci w hotelu Kiani:<\/strong><br \/>\nOgraniczenia wiekowe: Nasz Klub przeznaczony jest dla dzieci w wieku 4-8 lat. Rodzice mog\u0105 zostawi\u0107 swoje pociechy w wieku od 4 do 8 lat pod opiek\u0105 naszych animator\u00f3w. Rodzice zobowi\u0105zani s\u0105 r\u00f3wnie\u017c do wype\u0142nienia formularza rejestracyjnego po pozostawieniu dziecka w Klubie dla dzieci w Kiani.\u00a0<strong>Dzieci poni\u017cej 4 roku \u017cycia nie powinny by\u0107 pozostawione bez opieki rodzic\u00f3w w naszym klubie.<\/strong>\u00a0Je\u015bli dziecko w wieku poni\u017cej 4 lat b\u0119dzie chcia\u0142o wzi\u0105\u0107 udzia\u0142 w naszych zaj\u0119ciach, powinien mu towarzyszy\u0107 rodzic.<\/p>\n<p><strong>Ograniczenia dla rodzic\u00f3w:<\/strong><br \/>\nRodzicom nie wolno opuszcza\u0107 terenu Kiani Beach Resort, w czasie gdy ich dzieci b\u0119d\u0105 uczestniczy\u0107 w bezp\u0142atnych zabawach lub zaj\u0119ciach w naszym Klubie dla dzieci.<\/p>\n<p><strong>Zaj\u0119cia w klubie dla dzieci:<\/strong><br \/>\nNasz klub dla dzieci oferuje wiele godzin zabawy i rozrywki dla Pa\u0144stwa dzieci. W naszym klubie dzieci b\u0119d\u0105 mog\u0142y pluska\u0107 si\u0119 w basenie, \u0142owi\u0107 ryby w morzu, robi\u0107 maski, malowa\u0107 twarze oraz podkoszulki, a tak\u017ce poznawa\u0107 \u015bwiat poprzez r\u00f3\u017cne gry i zabawy.<\/p>\n<p>Dzi\u0119ki z\u0142agodzeniu restrykcji w zwi\u0105zku z Covid-19, mo\u017cna korzysta\u0107 z pomieszczenia przeznaczonego do klubu dla dzieci, aby odbywa\u0107 w nim zaj\u0119cia zw\u0142aszcza w godzinach popo\u0142udniowych. Pomieszczenie klubu dla dzieci znajduje si\u0119 w p\u00f3\u0142nocnym skrzydle hotelu Kiani Beach Resort- aby je znale\u017a\u0107 nale\u017cy wej\u015b\u0107 po schodach na parterze przy windzie na pierwszym pi\u0119trze obok restauracji.<\/p>\n<p><strong>Pok\u00f3j zabaw dla dzieci w wieku 0-4 lata:<\/strong>\u00a0Nasz pok\u00f3j zabaw dla dzieci znajduje si\u0119 w po\u0142udniowym skrzydle Kiani Beach Resort,za krytym basenem. Pok\u00f3j jest przeznaczony dla rodzic\u00f3w z ma\u0142ymi dzie\u0107mi, kt\u00f3re chc\u0105 bawi\u0107 si\u0119 same i dzia\u0142a w godzinach zaj\u0119\u0107 animacyjnych, 10:30-13:00 i 16:00-18:00. Nie ma w nim zorganizowanych zaj\u0119\u0107. Nale\u017cy zarezerwowa\u0107 pok\u00f3j u animator\u00f3w.<\/p>\n<p><strong>Dla naszych najm\u0142odszych hotel Kiani Beach Resort oferuje r\u00f3wnie\u017c:\u00a0<\/strong><\/p>\n<ul>\n<li>Dwa baseny dla dzieci (w tym jeden ze zje\u017cd\u017calniami)<\/li>\n<li>Dmuchany zamek do skakania. przeznaczony dla dzieci w wieku 4 \u2013 13 lat<\/li>\n<li>Dwa du\u017ce place zabaw dla dzieci z hu\u015btawkami, przeszkodami do wspinaczki i nie tylko, czynne przez ca\u0142\u0105 dob\u0119, 7 dni w tygodniu<\/li>\n<li>Przeja\u017cd\u017cki na osio\u0142ku w godz. 12:30-13:00, 6 razy w tygodniu (opr\u00f3cz \u015brody)<\/li>\n<li>Nasz\u0105 maskotk\u0119 Figlo, kt\u00f3ra pojawi si\u0119 przed Dyskotek\u0105, aby zach\u0119ci\u0107 dzieci w ka\u017cdym wieku do wzi\u0119cia udzia\u0142u w zabawie<\/li>\n<li>Dyskotek\u0119 dla dzieci w godz. 20:30-21:00, 6 razy w tygodniu (opr\u00f3cz \u015br\u00f3d), przeznaczon\u0105 dla dzieci w ka\u017cdym wieku<\/li>\n<li>Wieczorne pokazy dla dzieci w godz. 21:00 \u2013 oko\u0142o 22:00, 6 razy w tygodniu (opr\u00f3cz \u015brody), dla dzieci w ka\u017cdym wieku<\/li>\n<\/ul>\n<p>Je\u015bli podr\u00f3\u017cujesz z rodzin\u0105, nie ma lepszego miejsca na rodzinne wakacje ni\u017c 5-gwiazdkowy hotel na pla\u017cy z klubem dla dzieci na Krecie. Pi\u0119knie po\u0142o\u017cony w wiosce Kalyves w pobli\u017cu Chanii, hotel Kiani Beach Resort na Krecie jest przyjazny dzieciom i gwarantuje udany wypoczynek dla ca\u0142ej rodziny. Jego idylliczne po\u0142o\u017cenie wraz ze specjaln\u0105 ofert\u0105 dla dzieci i niemowl\u0105t umo\u017cliwi sp\u0119dzenie beztroskich i niezapomnianych wakacji na Krecie w Grecji.<\/p>\n<h2><strong>Hotel w Chanii, kt\u00f3ry jest przyjazny dzieciom<\/strong><\/h2>\n<p>Po\u0142o\u017cony w urokliwym rodzinnym kurorcie nad morzem, ten przyjazny dzieciom hotel w Chanii oferuje szereg udogodnie\u0144 i us\u0142ug, dzi\u0119ki kt\u00f3rym wakacje na Krecie z dzie\u0107mi b\u0119d\u0105 pami\u0105tk\u0105 na ca\u0142e \u017cycie. Kiani Beach Resort to najlepszy hotel rodzinny z klubem dla dzieci na Krecie. W swojej ofercie posiada specjalne menu dla dzieci, w pe\u0142ni wyposa\u017cony klub dla dzieci na \u015bwie\u017cym powietrzu i szerok\u0105 gam\u0119 zaj\u0119\u0107 dla naszych najm\u0142odszych go\u015bci, a tak\u017ce rozrywk\u0119 dla ca\u0142ej rodziny. Je\u015bli planujesz sp\u0119dzi\u0107 sw\u00f3j urlop w Chanii wraz z dzie\u0107mi, mamy dla Ciebie najlepsz\u0105 ofert\u0119. Odpocznij na naszej pla\u017cy w czasie gdy Twoje dzieci b\u0119d\u0105 si\u0119 dobrze bawi\u0107.<\/p>\n","protected":false},"excerpt":{"rendered":"<p>Hotel na Krecie z klubem dla dzieci na \u015bwie\u017cym powietrzu Pobierz tutaj nasz zabawny plik PDF ze wszystkimi og\u00f3lnymi informacjami <\/p>\n","protected":false},"author":1,"featured_media":90315,"parent":91973,"menu_order":0,"comment_status":"closed","ping_status":"closed","template":"templates\/template--single.php","meta":[],"acf":[],"_links":{"self":[{"href":"https:\/\/old.seacretehotels.com\/pl\/wp-json\/wp\/v2\/pages\/92162"}],"collection":[{"href":"https:\/\/old.seacretehotels.com\/pl\/wp-json\/wp\/v2\/pages"}],"about":[{"href":"https:\/\/old.seacretehotels.com\/pl\/wp-json\/wp\/v2\/types\/page"}],"author":[{"embeddable":true,"href":"https:\/\/old.seacretehotels.com\/pl\/wp-json\/wp\/v2\/users\/1"}],"replies":[{"embeddable":true,"href":"https:\/\/old.seacretehotels.com\/pl\/wp-json\/wp\/v2\/comments?post=92162"}],"version-history":[{"count":4,"href":"https:\/\/old.seacretehotels.com\/pl\/wp-json\/wp\/v2\/pages\/92162\/revisions"}],"predecessor-version":[{"id":101261,"href":"https:\/\/old.seacretehotels.com\/pl\/wp-json\/wp\/v2\/pages\/92162\/revisions\/101261"}],"up":[{"embeddable":true,"href":"https:\/\/old.seacretehotels.com\/pl\/wp-json\/wp\/v2\/pages\/91973"}],"wp:featuredmedia":[{"embeddable":true,"href":"https:\/\/old.seacretehotels.com\/pl\/wp-json\/wp\/v2\/media\/90315"}],"wp:attachment":[{"href":"https:\/\/old.seacretehotels.com\/pl\/wp-json\/wp\/v2\/media?parent=92162"}],"curies":[{"name":"wp","href":"https:\/\/api.w.org\/{rel}","templated":true}]}}