
  
{"id":92134,"date":"2016-03-11T17:52:05","date_gmt":"2016-03-11T15:52:05","guid":{"rendered":"https:\/\/old.seacretehotels.com\/kianibeachresort\/sports\/"},"modified":"2022-12-19T17:12:48","modified_gmt":"2022-12-19T15:12:48","slug":"sports","status":"publish","type":"page","link":"https:\/\/old.seacretehotels.com\/pl\/kianibeachresort\/sports\/","title":{"rendered":"Kiani Sports"},"content":{"rendered":"<h1>Sporty w Kiani Beach<\/h1>\n<h2><strong>Atrakcje w Kiani Beach Resort<\/strong><\/h2>\n<p>Czy chcesz podnie\u015b\u0107 poprzeczk\u0119 oraz sw\u00f3j poziom adrenaliny podczas letnich wakacji? Je\u015bli tak, to przygotuj si\u0119 na jedne z najbardziej ekscytuj\u0105cych zaj\u0119\u0107 sportowych i fitness oferowanych w Kiani Beach Resort. Bez wzgl\u0119du na Tw\u00f3j wiek i poziom zaawansowania, nasi eksperci od fitnessu wprowadz\u0105 Ci\u0119 w pe\u0142en zabawy i emocji \u015bwiat tenisa, trening\u00f3w fitness, jogi, pilatesu, zumby, acqua aerobiku i porannych zaj\u0119\u0107 rozci\u0105gaj\u0105cych. Nasi wysoko wykwalifikowani trenerzy zorganizuj\u0105 dla naszych go\u015bci sporty zespo\u0142owe, programy rozrywkowe i fitness, w tym turnieje sportowe stworzone specjalnie dla ca\u0142ej rodziny, z zakresu pi\u0142ki no\u017cnej, tenisa, siatk\u00f3wki, pi\u0142ki wodnej, \u0142ucznictwa, rzutk\u00f3w i wycieczek pieszych.<\/p>\n","protected":false},"excerpt":{"rendered":"<p>Sporty w Kiani Beach Atrakcje w Kiani Beach Resort Czy chcesz podnie\u015b\u0107 poprzeczk\u0119 oraz sw\u00f3j poziom adrenaliny podczas letnich wakacji? <\/p>\n","protected":false},"author":1,"featured_media":84213,"parent":91973,"menu_order":0,"comment_status":"closed","ping_status":"closed","template":"templates\/template--single.php","meta":[],"acf":[],"_links":{"self":[{"href":"https:\/\/old.seacretehotels.com\/pl\/wp-json\/wp\/v2\/pages\/92134"}],"collection":[{"href":"https:\/\/old.seacretehotels.com\/pl\/wp-json\/wp\/v2\/pages"}],"about":[{"href":"https:\/\/old.seacretehotels.com\/pl\/wp-json\/wp\/v2\/types\/page"}],"author":[{"embeddable":true,"href":"https:\/\/old.seacretehotels.com\/pl\/wp-json\/wp\/v2\/users\/1"}],"replies":[{"embeddable":true,"href":"https:\/\/old.seacretehotels.com\/pl\/wp-json\/wp\/v2\/comments?post=92134"}],"version-history":[{"count":4,"href":"https:\/\/old.seacretehotels.com\/pl\/wp-json\/wp\/v2\/pages\/92134\/revisions"}],"predecessor-version":[{"id":92543,"href":"https:\/\/old.seacretehotels.com\/pl\/wp-json\/wp\/v2\/pages\/92134\/revisions\/92543"}],"up":[{"embeddable":true,"href":"https:\/\/old.seacretehotels.com\/pl\/wp-json\/wp\/v2\/pages\/91973"}],"wp:featuredmedia":[{"embeddable":true,"href":"https:\/\/old.seacretehotels.com\/pl\/wp-json\/wp\/v2\/media\/84213"}],"wp:attachment":[{"href":"https:\/\/old.seacretehotels.com\/pl\/wp-json\/wp\/v2\/media?parent=92134"}],"curies":[{"name":"wp","href":"https:\/\/api.w.org\/{rel}","templated":true}]}}