
  
{"id":92127,"date":"2016-03-11T18:25:03","date_gmt":"2016-03-11T16:25:03","guid":{"rendered":"https:\/\/old.seacretehotels.com\/kianibeachresort\/amenities\/"},"modified":"2022-12-19T17:55:12","modified_gmt":"2022-12-19T15:55:12","slug":"amenities","status":"publish","type":"page","link":"https:\/\/old.seacretehotels.com\/pl\/kianibeachresort\/amenities\/","title":{"rendered":"Kiani Room Facilities"},"content":{"rendered":"<h1>Wyposa\u017cenie pokoju w hotelu Kiani<\/h1>\n<p>Pi\u0119knie zaprojektowane, aby zapewni\u0107 relaksuj\u0105ce wakacje w ciep\u0142ej atmosferze Krety i w luksusowych wyko\u0144czeniach, wszystkie pokoje w Kiani Beach Resort gwarantuj\u0105 niezapomniany urlop. Przestronne i stylowe pokoje wyposa\u017cone s\u0105 w wiele nowoczesnych udogodnie\u0144, m.in. aneks kuchenny z lod\u00f3wk\u0105, \u0142azienk\u0119 z wann\u0105 lub prysznicem, klimatyzacj\u0119 z regulacj\u0105 wilgotno\u015bci, telewizj\u0119 satelitarn\u0105 i bezp\u0142atny bezprzewodowy dost\u0119p do Internetu. Aby jeszcze bardziej podnie\u015b\u0107 jako\u015b\u0107 Twojego pobytu, wszystkie pi\u0119knie urz\u0105dzone pokoje wychodz\u0105 na umeblowany balkon lub taras z niesamowitym widokiem na morze, ogrody lub g\u00f3ry.<\/p>\n<p><strong>Wyposa\u017cenie pokoju<\/strong><\/p>\n<ul>\n<li>Kuchnia lub aneks kuchenny z czajnikiem<\/li>\n<li>Lod\u00f3wka<\/li>\n<li>Samosteruj\u0105ca klimatyzacja<\/li>\n<li>Telewizja satelitarna<\/li>\n<li>Sejf<\/li>\n<li>Suszarka do w\u0142os\u00f3w<\/li>\n<li>Bezpo\u015brednia linia telefoniczna<\/li>\n<li>Mo\u017cliwo\u015b\u0107 korzystania z Internetu kablowego i Wi-Fi<\/li>\n<li>Balkon lub taras<\/li>\n<li>Wanna lub prysznic<\/li>\n<\/ul>\n","protected":false},"excerpt":{"rendered":"<p>Wyposa\u017cenie pokoju w hotelu Kiani Pi\u0119knie zaprojektowane, aby zapewni\u0107 relaksuj\u0105ce wakacje w ciep\u0142ej atmosferze Krety i w luksusowych wyko\u0144czeniach, wszystkie <\/p>\n","protected":false},"author":1,"featured_media":86776,"parent":91973,"menu_order":0,"comment_status":"closed","ping_status":"closed","template":"templates\/template--single.php","meta":[],"acf":[],"_links":{"self":[{"href":"https:\/\/old.seacretehotels.com\/pl\/wp-json\/wp\/v2\/pages\/92127"}],"collection":[{"href":"https:\/\/old.seacretehotels.com\/pl\/wp-json\/wp\/v2\/pages"}],"about":[{"href":"https:\/\/old.seacretehotels.com\/pl\/wp-json\/wp\/v2\/types\/page"}],"author":[{"embeddable":true,"href":"https:\/\/old.seacretehotels.com\/pl\/wp-json\/wp\/v2\/users\/1"}],"replies":[{"embeddable":true,"href":"https:\/\/old.seacretehotels.com\/pl\/wp-json\/wp\/v2\/comments?post=92127"}],"version-history":[{"count":4,"href":"https:\/\/old.seacretehotels.com\/pl\/wp-json\/wp\/v2\/pages\/92127\/revisions"}],"predecessor-version":[{"id":92550,"href":"https:\/\/old.seacretehotels.com\/pl\/wp-json\/wp\/v2\/pages\/92127\/revisions\/92550"}],"up":[{"embeddable":true,"href":"https:\/\/old.seacretehotels.com\/pl\/wp-json\/wp\/v2\/pages\/91973"}],"wp:featuredmedia":[{"embeddable":true,"href":"https:\/\/old.seacretehotels.com\/pl\/wp-json\/wp\/v2\/media\/86776"}],"wp:attachment":[{"href":"https:\/\/old.seacretehotels.com\/pl\/wp-json\/wp\/v2\/media?parent=92127"}],"curies":[{"name":"wp","href":"https:\/\/api.w.org\/{rel}","templated":true}]}}