
  
{"id":92123,"date":"2016-03-15T13:35:32","date_gmt":"2016-03-15T11:35:32","guid":{"rendered":"https:\/\/old.seacretehotels.com\/kianibeachresort\/romance\/"},"modified":"2022-12-16T16:07:05","modified_gmt":"2022-12-16T14:07:05","slug":"romance","status":"publish","type":"page","link":"https:\/\/old.seacretehotels.com\/pl\/kianibeachresort\/romance\/","title":{"rendered":"Kiani Romance"},"content":{"rendered":"<h1>Hotel dla par<\/h1>\n<h2><strong>Kiani Beach Resort to idealne miejsce do ponownego rozpalenia nami\u0119tno\u015bci lub zakochania si\u0119 na nowo.<\/strong><\/h2>\n<p>\u015awi\u0119tuj romans po\u015br\u00f3d morza i nieba, spaceruj po pla\u017cy na tle zachwycaj\u0105cego zachodu s\u0142o\u0144ca, delektuj si\u0119 wy\u015bmienitymi potrawami przy blasku \u015bwiec pod gwiazdami lub po prostu sp\u0119d\u017a wiecz\u00f3r ze swoj\u0105 drug\u0105 po\u0142\u00f3wk\u0105 w zaciszu swojego apartamentu, z widokiem na po\u0142yskuj\u0105ce morze. Czy jeste\u015b gotowy na romans?<\/p>\n","protected":false},"excerpt":{"rendered":"<p>Hotel dla par Kiani Beach Resort to idealne miejsce do ponownego rozpalenia nami\u0119tno\u015bci lub zakochania si\u0119 na nowo. \u015awi\u0119tuj romans <\/p>\n","protected":false},"author":1,"featured_media":84221,"parent":91973,"menu_order":0,"comment_status":"closed","ping_status":"closed","template":"templates\/template--single.php","meta":[],"acf":[],"_links":{"self":[{"href":"https:\/\/old.seacretehotels.com\/pl\/wp-json\/wp\/v2\/pages\/92123"}],"collection":[{"href":"https:\/\/old.seacretehotels.com\/pl\/wp-json\/wp\/v2\/pages"}],"about":[{"href":"https:\/\/old.seacretehotels.com\/pl\/wp-json\/wp\/v2\/types\/page"}],"author":[{"embeddable":true,"href":"https:\/\/old.seacretehotels.com\/pl\/wp-json\/wp\/v2\/users\/1"}],"replies":[{"embeddable":true,"href":"https:\/\/old.seacretehotels.com\/pl\/wp-json\/wp\/v2\/comments?post=92123"}],"version-history":[{"count":2,"href":"https:\/\/old.seacretehotels.com\/pl\/wp-json\/wp\/v2\/pages\/92123\/revisions"}],"predecessor-version":[{"id":92125,"href":"https:\/\/old.seacretehotels.com\/pl\/wp-json\/wp\/v2\/pages\/92123\/revisions\/92125"}],"up":[{"embeddable":true,"href":"https:\/\/old.seacretehotels.com\/pl\/wp-json\/wp\/v2\/pages\/91973"}],"wp:featuredmedia":[{"embeddable":true,"href":"https:\/\/old.seacretehotels.com\/pl\/wp-json\/wp\/v2\/media\/84221"}],"wp:attachment":[{"href":"https:\/\/old.seacretehotels.com\/pl\/wp-json\/wp\/v2\/media?parent=92123"}],"curies":[{"name":"wp","href":"https:\/\/api.w.org\/{rel}","templated":true}]}}