
  
{"id":92116,"date":"2016-03-15T12:50:49","date_gmt":"2016-03-15T10:50:49","guid":{"rendered":"https:\/\/old.seacretehotels.com\/kianibeachresort\/recreation\/"},"modified":"2022-12-19T17:08:30","modified_gmt":"2022-12-19T15:08:30","slug":"recreation","status":"publish","type":"page","link":"https:\/\/old.seacretehotels.com\/pl\/kianibeachresort\/recreation\/","title":{"rendered":"Kiani Recreation"},"content":{"rendered":"<h1>Rekreacja w Kiani<\/h1>\n<p>Zatrzymaj si\u0119 w hotelu Kiani Beach Resort i prze\u017cyj wakacje pe\u0142ne zabawy, rado\u015bci i rekreacji. Nasz hotel organizuje wiele ekscytuj\u0105cych program\u00f3w wieczornych, pokaz\u00f3w i wydarze\u0144 na \u017cywo wedle gust\u00f3w i \u017cycze\u0144 naszych go\u015bci. Ta\u0144cz do rytm\u00f3w muzyki latynoskiej, funkowej, soulowej, jazzowej i tradycyjnej muzyki krete\u0144skiej, naucz si\u0119 ta\u0144ca brzucha, \u015bpiewaj karaoke, sprawd\u017a swoje umiej\u0119tno\u015bci podczas wieczoru quiz\u00f3w i we\u017a udzia\u0142 w magicznych sztuczkach naszych iluzjonist\u00f3w. Baw si\u0119 nad morzem w naszym amfiteatrze na \u015bwie\u017cym powietrzu lub na tarasie hotelowej restauracji i korzystaj z pobytu na Krecie!<\/p>\n<h2><strong>Wydarzenia i pokazy<\/strong><\/h2>\n<ul>\n<li>Dyskoteki z did\u017cejami<\/li>\n<li>Pokazy ta\u0144ca orientalnego<\/li>\n<li>Pokazy magii<\/li>\n<li>Karaoke<\/li>\n<li>Wiecz\u00f3r z ta\u0144cami greckimi<\/li>\n<li>Muzyka na \u017cywo<\/li>\n<li>Wiecz\u00f3r quiz\u00f3w<\/li>\n<li>Wiecz\u00f3r z saksofonem<\/li>\n<\/ul>\n","protected":false},"excerpt":{"rendered":"<p>Rekreacja w Kiani Zatrzymaj si\u0119 w hotelu Kiani Beach Resort i prze\u017cyj wakacje pe\u0142ne zabawy, rado\u015bci i rekreacji. Nasz hotel <\/p>\n","protected":false},"author":1,"featured_media":84110,"parent":91973,"menu_order":0,"comment_status":"closed","ping_status":"closed","template":"templates\/template--single.php","meta":[],"acf":[],"_links":{"self":[{"href":"https:\/\/old.seacretehotels.com\/pl\/wp-json\/wp\/v2\/pages\/92116"}],"collection":[{"href":"https:\/\/old.seacretehotels.com\/pl\/wp-json\/wp\/v2\/pages"}],"about":[{"href":"https:\/\/old.seacretehotels.com\/pl\/wp-json\/wp\/v2\/types\/page"}],"author":[{"embeddable":true,"href":"https:\/\/old.seacretehotels.com\/pl\/wp-json\/wp\/v2\/users\/1"}],"replies":[{"embeddable":true,"href":"https:\/\/old.seacretehotels.com\/pl\/wp-json\/wp\/v2\/comments?post=92116"}],"version-history":[{"count":3,"href":"https:\/\/old.seacretehotels.com\/pl\/wp-json\/wp\/v2\/pages\/92116\/revisions"}],"predecessor-version":[{"id":92541,"href":"https:\/\/old.seacretehotels.com\/pl\/wp-json\/wp\/v2\/pages\/92116\/revisions\/92541"}],"up":[{"embeddable":true,"href":"https:\/\/old.seacretehotels.com\/pl\/wp-json\/wp\/v2\/pages\/91973"}],"wp:featuredmedia":[{"embeddable":true,"href":"https:\/\/old.seacretehotels.com\/pl\/wp-json\/wp\/v2\/media\/84110"}],"wp:attachment":[{"href":"https:\/\/old.seacretehotels.com\/pl\/wp-json\/wp\/v2\/media?parent=92116"}],"curies":[{"name":"wp","href":"https:\/\/api.w.org\/{rel}","templated":true}]}}