
  
{"id":92106,"date":"2016-03-11T18:07:28","date_gmt":"2016-03-11T16:07:28","guid":{"rendered":"https:\/\/old.seacretehotels.com\/kianibeachresort\/business\/"},"modified":"2022-12-16T15:54:15","modified_gmt":"2022-12-16T13:54:15","slug":"business","status":"publish","type":"page","link":"https:\/\/old.seacretehotels.com\/pl\/kianibeachresort\/business\/","title":{"rendered":"Kiani Meetings"},"content":{"rendered":"<h1>Spotkania w Kiani<\/h1>\n<h2><strong>Atrakcje w Kiani Beach Resort<\/strong><\/h2>\n<p>Kiani Beach Resort oferuje w pe\u0142ni wyposa\u017cone w sprz\u0119t techniczny centrum konferencyjne do organizacji spotka\u0144 biznesowych, konferencji czy event\u00f3w. Niezale\u017cnie od tego, czy chcesz wzi\u0105\u0107 udzia\u0142 w wa\u017cnym spotkaniu biznesowym, du\u017cej konferencji, czy \u015bwi\u0119towa\u0107 osobisty sukces z rodzin\u0105 i przyjaci\u00f3\u0142mi podczas wakacji, troskliwy personel naszego hotelu zrealizuje wszystkie Twoje pragnienia. Nasze obiekty odpowiedz\u0105 na wszystkie potrzeby biznesowe naszych go\u015bci, gdy\u017c s\u0105 wyposa\u017cone w szybki Internet \u015bwiat\u0142owodowy, aby zapewni\u0107 p\u0142ynn\u0105 organizacj\u0119 ka\u017cdego wydarzenia.<\/p>\n","protected":false},"excerpt":{"rendered":"<p>Spotkania w Kiani Atrakcje w Kiani Beach Resort Kiani Beach Resort oferuje w pe\u0142ni wyposa\u017cone w sprz\u0119t techniczny centrum konferencyjne <\/p>\n","protected":false},"author":1,"featured_media":84074,"parent":91973,"menu_order":0,"comment_status":"closed","ping_status":"closed","template":"templates\/template--single.php","meta":[],"acf":[],"_links":{"self":[{"href":"https:\/\/old.seacretehotels.com\/pl\/wp-json\/wp\/v2\/pages\/92106"}],"collection":[{"href":"https:\/\/old.seacretehotels.com\/pl\/wp-json\/wp\/v2\/pages"}],"about":[{"href":"https:\/\/old.seacretehotels.com\/pl\/wp-json\/wp\/v2\/types\/page"}],"author":[{"embeddable":true,"href":"https:\/\/old.seacretehotels.com\/pl\/wp-json\/wp\/v2\/users\/1"}],"replies":[{"embeddable":true,"href":"https:\/\/old.seacretehotels.com\/pl\/wp-json\/wp\/v2\/comments?post=92106"}],"version-history":[{"count":3,"href":"https:\/\/old.seacretehotels.com\/pl\/wp-json\/wp\/v2\/pages\/92106\/revisions"}],"predecessor-version":[{"id":92250,"href":"https:\/\/old.seacretehotels.com\/pl\/wp-json\/wp\/v2\/pages\/92106\/revisions\/92250"}],"up":[{"embeddable":true,"href":"https:\/\/old.seacretehotels.com\/pl\/wp-json\/wp\/v2\/pages\/91973"}],"wp:featuredmedia":[{"embeddable":true,"href":"https:\/\/old.seacretehotels.com\/pl\/wp-json\/wp\/v2\/media\/84074"}],"wp:attachment":[{"href":"https:\/\/old.seacretehotels.com\/pl\/wp-json\/wp\/v2\/media?parent=92106"}],"curies":[{"name":"wp","href":"https:\/\/api.w.org\/{rel}","templated":true}]}}