
  
{"id":92101,"date":"2016-03-08T17:33:07","date_gmt":"2016-03-08T15:33:07","guid":{"rendered":"https:\/\/old.seacretehotels.com\/kianibeachresort\/location-map\/"},"modified":"2022-12-16T16:10:58","modified_gmt":"2022-12-16T14:10:58","slug":"location-map","status":"publish","type":"page","link":"https:\/\/old.seacretehotels.com\/pl\/kianibeachresort\/location-map\/","title":{"rendered":"Kiani Location &#038; Map"},"content":{"rendered":"<p><strong>Lokalizacja i mapa:<\/strong><br \/>\nKiani Beach Resort po\u0142o\u017cony jest w odosobnionym miejscu w pobli\u017cu nadmorskiej miejscowo\u015bci Kalyves, w regionie Apokoronas, w odleg\u0142o\u015bci 20 km od Chanii, w pobli\u017cu lotniska. Po\u0142o\u017cony przy pla\u017cy, z widokiem na g\u00f3ry i morze, ten pi\u0119kny o\u015brodek gwarantuje relaksuj\u0105cy urlop na Krecie. W pobli\u017cu hotelu znajduje si\u0119 r\u00f3wnie\u017c wioska i pla\u017ca Kalyves na przyl\u0105dku Drapanos, a tak\u017ce miasto Almyrida z kilkoma sklepami, tawernami, restauracjami i zapleczem do uprawiania sport\u00f3w wodnych.<\/p>\n<p>&nbsp;<\/p>\n<p><strong>Przydatne linki<\/strong><\/p>\n<ul>\n<li>Niesamowita Kreta\u00a0<a href=\"http:\/\/www.incrediblecrete.gr\/\">www.incrediblecrete.gr<\/a><\/li>\n<li>Pla\u017ce Krety\u00a0<a href=\"http:\/\/www.cretanbeaches.com\/en\/\">www.cretanbeaches.com<\/a><\/li>\n<li>Gmina Chania\u00a0<a href=\"http:\/\/www.chania.gr\/\">www.chania.gr<\/a><\/li>\n<li>Staro\u017cytne miasto\u00a0<a href=\"https:\/\/en.wikipedia.org\/wiki\/Aptera,_Greece\">Aptera<\/a><\/li>\n<li>Linie lotnicze Aegean Airlines\u00a0<a href=\"https:\/\/www.aegeanair.com\/\">www.aegeanair.com<\/a><\/li>\n<li>Linie lotnicze EasyJet\u00a0<a href=\"http:\/\/www.easyjet.com\/\">www.easyjet.com<\/a><\/li>\n<li>Linie lotnicze Ryanair\u00a0<a href=\"https:\/\/www.ryanair.com\/\">www.ryanair.com<\/a><\/li>\n<li>Linie lotnicze British Airways\u00a0<a href=\"https:\/\/www.britishairways.com\/\">www.britishairways.com<\/a><\/li>\n<li>Linie lotnicze Norwegian Air\u00a0<a href=\"https:\/\/www.norwegian.com\/\">www.norwegian.com<\/a><\/li>\n<\/ul>\n<p>&nbsp;<\/p>\n","protected":false},"excerpt":{"rendered":"<p>Lokalizacja i mapa: Kiani Beach Resort po\u0142o\u017cony jest w odosobnionym miejscu w pobli\u017cu nadmorskiej miejscowo\u015bci Kalyves, w regionie Apokoronas, w <\/p>\n","protected":false},"author":1,"featured_media":84265,"parent":91973,"menu_order":0,"comment_status":"closed","ping_status":"closed","template":"templates\/template--location.php","meta":[],"acf":[],"_links":{"self":[{"href":"https:\/\/old.seacretehotels.com\/pl\/wp-json\/wp\/v2\/pages\/92101"}],"collection":[{"href":"https:\/\/old.seacretehotels.com\/pl\/wp-json\/wp\/v2\/pages"}],"about":[{"href":"https:\/\/old.seacretehotels.com\/pl\/wp-json\/wp\/v2\/types\/page"}],"author":[{"embeddable":true,"href":"https:\/\/old.seacretehotels.com\/pl\/wp-json\/wp\/v2\/users\/1"}],"replies":[{"embeddable":true,"href":"https:\/\/old.seacretehotels.com\/pl\/wp-json\/wp\/v2\/comments?post=92101"}],"version-history":[{"count":2,"href":"https:\/\/old.seacretehotels.com\/pl\/wp-json\/wp\/v2\/pages\/92101\/revisions"}],"predecessor-version":[{"id":92103,"href":"https:\/\/old.seacretehotels.com\/pl\/wp-json\/wp\/v2\/pages\/92101\/revisions\/92103"}],"up":[{"embeddable":true,"href":"https:\/\/old.seacretehotels.com\/pl\/wp-json\/wp\/v2\/pages\/91973"}],"wp:featuredmedia":[{"embeddable":true,"href":"https:\/\/old.seacretehotels.com\/pl\/wp-json\/wp\/v2\/media\/84265"}],"wp:attachment":[{"href":"https:\/\/old.seacretehotels.com\/pl\/wp-json\/wp\/v2\/media?parent=92101"}],"curies":[{"name":"wp","href":"https:\/\/api.w.org\/{rel}","templated":true}]}}