
  
{"id":92097,"date":"2016-03-11T18:14:53","date_gmt":"2016-03-11T16:14:53","guid":{"rendered":"https:\/\/old.seacretehotels.com\/kianibeachresort\/gym\/"},"modified":"2022-12-16T15:46:58","modified_gmt":"2022-12-16T13:46:58","slug":"gym","status":"publish","type":"page","link":"https:\/\/old.seacretehotels.com\/pl\/kianibeachresort\/gym\/","title":{"rendered":"Kiani Gym &#038; Steam"},"content":{"rendered":"<h1><strong>\u0141a\u017ania i si\u0142ownia<\/strong><\/h1>\n<p>W naszym hotelu go\u015bcie maj\u0105 mo\u017cliwo\u015b\u0107 uprawiania sport\u00f3w oraz zrelaksowania si\u0119 w \u0142a\u017ani parowej na wakacjach. Skorzystaj z sesji \u0107wicze\u0144 sportowych w naszej w pe\u0142ni wyposa\u017conej si\u0142owni oraz uwolnij zmys\u0142y w naszej \u0142a\u017ani tureckiej.<\/p>\n<h2><strong>Si\u0142ownia<\/strong><\/h2>\n<p>Bezp\u0142atny dost\u0119p do si\u0142owni<\/p>\n<h2><strong>\u0141a\u017ania turecka<\/strong><\/h2>\n<p>To k\u0105piel parowa, kt\u00f3ra czyni cuda w zakresie zmi\u0119kczania sk\u00f3ry, relaksowania umys\u0142u i otwierania por\u00f3w w celu g\u0142\u0119bokiego oczyszczenia.<\/p>\n","protected":false},"excerpt":{"rendered":"<p>\u0141a\u017ania i si\u0142ownia W naszym hotelu go\u015bcie maj\u0105 mo\u017cliwo\u015b\u0107 uprawiania sport\u00f3w oraz zrelaksowania si\u0119 w \u0142a\u017ani parowej na wakacjach. Skorzystaj <\/p>\n","protected":false},"author":1,"featured_media":88605,"parent":91973,"menu_order":0,"comment_status":"closed","ping_status":"closed","template":"templates\/template--single.php","meta":[],"acf":[],"_links":{"self":[{"href":"https:\/\/old.seacretehotels.com\/pl\/wp-json\/wp\/v2\/pages\/92097"}],"collection":[{"href":"https:\/\/old.seacretehotels.com\/pl\/wp-json\/wp\/v2\/pages"}],"about":[{"href":"https:\/\/old.seacretehotels.com\/pl\/wp-json\/wp\/v2\/types\/page"}],"author":[{"embeddable":true,"href":"https:\/\/old.seacretehotels.com\/pl\/wp-json\/wp\/v2\/users\/1"}],"replies":[{"embeddable":true,"href":"https:\/\/old.seacretehotels.com\/pl\/wp-json\/wp\/v2\/comments?post=92097"}],"version-history":[{"count":4,"href":"https:\/\/old.seacretehotels.com\/pl\/wp-json\/wp\/v2\/pages\/92097\/revisions"}],"predecessor-version":[{"id":92249,"href":"https:\/\/old.seacretehotels.com\/pl\/wp-json\/wp\/v2\/pages\/92097\/revisions\/92249"}],"up":[{"embeddable":true,"href":"https:\/\/old.seacretehotels.com\/pl\/wp-json\/wp\/v2\/pages\/91973"}],"wp:featuredmedia":[{"embeddable":true,"href":"https:\/\/old.seacretehotels.com\/pl\/wp-json\/wp\/v2\/media\/88605"}],"wp:attachment":[{"href":"https:\/\/old.seacretehotels.com\/pl\/wp-json\/wp\/v2\/media?parent=92097"}],"curies":[{"name":"wp","href":"https:\/\/api.w.org\/{rel}","templated":true}]}}