
  
{"id":92093,"date":"2016-03-15T13:33:14","date_gmt":"2016-03-15T11:33:14","guid":{"rendered":"https:\/\/old.seacretehotels.com\/kianibeachresort\/fitness-sports\/"},"modified":"2022-12-16T16:03:00","modified_gmt":"2022-12-16T14:03:00","slug":"fitness-sports","status":"publish","type":"page","link":"https:\/\/old.seacretehotels.com\/pl\/kianibeachresort\/fitness-sports\/","title":{"rendered":"Kiani Fitness &#038; Sports"},"content":{"rendered":"<h2><strong>Zaj\u0119cia sportowe i fitness<\/strong><\/h2>\n<p>&nbsp;<\/p>\n<h2><strong>Sprawd\u017a swoje granice, rywalizuj ze znajomymi lub po\u0107wicz w idyllicznym otoczeniu Kiani Beach Resort.<\/strong><\/h2>\n<p>Zadbaj o form\u0119 podczas wakacji dzi\u0119ki treningowi fitness i ekscytuj\u0105cym \u0107wiczeniom jogi, pilatesu, zumby, aqua aerobiku oraz porannym sesjom rozci\u0105gania. Si\u0142ownia jest r\u00f3wnie\u017c dost\u0119pna do codziennych \u0107wicze\u0144. Dla go\u015bci najbardziej spragnionych przyg\u00f3d hotel oferuje wyb\u00f3r rower\u00f3w g\u00f3rskich, kt\u00f3re pozwol\u0105 odkrywa\u0107 pi\u0119kno natury krok po kroku. Piesze wycieczki i trekking to r\u00f3wnie\u017c jedno z g\u0142\u00f3wnych proponowanych przez nas zaj\u0119\u0107, poniewa\u017c obszar ten jest pe\u0142en majestatycznych krajobraz\u00f3w i malowniczych wiosek, kt\u00f3re warto odkry\u0107.<\/p>\n<ul>\n<li>Tenis: 1 h dziennie (wymagana uprzednia rezerwacja)<\/li>\n<li>Si\u0142ownia: Bezp\u0142atny dost\u0119p do si\u0142owni (po rezerwacji godziny na recepcji)<\/li>\n<li>Ping Pong: 1 h dziennie (wymagana uprzednia rezerwacja)<\/li>\n<li>Bezp\u0142atna siatk\u00f3wka pla\u017cowa<\/li>\n<li>Bezp\u0142atna mini pi\u0142ka no\u017cna\/pi\u0142ka no\u017cna<\/li>\n<li>Nauka p\u0142ywania \u2013 w ka\u017cdy czwartek i sobot\u0119 (16.00 \u2013 17.00)<\/li>\n<\/ul>\n<p><strong>Trening osobisty (us\u0142uga p\u0142atna)<br \/>\n<\/strong><br \/>\nW hotelu Kiani Beach Resort mamy przyjemno\u015b\u0107 zaoferowa\u0107 Pa\u0144stwu us\u0142ug\u0119 treningu personalnego prowadzon\u0105 przez naszego wykwalifikowanego osobistego trenera. Nasi trenerzy dostosuj\u0105 treningi do Twoich potrzeb i b\u0119d\u0105 je prowadzi\u0107 w bezpieczny spos\u00f3b niezale\u017cnie od stanu Twojej kondycji fizycznej.<\/p>\n<p><strong>Wybierz spo\u015br\u00f3d sesji treningowych trwaj\u0105cych 40 lub 60 minut i obejmuj\u0105cych szeroki zakres technik, takich jak:<\/strong><\/p>\n<ul>\n<li>Joga<\/li>\n<li>Pilates na macie lub z rekwizytami<\/li>\n<li>\u0106wiczenia na ca\u0142e cia\u0142o<\/li>\n<li>\u0106wiczenia na g\u00f3rn\u0105 cz\u0119\u015b\u0107 cia\u0142a<\/li>\n<li>\u0106wiczenia na nogi i mi\u0119\u015bnie brzucha<\/li>\n<li>Trening obwodowy \/ przekrojowy HIIT<\/li>\n<li>Fitball<\/li>\n<li>Rozci\u0105ganie<\/li>\n<\/ul>\n<p><strong>Aby uzyska\u0107 wi\u0119cej informacji, m.in na temat obowi\u0105zuj\u0105cego cennika, zarezerwuj godzin\u0119 zaj\u0119\u0107 na recepcji g\u0142\u00f3wnej.<\/strong><\/p>\n","protected":false},"excerpt":{"rendered":"<p>Zaj\u0119cia sportowe i fitness &nbsp; Sprawd\u017a swoje granice, rywalizuj ze znajomymi lub po\u0107wicz w idyllicznym otoczeniu Kiani Beach Resort. Zadbaj <\/p>\n","protected":false},"author":1,"featured_media":84197,"parent":91973,"menu_order":0,"comment_status":"closed","ping_status":"closed","template":"templates\/template--single.php","meta":[],"acf":[],"_links":{"self":[{"href":"https:\/\/old.seacretehotels.com\/pl\/wp-json\/wp\/v2\/pages\/92093"}],"collection":[{"href":"https:\/\/old.seacretehotels.com\/pl\/wp-json\/wp\/v2\/pages"}],"about":[{"href":"https:\/\/old.seacretehotels.com\/pl\/wp-json\/wp\/v2\/types\/page"}],"author":[{"embeddable":true,"href":"https:\/\/old.seacretehotels.com\/pl\/wp-json\/wp\/v2\/users\/1"}],"replies":[{"embeddable":true,"href":"https:\/\/old.seacretehotels.com\/pl\/wp-json\/wp\/v2\/comments?post=92093"}],"version-history":[{"count":2,"href":"https:\/\/old.seacretehotels.com\/pl\/wp-json\/wp\/v2\/pages\/92093\/revisions"}],"predecessor-version":[{"id":92095,"href":"https:\/\/old.seacretehotels.com\/pl\/wp-json\/wp\/v2\/pages\/92093\/revisions\/92095"}],"up":[{"embeddable":true,"href":"https:\/\/old.seacretehotels.com\/pl\/wp-json\/wp\/v2\/pages\/91973"}],"wp:featuredmedia":[{"embeddable":true,"href":"https:\/\/old.seacretehotels.com\/pl\/wp-json\/wp\/v2\/media\/84197"}],"wp:attachment":[{"href":"https:\/\/old.seacretehotels.com\/pl\/wp-json\/wp\/v2\/media?parent=92093"}],"curies":[{"name":"wp","href":"https:\/\/api.w.org\/{rel}","templated":true}]}}