
  
{"id":92089,"date":"2016-03-09T18:43:53","date_gmt":"2016-03-09T16:43:53","guid":{"rendered":"https:\/\/old.seacretehotels.com\/kianibeachresort\/family-holidays\/"},"modified":"2022-12-19T17:35:04","modified_gmt":"2022-12-19T15:35:04","slug":"family-holidays","status":"publish","type":"page","link":"https:\/\/old.seacretehotels.com\/pl\/kianibeachresort\/family-holidays\/","title":{"rendered":"Kiani Family Vacation"},"content":{"rendered":"<h1>Niezapomniany urlop dla ca\u0142ej rodziny na Krecie<\/h1>\n<p>Kiani Beach Resort w Chanii oferuje szerok\u0105 gam\u0119 udogodnie\u0144 i obiekt\u00f3w dla dzieci, dzi\u0119ki kt\u00f3rym rodzinne wakacje na Krecie b\u0119d\u0105 niezapomnianym do\u015bwiadczeniem. Rodzice b\u0119d\u0105 mogli odpr\u0119\u017cy\u0107 si\u0119 podczas p\u0142ywania, podczas gdy dzieci b\u0119d\u0105 pluska\u0107 si\u0119 w specjalnie zaprojektowanym basenie dla dzieci w jednym z najlepszych rodzinnych kurort\u00f3w na Krecie lub sp\u0119dza\u0107 czas na sk\u0105panej w s\u0142o\u0144cu pla\u017cy. Idealny na ekscytuj\u0105ce rodzinne wakacje w Chanii, Kiani Beach Resort oferuje wszystko to co jest potrzebne, aby sp\u0119dzi\u0107 luksusowy, rodzinny wypoczynek.<\/p>\n<h2><strong>5-gwiazdkowy hotel przy pla\u017cy z klubem dla dzieci w Chanii<\/strong><\/h2>\n<p>Ten czaruj\u0105cy i przyjazny dzieciom o\u015brodek w wiosce Kalyves na Krecie oferuje eklektyczn\u0105 gam\u0119 rozrywek, sport\u00f3w oraz sport\u00f3w wodnych, a tak\u017ce zaj\u0119cia rekreacyjne zar\u00f3wno dla dzieci, jak i doros\u0142ych. Dzieci mog\u0105 wzi\u0105\u0107 udzia\u0142 we wspania\u0142ym,\u00a0hotelowym <a href=\"https:\/\/old.seacretehotels.com\/pl\/kianibeachresort\/kids-club-outdoors\/\">klubie dla dzieci w Chanii<\/a> na Krecie, a tak\u017ce w mini dyskotece oraz cieszy\u0107 si\u0119 wakacjami na pla\u017cy. Do\u015bwiadczony i profesjonalny hotelowy zesp\u00f3\u0142 animator\u00f3w zadba o to, aby wszystkie dzieci mia\u0142y \u015bwietn\u0105 rozrywk\u0119 przez ca\u0142y dzie\u0144. Od zabaw organizowanych w specjalnie zaprojektowanym basenie dla dzieci po malowanie twarzy i zabawy w poszukiwanie skarb\u00f3w, filmy i sesje taneczne w naszej mini dyskotece, nasi najm\u0142odsi go\u015bcie poczuj\u0105 si\u0119 u nas jak w raju.<\/p>\n<h3><strong>Niezapomniane wakacje dla ca\u0142ej rodziny na Krecie<\/strong><\/h3>\n<p>Rodziny przebywaj\u0105ce w Kiani Beach Resort mog\u0105 sp\u0119dzi\u0107 najlepsze rodzinne wakacje w Chanii w jednym z najbardziej wyj\u0105tkowych, rodzinnych kurort\u00f3w na Krecie w Grecji. Sp\u0119d\u017a relaksuj\u0105cy urlop ze swoj\u0105 drug\u0105 po\u0142\u00f3wk\u0105, podczas gdy Twoje dzieci b\u0119d\u0105 bawi\u0107 si\u0119 pod opiek\u0105 lub sp\u0119d\u017a wakacje z rodzin\u0105 na pla\u017cy. Kiani Beach Resort oferuje klub dla dzieci w hotelu, klub dla dzieci na \u015bwie\u017cym powietrzu, a tak\u017ce obiekty i us\u0142ugi dla ma\u0142ych dzieci i niemowl\u0105t, dzi\u0119ki kt\u00f3rym rodzinne wakacje w Chanii b\u0119d\u0105 czym\u015b wi\u0119cej ni\u017c tylko wspomnieniem.<\/p>\n<h4><strong>Obiekty i us\u0142ugi<\/strong><\/h4>\n<ul>\n<li>Dwa place zabaw dla dzieci<\/li>\n<li>2 baseny dla dzieci<\/li>\n<li>Zamek dmuchany do skakania<\/li>\n<li>Wysokie krzes\u0142a w restauracji<\/li>\n<li>Program animacyjny i klub dla dzieci przez 6 dni w tygodniu<\/li>\n<li>Mini-dyskoteka<\/li>\n<li>Jazda na osio\u0142ku<\/li>\n<li>Malowanie twarzy<\/li>\n<\/ul>\n","protected":false},"excerpt":{"rendered":"<p>Niezapomniany urlop dla ca\u0142ej rodziny na Krecie Kiani Beach Resort w Chanii oferuje szerok\u0105 gam\u0119 udogodnie\u0144 i obiekt\u00f3w dla dzieci, <\/p>\n","protected":false},"author":1,"featured_media":90265,"parent":91973,"menu_order":0,"comment_status":"closed","ping_status":"closed","template":"templates\/template--single.php","meta":[],"acf":[],"_links":{"self":[{"href":"https:\/\/old.seacretehotels.com\/pl\/wp-json\/wp\/v2\/pages\/92089"}],"collection":[{"href":"https:\/\/old.seacretehotels.com\/pl\/wp-json\/wp\/v2\/pages"}],"about":[{"href":"https:\/\/old.seacretehotels.com\/pl\/wp-json\/wp\/v2\/types\/page"}],"author":[{"embeddable":true,"href":"https:\/\/old.seacretehotels.com\/pl\/wp-json\/wp\/v2\/users\/1"}],"replies":[{"embeddable":true,"href":"https:\/\/old.seacretehotels.com\/pl\/wp-json\/wp\/v2\/comments?post=92089"}],"version-history":[{"count":3,"href":"https:\/\/old.seacretehotels.com\/pl\/wp-json\/wp\/v2\/pages\/92089\/revisions"}],"predecessor-version":[{"id":92546,"href":"https:\/\/old.seacretehotels.com\/pl\/wp-json\/wp\/v2\/pages\/92089\/revisions\/92546"}],"up":[{"embeddable":true,"href":"https:\/\/old.seacretehotels.com\/pl\/wp-json\/wp\/v2\/pages\/91973"}],"wp:featuredmedia":[{"embeddable":true,"href":"https:\/\/old.seacretehotels.com\/pl\/wp-json\/wp\/v2\/media\/90265"}],"wp:attachment":[{"href":"https:\/\/old.seacretehotels.com\/pl\/wp-json\/wp\/v2\/media?parent=92089"}],"curies":[{"name":"wp","href":"https:\/\/api.w.org\/{rel}","templated":true}]}}