
  
{"id":92085,"date":"2016-03-07T17:31:48","date_gmt":"2016-03-07T15:31:48","guid":{"rendered":"https:\/\/old.seacretehotels.com\/kianibeachresort\/facilities\/"},"modified":"2022-12-19T17:03:30","modified_gmt":"2022-12-19T15:03:30","slug":"facilities","status":"publish","type":"page","link":"https:\/\/old.seacretehotels.com\/pl\/kianibeachresort\/facilities\/","title":{"rendered":"Kiani Facilities Overview"},"content":{"rendered":"<h1>Ekskluzywne obiekty hotelowe w Chanii<\/h1>\n<p>&nbsp;<\/p>\n<p>Kiani Beach Resort oferuje szerok\u0105 gam\u0119 mo\u017cliwo\u015bci sp\u0119dzania wolnego czasu i rozrywki dla ka\u017cdego. Od krystalicznie czystych basen\u00f3w, przez najwy\u017cszej klasy zaj\u0119cia sportowe i fitness, porywaj\u0105ce treningi i piesze wycieczki, a\u017c po wieczorne programy z ta\u0144cem, karaoke, pokazami, lekcjami i wydarzeniami na \u017cywo, ka\u017cda godzina jest u nas wype\u0142niona przyjemn\u0105 rozrywk\u0105.<\/p>\n<p>&nbsp;<\/p>\n<h2>Obiekt hotelowy przyjazny dzieciom na Krecie<\/h2>\n<p>Nasz rodzinny o\u015brodek gwarantuje niezapomniane wakacje dla doros\u0142ych oraz dzieci. Oferujemy specjalnie zaprojektowany basen wraz z klubem oraz mini-dyskotek\u0105 dla naszych najm\u0142odszych go\u015bci. Korzystaj z wypoczynku na pla\u017cy, w czasie gdy Twoje dzieci b\u0119d\u0105 bezpiecznie bawi\u0107 si\u0119 pod okiem naszych animator\u00f3w lub sp\u0119d\u017a czas z rodzin\u0105 bior\u0105c udzia\u0142 w oferowanych przez nas zaj\u0119ciach.<\/p>\n<p>&nbsp;<\/p>\n<h2>Ekskluzywne obiekty do prowadzenia konferencji i wydarze\u0144 firmowych<\/h2>\n<p>Sukces to s\u0142owo,kt\u00f3re nie zna przerw, ale na szcz\u0119\u015bcie w czasie urlopu mo\u017cna zrobi\u0107 sobie przerw\u0119, aby zagwarantowa\u0107 sukces swojej firmy. W naszym hotelu Kiani Beach Resort mo\u017cemy zorganizowa\u0107 wspania\u0142e spotkania, konferencje oraz wydarzenia prywatne, aby zapewni\u0107 bezproblemowe dzia\u0142anie Twojej firmy. \u015awi\u0119tuj wyj\u0105tkow\u0105 okazj\u0119 lub zorganizuj wa\u017cn\u0105 konferencj\u0119 b\u0119d\u0105c na wakacjach, a my zadbamy o ka\u017cdy szczeg\u00f3\u0142.<\/p>\n<p>&nbsp;<\/p>\n<h3>OBIEKTY HOTELOWE<\/h3>\n<ul>\n<li>2 baseny zewn\u0119trzne (w tym jeden z 50-metrowym torem do p\u0142ywania)<\/li>\n<li>2 baseny dla dzieci<\/li>\n<li>Podgrzewany kryty basen<\/li>\n<li>Le\u017caki i parasole przy basenie i na pla\u017cy udost\u0119pniane bezp\u0142atnie<\/li>\n<li>2 restauracje bufetowe<\/li>\n<li>Bar na pla\u017cy \u201eDionysos\u201d<\/li>\n<li>Bar przy basenie<\/li>\n<li>2 place zabaw dla dzieci z drewnianym statkiem pirackim do zabaw na \u015bwie\u017cym powietrzu<\/li>\n<li>2 si\u0142ownie, \u0142a\u017ania parowa, masa\u017ce<\/li>\n<li>Codzienny program animacyjny (aqua aerobik, mini dyskoteka, zabawy dla dzieci, zaj\u0119cia wieczorne)<\/li>\n<li>Obiekty dla dzieci<\/li>\n<li>SPA<\/li>\n<li>Sporty: tenis, siatk\u00f3wka pla\u017cowa, gra w bule, pi\u0142ka no\u017cna<\/li>\n<li>Centrum konferencyjne z obs\u0142ug\u0105 sekretariatu na \u017cyczenie<\/li>\n<li>Lekarz na wezwanie<\/li>\n<li>Salon z telewizorem<\/li>\n<li>Wyposa\u017cenie dla dzieci, takie jak w\u00f3zki-krzese\u0142ka w restauracji-kr\u00f3tkofal\u00f3wki-wanienka w pokoju-\u0142\u00f3\u017ceczko w pokoju-sterylizatory<\/li>\n<li>Transport na lotnisko taks\u00f3wk\u0105 lub minibusem za dodatkow\u0105 op\u0142at\u0105<\/li>\n<li>Ogr\u00f3dek<\/li>\n<li>Bezp\u0142atne wifi<\/li>\n<li>Sklep spo\u017cywczy<\/li>\n<li>W pobli\u017cu dworca autobusowego<\/li>\n<li>Us\u0142uga ekspresowego wymeldowania<\/li>\n<li>Prywatny, bezp\u0142atny parking<\/li>\n<li>Basen dla dzieci<\/li>\n<li>\u015aniadanie serwowane jest w godz. 8:00- 10:30<\/li>\n<li>\u015aniadanie we wcze\u015bniejszych godzinach jest serwowane na \u017cyczenie<\/li>\n<li>Komputer do u\u017cytku go\u015bci<\/li>\n<li>K\u0105cik internetowy<\/li>\n<li>Wyb\u00f3r poduszek na \u017cyczenie z materia\u0142\u00f3w organicznych lub hipoalergicznych<\/li>\n<li>\u015aniadanie podane do pokoju za dodatkow\u0105 op\u0142at\u0105<\/li>\n<li>Prywatne transfery z\/na lotnisko oraz do port\u00f3w na Krecie za dodatkow\u0105 op\u0142at\u0105<\/li>\n<li>Ca\u0142odobowa obs\u0142uga pokoju za dodatkow\u0105 op\u0142at\u0105<\/li>\n<li>Serwis sprz\u0105tania pokoju w porze popo\u0142udniowej na \u017cyczenie<\/li>\n<li>Us\u0142uga zmiany r\u0119cznik\u00f3w na \u017cyczenie<\/li>\n<li>Centrum biznesowe<\/li>\n<li>\u0141\u00f3\u017ceczko dzieci\u0119ce na \u017cyczenie<\/li>\n<li>Us\u0142uga budzenia w hotelu na \u017cyczenie<\/li>\n<li>Kort tenisowy<\/li>\n<li>Centralny sejf w recepcji za dodatkow\u0105 op\u0142at\u0105<\/li>\n<li>Recepcja ca\u0142odobowa<\/li>\n<li>Transport baga\u017cu na\/z parkingu hotelowego (parkowanie przez obs\u0142ug\u0119)<\/li>\n<li>Pok\u00f3j baga\u017cowy<\/li>\n<li>Dostarczanie \u017cywno\u015bci lub \u015bniadania klientom w specjalnych opakowaniach na \u017cyczenie<\/li>\n<li>Us\u0142ugi pralni chemicznej za dodatkow\u0105 op\u0142at\u0105<\/li>\n<\/ul>\n","protected":false},"excerpt":{"rendered":"<p>Ekskluzywne obiekty hotelowe w Chanii &nbsp; Kiani Beach Resort oferuje szerok\u0105 gam\u0119 mo\u017cliwo\u015bci sp\u0119dzania wolnego czasu i rozrywki dla ka\u017cdego. <\/p>\n","protected":false},"author":1,"featured_media":84197,"parent":91973,"menu_order":0,"comment_status":"closed","ping_status":"closed","template":"templates\/template--single.php","meta":[],"acf":[],"_links":{"self":[{"href":"https:\/\/old.seacretehotels.com\/pl\/wp-json\/wp\/v2\/pages\/92085"}],"collection":[{"href":"https:\/\/old.seacretehotels.com\/pl\/wp-json\/wp\/v2\/pages"}],"about":[{"href":"https:\/\/old.seacretehotels.com\/pl\/wp-json\/wp\/v2\/types\/page"}],"author":[{"embeddable":true,"href":"https:\/\/old.seacretehotels.com\/pl\/wp-json\/wp\/v2\/users\/1"}],"replies":[{"embeddable":true,"href":"https:\/\/old.seacretehotels.com\/pl\/wp-json\/wp\/v2\/comments?post=92085"}],"version-history":[{"count":2,"href":"https:\/\/old.seacretehotels.com\/pl\/wp-json\/wp\/v2\/pages\/92085\/revisions"}],"predecessor-version":[{"id":92087,"href":"https:\/\/old.seacretehotels.com\/pl\/wp-json\/wp\/v2\/pages\/92085\/revisions\/92087"}],"up":[{"embeddable":true,"href":"https:\/\/old.seacretehotels.com\/pl\/wp-json\/wp\/v2\/pages\/91973"}],"wp:featuredmedia":[{"embeddable":true,"href":"https:\/\/old.seacretehotels.com\/pl\/wp-json\/wp\/v2\/media\/84197"}],"wp:attachment":[{"href":"https:\/\/old.seacretehotels.com\/pl\/wp-json\/wp\/v2\/media?parent=92085"}],"curies":[{"name":"wp","href":"https:\/\/api.w.org\/{rel}","templated":true}]}}