
  
{"id":92081,"date":"2016-03-09T17:55:34","date_gmt":"2016-03-09T15:55:34","guid":{"rendered":"https:\/\/old.seacretehotels.com\/kianibeachresort\/dining-bars\/"},"modified":"2022-12-19T17:50:34","modified_gmt":"2022-12-19T15:50:34","slug":"dining-bars","status":"publish","type":"page","link":"https:\/\/old.seacretehotels.com\/pl\/kianibeachresort\/dining-bars\/","title":{"rendered":"Kiani Dining Overview"},"content":{"rendered":"<h1>Restauracje i bary w hotelu Kiani Beach<\/h1>\n<h2><strong>Przygotuj swoje kubki smakowe na apetyczn\u0105 podr\u00f3\u017c do kuchni \u015br\u00f3dziemnomorskiej i krete\u0144skiej.<\/strong><\/h2>\n<p>Delektuj si\u0119 wy\u015bmienitymi przepisami przygotowanymi z naj\u015bwie\u017cszych lokalnych sk\u0142adnik\u00f3w i pozw\u00f3l naszym szefom kuchni uwie\u015b\u0107 Twoje zmys\u0142y najbardziej intryguj\u0105cymi smakami i aromatami. Kiani Beach Resort zaprasza go\u015bci na pyszne \u015bniadanie ze \u015bwie\u017cym sokiem pomara\u0144czowym z ekologicznych pomara\u0144czy, delektowanie si\u0119 pysznymi posi\u0142kami na tarasowej restauracji bufetowej Symposium lub lekkimi przek\u0105skami i orze\u017awiaj\u0105cymi koktajlami w o\u017cywczej atmosferze naszego baru na pla\u017cy Dionysos,z widokiem na bezkresne morze krete\u0144skie. R\u00f3\u017cnorodne gor\u0105ce i zimne przek\u0105ski, kanapki, wypieki, a tak\u017ce owoce i sa\u0142atki lokalnej produkcji b\u0119d\u0105 dost\u0119pne w nast\u0119puj\u0105cych godzinach: Przedpo\u0142udnie ( godz. 11:00 \u2013 12:00) Po po\u0142udniu ( godz. 16:00 \u2013 18:00) Lody dost\u0119pne s\u0105 w porze obiadu i kolacji (w formie bufetu) oraz w godzinach 11:00 \u2013 12:00 i 16:00 -18:00 (w barze Dionysos na pla\u017cy). Kanapki na wycieczki: s\u0105 wydawane na \u017cyczenie w recepcji. Go\u015bcie musz\u0105 dokona\u0107 rezerwacji z jednodniowym wyprzedzeniem do godziny 19:00.<\/p>\n","protected":false},"excerpt":{"rendered":"<p>Restauracje i bary w hotelu Kiani Beach Przygotuj swoje kubki smakowe na apetyczn\u0105 podr\u00f3\u017c do kuchni \u015br\u00f3dziemnomorskiej i krete\u0144skiej. Delektuj <\/p>\n","protected":false},"author":1,"featured_media":88595,"parent":91973,"menu_order":0,"comment_status":"closed","ping_status":"closed","template":"templates\/template--single.php","meta":[],"acf":[],"_links":{"self":[{"href":"https:\/\/old.seacretehotels.com\/pl\/wp-json\/wp\/v2\/pages\/92081"}],"collection":[{"href":"https:\/\/old.seacretehotels.com\/pl\/wp-json\/wp\/v2\/pages"}],"about":[{"href":"https:\/\/old.seacretehotels.com\/pl\/wp-json\/wp\/v2\/types\/page"}],"author":[{"embeddable":true,"href":"https:\/\/old.seacretehotels.com\/pl\/wp-json\/wp\/v2\/users\/1"}],"replies":[{"embeddable":true,"href":"https:\/\/old.seacretehotels.com\/pl\/wp-json\/wp\/v2\/comments?post=92081"}],"version-history":[{"count":3,"href":"https:\/\/old.seacretehotels.com\/pl\/wp-json\/wp\/v2\/pages\/92081\/revisions"}],"predecessor-version":[{"id":92549,"href":"https:\/\/old.seacretehotels.com\/pl\/wp-json\/wp\/v2\/pages\/92081\/revisions\/92549"}],"up":[{"embeddable":true,"href":"https:\/\/old.seacretehotels.com\/pl\/wp-json\/wp\/v2\/pages\/91973"}],"wp:featuredmedia":[{"embeddable":true,"href":"https:\/\/old.seacretehotels.com\/pl\/wp-json\/wp\/v2\/media\/88595"}],"wp:attachment":[{"href":"https:\/\/old.seacretehotels.com\/pl\/wp-json\/wp\/v2\/media?parent=92081"}],"curies":[{"name":"wp","href":"https:\/\/api.w.org\/{rel}","templated":true}]}}