
  
{"id":92072,"date":"2016-03-15T13:48:10","date_gmt":"2016-03-15T11:48:10","guid":{"rendered":"https:\/\/old.seacretehotels.com\/kianibeachresort\/baby-care\/"},"modified":"2022-12-19T17:02:00","modified_gmt":"2022-12-19T15:02:00","slug":"baby-care","status":"publish","type":"page","link":"https:\/\/old.seacretehotels.com\/pl\/kianibeachresort\/baby-care\/","title":{"rendered":"Kiani Children 0-4 &#038; 4-12"},"content":{"rendered":"<h1>Dzieci w wieku 0-4 lata oraz 4-12 lat<\/h1>\n<p>&nbsp;<\/p>\n<p>W Kiani Beach Hotel dobrze wiemy, \u017ce rodzinne wakacje mog\u0105 by\u0107 bardziej m\u0119cz\u0105ce ni\u017c odpoczynek, je\u015bli podr\u00f3\u017cuje si\u0119 z niemowl\u0119ciem lub ma\u0142ym dzieckiem. Opr\u00f3cz tego, \u017ce stale nale\u017cy by\u0107 czujnym, nale\u017cy te\u017c mie\u0107 przy sobie wiele rzeczy, aby zaspokaja\u0107 potrzeby dzieci. Maj\u0105c to na uwadze, jeste\u015bmy przygotowani, aby zapewni\u0107 naszym go\u015bciom z ma\u0142ymi dzie\u0107mi wszystko to, czego ich dzieci mog\u0105 potrzebowa\u0107 w czasie wakacji, aby zagwarantowa\u0107 beztroski pobyt w naszym hotelu ca\u0142ej rodzinie. Komfort naszych go\u015bci oraz ich dzieci jest dla nas bardzo wa\u017cny, dlatego do\u0142o\u017cyli\u015bmy wszelkich stara\u0144, aby nasi go\u015bcie oraz ich dzieci byli zadowoleni i u\u015bmiechni\u0119ci w czasie pobytu w naszym hotelu. Ciesz si\u0119 wraz ze swoim dzieckiem wakacjami bez konieczno\u015bci martwienia si\u0119 o cokolwiek!<\/p>\n<h2>Zapewnimy Ci wszystko to, co b\u0119dzie Ci potrzebne, m.in:<\/h2>\n<ul>\n<li>W\u00f3zki dla dzieci<\/li>\n<li>Wysokie krzes\u0142a w restauracji<\/li>\n<li>Kr\u00f3tkofal\u00f3wk\u0119<\/li>\n<li>Wanienk\u0119 dla dziecka w pokoju<\/li>\n<li>\u0141\u00f3\u017ceczko dla dziecka w pokoju<\/li>\n<li>Sterylizatory<\/li>\n<\/ul>\n","protected":false},"excerpt":{"rendered":"<p>Dzieci w wieku 0-4 lata oraz 4-12 lat &nbsp; W Kiani Beach Hotel dobrze wiemy, \u017ce rodzinne wakacje mog\u0105 by\u0107 <\/p>\n","protected":false},"author":1,"featured_media":90259,"parent":91973,"menu_order":0,"comment_status":"closed","ping_status":"closed","template":"templates\/template--single.php","meta":[],"acf":[],"_links":{"self":[{"href":"https:\/\/old.seacretehotels.com\/pl\/wp-json\/wp\/v2\/pages\/92072"}],"collection":[{"href":"https:\/\/old.seacretehotels.com\/pl\/wp-json\/wp\/v2\/pages"}],"about":[{"href":"https:\/\/old.seacretehotels.com\/pl\/wp-json\/wp\/v2\/types\/page"}],"author":[{"embeddable":true,"href":"https:\/\/old.seacretehotels.com\/pl\/wp-json\/wp\/v2\/users\/1"}],"replies":[{"embeddable":true,"href":"https:\/\/old.seacretehotels.com\/pl\/wp-json\/wp\/v2\/comments?post=92072"}],"version-history":[{"count":3,"href":"https:\/\/old.seacretehotels.com\/pl\/wp-json\/wp\/v2\/pages\/92072\/revisions"}],"predecessor-version":[{"id":92239,"href":"https:\/\/old.seacretehotels.com\/pl\/wp-json\/wp\/v2\/pages\/92072\/revisions\/92239"}],"up":[{"embeddable":true,"href":"https:\/\/old.seacretehotels.com\/pl\/wp-json\/wp\/v2\/pages\/91973"}],"wp:featuredmedia":[{"embeddable":true,"href":"https:\/\/old.seacretehotels.com\/pl\/wp-json\/wp\/v2\/media\/90259"}],"wp:attachment":[{"href":"https:\/\/old.seacretehotels.com\/pl\/wp-json\/wp\/v2\/media?parent=92072"}],"curies":[{"name":"wp","href":"https:\/\/api.w.org\/{rel}","templated":true}]}}