
  
{"id":92060,"date":"2016-03-09T18:36:32","date_gmt":"2016-03-09T16:36:32","guid":{"rendered":"https:\/\/old.seacretehotels.com\/kianibeachresort\/experiences\/"},"modified":"2022-12-16T16:00:37","modified_gmt":"2022-12-16T14:00:37","slug":"experiences","status":"publish","type":"page","link":"https:\/\/old.seacretehotels.com\/pl\/kianibeachresort\/experiences\/","title":{"rendered":"Kiani Beach Hotel: Experiences"},"content":{"rendered":"<h1>Atrakcje<\/h1>\n<p>&nbsp;<\/p>\n<p>Hotel Kiani Beach Resort stworzy\u0142 wspania\u0142\u0105 gam\u0119 atrakcji zar\u00f3wno dla dzieci, jak i doros\u0142ych, aby podnie\u015b\u0107 jako\u015b\u0107 ich pobytu. U nas mo\u017cesz zanurkowa\u0107 w spokojnych wodach basenu, zrelaksowa\u0107 si\u0119 na sk\u0105panej w s\u0142o\u0144cu pla\u017cy, przyspieszy\u0107 bicie serca dzi\u0119ki energicznym \u0107wiczeniom gimnastycznym, porywaj\u0105cym sportom oraz sportom wodnym, albo ta\u0144czy\u0107 do bia\u0142ego rana. Uwolnij swoje zmys\u0142y, zrelaksuj si\u0119, odkryj, \u015bwi\u0119tuj i poczuj energi\u0119 Krety!<\/p>\n<h2><strong>Pla\u017ca i baseny<\/strong><\/h2>\n<p>We\u017a k\u0105piel w krystalicznych wodach basenu lub nurkuj w Morzu Krete\u0144skim i zrelaksuj si\u0119 na pla\u017cy ze \u015bwie\u017co wyci\u015bni\u0119tym sokiem, obserwuj\u0105c zach\u00f3d s\u0142o\u0144ca nad bezkresnym horyzontem.<\/p>\n<h2><strong>Zaj\u0119cia sportowe i fitness<\/strong><\/h2>\n<p>We\u017a udzia\u0142 w programach sportowych i fitness, przyspiesz bicie serca i ciesz si\u0119 najbardziej ekscytuj\u0105cymi chwilami wraz z rodzin\u0105 i przyjaci\u00f3\u0142mi w pi\u0119knym otoczeniu Kiani Beach Resort.<\/p>\n<h2><strong>Wieczorna rozrywka<\/strong><\/h2>\n<p>Ta\u0144cz do bia\u0142ego rana, \u015bpiewaj karaoke i naucz si\u0119 ta\u0144ca brzucha lub greckich ta\u0144c\u00f3w ludowych. Uwierz w magi\u0119, podziwiaj\u0105c sztuczki wykonywane przez naszego magika lub zrelaksuj si\u0119 przy d\u017awi\u0119kach pianina. Niezale\u017cnie od tego, co wybierzesz, przygotuj si\u0119 na ekscytuj\u0105c\u0105 rozrywk\u0119.<\/p>\n","protected":false},"excerpt":{"rendered":"<p>Atrakcje &nbsp; Hotel Kiani Beach Resort stworzy\u0142 wspania\u0142\u0105 gam\u0119 atrakcji zar\u00f3wno dla dzieci, jak i doros\u0142ych, aby podnie\u015b\u0107 jako\u015b\u0107 ich <\/p>\n","protected":false},"author":1,"featured_media":84225,"parent":91973,"menu_order":0,"comment_status":"closed","ping_status":"closed","template":"templates\/template--single.php","meta":[],"acf":[],"_links":{"self":[{"href":"https:\/\/old.seacretehotels.com\/pl\/wp-json\/wp\/v2\/pages\/92060"}],"collection":[{"href":"https:\/\/old.seacretehotels.com\/pl\/wp-json\/wp\/v2\/pages"}],"about":[{"href":"https:\/\/old.seacretehotels.com\/pl\/wp-json\/wp\/v2\/types\/page"}],"author":[{"embeddable":true,"href":"https:\/\/old.seacretehotels.com\/pl\/wp-json\/wp\/v2\/users\/1"}],"replies":[{"embeddable":true,"href":"https:\/\/old.seacretehotels.com\/pl\/wp-json\/wp\/v2\/comments?post=92060"}],"version-history":[{"count":2,"href":"https:\/\/old.seacretehotels.com\/pl\/wp-json\/wp\/v2\/pages\/92060\/revisions"}],"predecessor-version":[{"id":92065,"href":"https:\/\/old.seacretehotels.com\/pl\/wp-json\/wp\/v2\/pages\/92060\/revisions\/92065"}],"up":[{"embeddable":true,"href":"https:\/\/old.seacretehotels.com\/pl\/wp-json\/wp\/v2\/pages\/91973"}],"wp:featuredmedia":[{"embeddable":true,"href":"https:\/\/old.seacretehotels.com\/pl\/wp-json\/wp\/v2\/media\/84225"}],"wp:attachment":[{"href":"https:\/\/old.seacretehotels.com\/pl\/wp-json\/wp\/v2\/media?parent=92060"}],"curies":[{"name":"wp","href":"https:\/\/api.w.org\/{rel}","templated":true}]}}