
  
{"id":92055,"date":"2016-03-11T17:42:47","date_gmt":"2016-03-11T15:42:47","guid":{"rendered":"https:\/\/old.seacretehotels.com\/kianibeachresort\/beach-bar-dionysos\/"},"modified":"2022-12-16T15:24:12","modified_gmt":"2022-12-16T13:24:12","slug":"beach-bar-dionysos","status":"publish","type":"page","link":"https:\/\/old.seacretehotels.com\/pl\/kianibeachresort\/beach-bar-dionysos\/","title":{"rendered":"Kiani Beach Bar Dionysos"},"content":{"rendered":"<h1>Bar przy pla\u017cy Dionysos<\/h1>\n<p>Zrelaksuj si\u0119 na pla\u017cy przy orze\u017awiaj\u0105cym koktajlu, napoju bezalkoholowym lub alkoholowym, delektuj si\u0119 mro\u017con\u0105 kaw\u0105 z widokiem na pi\u0119kne morze i pozw\u00f3l morskiej bryzie pie\u015bci\u0107 Twoj\u0105 twarz. Przytulny hotelowy bar na pla\u017cy, Dionysos, przez ca\u0142y dzie\u0144 oferuje du\u017cy wyb\u00f3r lekkich przek\u0105sek i napoj\u00f3w dla spragnionych k\u0105pieli.<\/p>\n<p><strong>Godziny otwarcia:<\/strong><br \/>\n11:00 \u2013 23:00<\/p>\n<h2><strong>Pakiet All-inclusive<\/strong><\/h2>\n<p>Podawane b\u0119d\u0105 bez ogranicze\u0144 lokalne napoje alkoholowe i bezalkoholowe plus kawa filtrowana, herbaty zio\u0142owe oraz<br \/>\nwoda z kranu.<\/p>\n","protected":false},"excerpt":{"rendered":"<p>Bar przy pla\u017cy Dionysos Zrelaksuj si\u0119 na pla\u017cy przy orze\u017awiaj\u0105cym koktajlu, napoju bezalkoholowym lub alkoholowym, delektuj si\u0119 mro\u017con\u0105 kaw\u0105 z <\/p>\n","protected":false},"author":1,"featured_media":84900,"parent":91973,"menu_order":0,"comment_status":"closed","ping_status":"closed","template":"templates\/template--single.php","meta":[],"acf":[],"_links":{"self":[{"href":"https:\/\/old.seacretehotels.com\/pl\/wp-json\/wp\/v2\/pages\/92055"}],"collection":[{"href":"https:\/\/old.seacretehotels.com\/pl\/wp-json\/wp\/v2\/pages"}],"about":[{"href":"https:\/\/old.seacretehotels.com\/pl\/wp-json\/wp\/v2\/types\/page"}],"author":[{"embeddable":true,"href":"https:\/\/old.seacretehotels.com\/pl\/wp-json\/wp\/v2\/users\/1"}],"replies":[{"embeddable":true,"href":"https:\/\/old.seacretehotels.com\/pl\/wp-json\/wp\/v2\/comments?post=92055"}],"version-history":[{"count":2,"href":"https:\/\/old.seacretehotels.com\/pl\/wp-json\/wp\/v2\/pages\/92055\/revisions"}],"predecessor-version":[{"id":92058,"href":"https:\/\/old.seacretehotels.com\/pl\/wp-json\/wp\/v2\/pages\/92055\/revisions\/92058"}],"up":[{"embeddable":true,"href":"https:\/\/old.seacretehotels.com\/pl\/wp-json\/wp\/v2\/pages\/91973"}],"wp:featuredmedia":[{"embeddable":true,"href":"https:\/\/old.seacretehotels.com\/pl\/wp-json\/wp\/v2\/media\/84900"}],"wp:attachment":[{"href":"https:\/\/old.seacretehotels.com\/pl\/wp-json\/wp\/v2\/media?parent=92055"}],"curies":[{"name":"wp","href":"https:\/\/api.w.org\/{rel}","templated":true}]}}