
  
{"id":92041,"date":"2016-03-09T18:22:18","date_gmt":"2016-03-09T16:22:18","guid":{"rendered":"https:\/\/old.seacretehotels.com\/kianibeachresort\/beach-pools\/"},"modified":"2023-06-21T11:18:40","modified_gmt":"2023-06-21T08:18:40","slug":"beach-pools","status":"publish","type":"page","link":"https:\/\/old.seacretehotels.com\/pl\/kianibeachresort\/beach-pools\/","title":{"rendered":"Kiani Beach &#038; Pools"},"content":{"rendered":"<h1>Pla\u017ca i baseny w Kiani<\/h1>\n<ul>\n<li>2 odkryte baseny<\/li>\n<li>Kryty basen z podgrzewan\u0105 wod\u0105<\/li>\n<li>2 baseny dla dzieci<\/li>\n<\/ul>\n<p>W Kiani Beach Resort nasi go\u015bcie mog\u0105 p\u0142ywa\u0107 w krystalicznie czystym basenie oraz nurkowa\u0107 w szmaragdowych wodach naszej pla\u017cy wyr\u00f3\u017cnionej B\u0142\u0119kitn\u0105 Flag\u0105. Zanurz si\u0119 w naszym odkrytym basenie ze s\u0142odk\u0105 wod\u0105 o powierzchni 288 m<sup>2<\/sup> czyli 1,60m lub wyk\u0105p si\u0119 w bezkresnym lazurowym morzu krete\u0144skim, w czasie gdy Twoje dzieci b\u0119d\u0105 korzysta\u0107 ze s\u0142o\u0144ca w specjalnie zaprojektowanym basenie dla dzieci o powierzchni 40 m<sup>2.<\/sup> i g\u0142\u0119boko\u015bci 0,40.<\/p>\n<p>W naszym drugim odkrytym basenie znajduje si\u0119 50-metrowy tor do p\u0142ywania, za\u015b nasz kryty basen jest podgrzewany.<\/p>\n<p><strong>Kryty basen z podgrzewan\u0105 wod\u0105<\/strong><\/p>\n<p>Uwaga specjalna: Chcieliby\u015bmy poinformowa\u0107, \u017ce ze wzgl\u0119du na zr\u00f3wnowa\u017cony rozw\u00f3j, aby nie zu\u017cywa\u0107 energii elektrycznej niepotrzebnie, nasz kryty basen w miesi\u0105cach<strong> czerwiec, lipiec, sierpie\u0144 nie b\u0119dzie podgrzewany.<br \/>\n<\/strong><\/p>\n<p>Nasz kryty basen z podgrzewan\u0105 wod\u0105 jest monitorowany, a minimalna temperatura wody wynosi co najmniej 25 stopni Celsjusza. Na \u015bcianie naszej krytej podgrzewanej strefy basenowej znajduje si\u0119 r\u00f3wnie\u017c elektroniczny termometr, kt\u00f3ry pokazuje aktualn\u0105 temperatur\u0119 wody oraz temperatur\u0119 w pomieszczeniu.<\/p>\n<p>Po k\u0105pieli nasi go\u015bcie mog\u0105 opala\u0107 si\u0119 na le\u017cakach przy basenie lub zrelaksowa\u0107 si\u0119 pod parasolem popijaj\u0105c koktajl owocowy z baru. Na pla\u017cy w Kiani mo\u017cna sp\u0119dzi\u0107 doskona\u0142y dzie\u0144 z rodzin\u0105 opalaj\u0105c si\u0119 na s\u0142o\u0144cu, korzystaj\u0105c z p\u0142ytkich morskich w\u00f3d i d\u0142ugiego odcinka pla\u017cy z\u0142o\u017conego z piasku i kamieni.<\/p>\n","protected":false},"excerpt":{"rendered":"<p>Pla\u017ca i baseny w Kiani 2 odkryte baseny Kryty basen z podgrzewan\u0105 wod\u0105 2 baseny dla dzieci W Kiani Beach <\/p>\n","protected":false},"author":1,"featured_media":86837,"parent":91973,"menu_order":0,"comment_status":"closed","ping_status":"closed","template":"templates\/template--single.php","meta":[],"acf":[],"_links":{"self":[{"href":"https:\/\/old.seacretehotels.com\/pl\/wp-json\/wp\/v2\/pages\/92041"}],"collection":[{"href":"https:\/\/old.seacretehotels.com\/pl\/wp-json\/wp\/v2\/pages"}],"about":[{"href":"https:\/\/old.seacretehotels.com\/pl\/wp-json\/wp\/v2\/types\/page"}],"author":[{"embeddable":true,"href":"https:\/\/old.seacretehotels.com\/pl\/wp-json\/wp\/v2\/users\/1"}],"replies":[{"embeddable":true,"href":"https:\/\/old.seacretehotels.com\/pl\/wp-json\/wp\/v2\/comments?post=92041"}],"version-history":[{"count":6,"href":"https:\/\/old.seacretehotels.com\/pl\/wp-json\/wp\/v2\/pages\/92041\/revisions"}],"predecessor-version":[{"id":103164,"href":"https:\/\/old.seacretehotels.com\/pl\/wp-json\/wp\/v2\/pages\/92041\/revisions\/103164"}],"up":[{"embeddable":true,"href":"https:\/\/old.seacretehotels.com\/pl\/wp-json\/wp\/v2\/pages\/91973"}],"wp:featuredmedia":[{"embeddable":true,"href":"https:\/\/old.seacretehotels.com\/pl\/wp-json\/wp\/v2\/media\/86837"}],"wp:attachment":[{"href":"https:\/\/old.seacretehotels.com\/pl\/wp-json\/wp\/v2\/media?parent=92041"}],"curies":[{"name":"wp","href":"https:\/\/api.w.org\/{rel}","templated":true}]}}