
  
{"id":92033,"date":"2016-06-07T13:55:07","date_gmt":"2016-06-07T10:55:07","guid":{"rendered":"https:\/\/old.seacretehotels.com\/kianibeachresort\/marketing-material\/"},"modified":"2022-12-16T16:20:34","modified_gmt":"2022-12-16T14:20:34","slug":"marketing-material","status":"publish","type":"page","link":"https:\/\/old.seacretehotels.com\/pl\/kianibeachresort\/marketing-material\/","title":{"rendered":"Kiani Beach &#8211; Marketing Material"},"content":{"rendered":"<h1>Zdj\u0119cia Kiani Beach<\/h1>\n<h2><a href=\"https:\/\/old.seacretehotels.com\/kianibeachresort\/gallery\/\">Galeria zdj\u0119\u0107<\/a><\/h2>\n<h1>Videos Kiani Beach<\/h1>\n<h3><a title=\"Kiani Beach Resort Summer in Crete 2010\" href=\"http:\/\/www.youtube.com\/watch?v=8IqnBg9Wdr4\" target=\"_blank\" rel=\"nofollow noopener noreferrer\">\u00bb Kiani Beach Resort\u00a0Summer 2010 <\/a><br \/>\n<a title=\"Kiani Beach Resort Chania Crete\" href=\"http:\/\/www.youtube.com\/watch?v=GDKDR4UMNys\" target=\"_blank\" rel=\"nofollow noopener noreferrer\">\u00bb Kiani Beach Resort Chania Crete <\/a><br \/>\n<a href=\"https:\/\/www.youtube.com\/watch?v=sKumaIgs8fs\" target=\"_blank\" rel=\"nofollow noopener noreferrer\">\u00bb Chania Completely Crete<\/a><\/h3>\n","protected":false},"excerpt":{"rendered":"<p>Zdj\u0119cia Kiani Beach Galeria zdj\u0119\u0107 Videos Kiani Beach \u00bb Kiani Beach Resort\u00a0Summer 2010 \u00bb Kiani Beach Resort Chania Crete \u00bb <\/p>\n","protected":false},"author":1,"featured_media":0,"parent":91973,"menu_order":0,"comment_status":"closed","ping_status":"closed","template":"templates\/template--single.php","meta":[],"acf":[],"_links":{"self":[{"href":"https:\/\/old.seacretehotels.com\/pl\/wp-json\/wp\/v2\/pages\/92033"}],"collection":[{"href":"https:\/\/old.seacretehotels.com\/pl\/wp-json\/wp\/v2\/pages"}],"about":[{"href":"https:\/\/old.seacretehotels.com\/pl\/wp-json\/wp\/v2\/types\/page"}],"author":[{"embeddable":true,"href":"https:\/\/old.seacretehotels.com\/pl\/wp-json\/wp\/v2\/users\/1"}],"replies":[{"embeddable":true,"href":"https:\/\/old.seacretehotels.com\/pl\/wp-json\/wp\/v2\/comments?post=92033"}],"version-history":[{"count":2,"href":"https:\/\/old.seacretehotels.com\/pl\/wp-json\/wp\/v2\/pages\/92033\/revisions"}],"predecessor-version":[{"id":92039,"href":"https:\/\/old.seacretehotels.com\/pl\/wp-json\/wp\/v2\/pages\/92033\/revisions\/92039"}],"up":[{"embeddable":true,"href":"https:\/\/old.seacretehotels.com\/pl\/wp-json\/wp\/v2\/pages\/91973"}],"wp:attachment":[{"href":"https:\/\/old.seacretehotels.com\/pl\/wp-json\/wp\/v2\/media?parent=92033"}],"curies":[{"name":"wp","href":"https:\/\/api.w.org\/{rel}","templated":true}]}}