
  
{"id":92020,"date":"2016-03-15T13:30:02","date_gmt":"2016-03-15T11:30:02","guid":{"rendered":"https:\/\/old.seacretehotels.com\/kianibeachresort\/animation-entertainment\/"},"modified":"2022-12-16T15:57:13","modified_gmt":"2022-12-16T13:57:13","slug":"animation-entertainment","status":"publish","type":"page","link":"https:\/\/old.seacretehotels.com\/pl\/kianibeachresort\/animation-entertainment\/","title":{"rendered":"Kiani Animation &#038; Entertainment"},"content":{"rendered":"<h1><strong>Rozrywka i animacje<\/strong><\/h1>\n<p>Wraz z zachodem s\u0142o\u0144ca, na terenie Kiani Beach Resort zaczyna gra\u0107 muzyka. Pos\u0142uchaj r\u00f3\u017cnorodnej mieszanki muzyki latynoskiej, funkowej, soulowej i jazzowej granej przez DJ-a na \u017cywo, naucz si\u0119 ta\u0144czy\u0107 autentyczne ta\u0144ce greckie lub \u0107wicz ruchy ta\u0144ca brzucha na parkiecie z pomoc\u0105 profesjonalnych instruktor\u00f3w. Dowiedz si\u0119, co oznacza skr\u00f3t \u201eOPA\u201d podczas naszych greckich wieczor\u00f3w lub za\u015bpiewaj karaoke. Sprawd\u017a swoje umiej\u0119tno\u015bci, rywalizuj ze znajomymi odgaduj\u0105c quizy i pozw\u00f3l, aby nasz magik zwabi\u0142 Ci\u0119 w swoje sztuczki.<\/p>\n<h2><strong>Wydarzenia i pokazy<\/strong><\/h2>\n<ul>\n<li><strong>Pokazy ta\u0144ca orientalnego<\/strong><br \/>\nPrzygotuj si\u0119 na uwodzicielskie wieczory z arabsk\u0105 muzyk\u0105, podczas kt\u00f3rych nasi arabscy tancerze zwal\u0105 Ci\u0119 z n\u00f3g. Twoje oczy b\u0119d\u0105 \u015bledzi\u0107 orientalne ruchy, a Twoje my\u015bli b\u0119d\u0105 kr\u0105\u017cy\u0107 wok\u00f3\u0142 sekret\u00f3w Bliskiego Wschodu.<\/li>\n<li><strong>Pokazy magii<\/strong><br \/>\nSpr\u00f3buj rozwik\u0142a\u0107 tajemnice sztuczek wykonywanych przez naszych magik\u00f3w, bior\u0105c w nich udzia\u0142. Niewa\u017cne, \u017ce nie jeste\u015b ju\u017c dzieckiem- przygotuj si\u0119, aby na nowo uwierzy\u0107 w magi\u0119!<\/li>\n<li><strong>Karaoke<\/strong><br \/>\nWybierz piosenk\u0119 i przygotuj si\u0119, aby za\u015bpiewa\u0107 j\u0105 przed znajomymi i rodzin\u0105. Zyskaj chwil\u0119 s\u0142awy na scenie, a my b\u0119dziemy Ci klaska\u0107!<\/li>\n<li><strong>Wiecz\u00f3r przy d\u017awi\u0119kach pianina<\/strong><br \/>\nDelektuj si\u0119 eklektycznymi potrawami s\u0142uchaj\u0105c muzyki granej na pianinie. Czy jest lepszy spos\u00f3b na zako\u0144czenie wspania\u0142ego, letniego dnia w Chanii?<\/li>\n<li><strong>Wiecz\u00f3r z ta\u0144cami greckimi<\/strong><br \/>\nNaucz si\u0119 ta\u0144czy\u0107 po grecku do greckiej muzyki folklorystycznej i poznaj tradycyjne ta\u0144ce regionu Krety. Wykrzyknij \u201eOpa\u201d na parkiecie i wpraw si\u0119 w dobry nastr\u00f3j.<\/li>\n<li><strong>Muzyka na \u017cywo<\/strong><br \/>\nPod\u0105\u017caj za rytmiczn\u0105 muzyk\u0105 gran\u0105 przez nasze zespo\u0142y na \u017cywo i ta\u0144cz swinga do rana ze swoj\u0105 drug\u0105 po\u0142\u00f3wk\u0105 lub drogimi przyjaci\u00f3\u0142mi.<\/li>\n<li><strong>Wiecz\u00f3r quiz\u00f3w<\/strong><br \/>\nSprawd\u017a swoje umiej\u0119tno\u015bci i wiedz\u0119, rywalizuj\u0105c z reszt\u0105 naszych go\u015bci podczas Wieczoru Quiz\u00f3w. My\u015bl szybko, odpowiadaj m\u0105drze i zosta\u0144 kr\u00f3lem Wieczoru Quiz\u00f3w!<\/li>\n<li><strong>Wiecz\u00f3r z saksofonem<\/strong><br \/>\nZrelaksuj si\u0119 przy d\u017awi\u0119kach saksofonu w spokojnym otoczeniu. Pozw\u00f3l swoim zmys\u0142om wirowa\u0107 ku otwartemu niebu, a my\u015blom pow\u0119drowa\u0107 ku bezkresnemu lazurowi krete\u0144skiego morza.<\/li>\n<\/ul>\n<p>Kiedy zachodzi s\u0142o\u0144ce, dzie\u0144 w Kiani Beach Resort jeszcze si\u0119 nie ko\u0144czy! We\u017a udzia\u0142 w naszych wieczornych programach rozrywkowych prowadzonych przez did\u017cej\u00f3w, ta\u0144cach i wydarzeniach na \u017cywo, z goszcz\u0105cymi u nas artystami ta\u0144cz\u0105cymi muzyk\u0119 latynosk\u0105, funk, soul, jazz i tradycyjn\u0105 muzyk\u0119 Morza \u015ar\u00f3dziemnego oraz Krety pod gwiazdami. Do\u0142\u0105cz do naszych tancerzy, kt\u00f3rzy naucz\u0105 Ci\u0119 ta\u0144czy\u0107 po grecku podczas naszej \u201egreckiej nocy\u201d lub wystaw swoje umiej\u0119tno\u015bci wokalne na pr\u00f3b\u0119 \u015bpiewaj\u0105c karaoke. Nasi tancerze orientalni zaanga\u017cuj\u0105 m\u0142odych i starszych w ekscytuj\u0105ce lekcje i ta\u0144ce grupowe na parkiecie.<\/p>\n","protected":false},"excerpt":{"rendered":"<p>Rozrywka i animacje Wraz z zachodem s\u0142o\u0144ca, na terenie Kiani Beach Resort zaczyna gra\u0107 muzyka. Pos\u0142uchaj r\u00f3\u017cnorodnej mieszanki muzyki latynoskiej, <\/p>\n","protected":false},"author":1,"featured_media":84291,"parent":91973,"menu_order":0,"comment_status":"closed","ping_status":"closed","template":"templates\/template--single.php","meta":[],"acf":[],"_links":{"self":[{"href":"https:\/\/old.seacretehotels.com\/pl\/wp-json\/wp\/v2\/pages\/92020"}],"collection":[{"href":"https:\/\/old.seacretehotels.com\/pl\/wp-json\/wp\/v2\/pages"}],"about":[{"href":"https:\/\/old.seacretehotels.com\/pl\/wp-json\/wp\/v2\/types\/page"}],"author":[{"embeddable":true,"href":"https:\/\/old.seacretehotels.com\/pl\/wp-json\/wp\/v2\/users\/1"}],"replies":[{"embeddable":true,"href":"https:\/\/old.seacretehotels.com\/pl\/wp-json\/wp\/v2\/comments?post=92020"}],"version-history":[{"count":2,"href":"https:\/\/old.seacretehotels.com\/pl\/wp-json\/wp\/v2\/pages\/92020\/revisions"}],"predecessor-version":[{"id":92026,"href":"https:\/\/old.seacretehotels.com\/pl\/wp-json\/wp\/v2\/pages\/92020\/revisions\/92026"}],"up":[{"embeddable":true,"href":"https:\/\/old.seacretehotels.com\/pl\/wp-json\/wp\/v2\/pages\/91973"}],"wp:featuredmedia":[{"embeddable":true,"href":"https:\/\/old.seacretehotels.com\/pl\/wp-json\/wp\/v2\/media\/84291"}],"wp:attachment":[{"href":"https:\/\/old.seacretehotels.com\/pl\/wp-json\/wp\/v2\/media?parent=92020"}],"curies":[{"name":"wp","href":"https:\/\/api.w.org\/{rel}","templated":true}]}}