
  
{"id":92015,"date":"2016-03-15T13:03:46","date_gmt":"2016-03-15T11:03:46","guid":{"rendered":"https:\/\/old.seacretehotels.com\/kianibeachresort\/allinclusive-holidays\/"},"modified":"2022-12-16T14:46:07","modified_gmt":"2022-12-16T12:46:07","slug":"allinclusive-holidays","status":"publish","type":"page","link":"https:\/\/old.seacretehotels.com\/pl\/kianibeachresort\/allinclusive-holidays\/","title":{"rendered":"Kiani All-Inclusive Package"},"content":{"rendered":"<h1>Pakiet All Inclusive w hotelu Kiani Beach<\/h1>\n<p>BEZP\u0141ATNY standardowy pakiet All-Inclusive oferowany w Kiani Beach Resort obejmuje ca\u0142\u0105 ofert\u0119, od ca\u0142odziennych plan\u00f3w posi\u0142k\u00f3w, po lekkie przek\u0105ski i napoje w ci\u0105gu dnia, zaj\u0119cia dla dzieci, mo\u017cliwo\u015bci wypoczynku i rekreacji, a tak\u017ce zaj\u0119cia sportowe, a wszystko to bezp\u0142atnie w ramach pakietu. Zaplanuj sw\u00f3j pobyt w Kiani Beach Resort i ciesz si\u0119 beztroskimi wakacjami na pla\u017cy, nie martwi\u0105c si\u0119 o dodatkowe koszty. Poni\u017cej znajduje si\u0119 zarys tego, co obejmuje pakiet All-Inclusive w Kiani Beach Resort:<\/p>\n<h3><strong>Us\u0142ugi hotelowe<\/strong><\/h3>\n<p>\u2013 Bezp\u0142atne r\u0119czniki pla\u017cowe w pokoju (1 zestaw na tydzie\u0144)<br \/>\n\u2013 Bezp\u0142atne le\u017caki (nie mo\u017cna ich zarezerwowa\u0107)<br \/>\n&#8211; Internet bezprzewodowy w ca\u0142ym o\u015brodku<br \/>\n\u2013 Sejf (bezp\u0142atny)<\/p>\n<h3><strong>Obs\u0142uga pokojowa<\/strong><\/h3>\n<p>\u2013 Us\u0142ugi pokoj\u00f3wki<\/p>\n<h3><strong>Posi\u0142ki i napoje wliczone w program All- Inclusive<\/strong><\/h3>\n<p>\u2013 Wszystkie codzienne posi\u0142ki, przek\u0105ski i lody<br \/>\n\u2013 Restauracja na dachu (p\u0142atna)<br \/>\n\u2013Lokalne krete\u0144skie wino z beczki (czerwone, bia\u0142e i r\u00f3\u017cowe)<br \/>\n\u2013Lokalne krete\u0144skie piwo z beczki<br \/>\n\u2013 Lokalne alkohole niemarkowe (ouzo, raki)<br \/>\n\u2013 Lokalne alkohole niemarkowe (gin, tequila, rum, w\u00f3dka, brandy, whisky)<br \/>\n\u2013\u015awie\u017cy sok pomara\u0144czowy podawany podczas \u015bniadania<br \/>\n\u2013 Lokalne napoje gazowane z automatu i woda z kranu<br \/>\n\u2013 Markowa kawa i herbata z automatu (espresso, cappuccino, gor\u0105ca czekolada itp.)<\/p>\n<h3><strong>Rozrywka dla doros\u0142ych<\/strong><\/h3>\n<p>&#8211; Programy rozrywkowe w ka\u017cdy wiecz\u00f3r<\/p>\n<h3><strong>Obiekty dla dzieci<\/strong><\/h3>\n<ul>\n<li>Plac zabaw dla dzieci<\/li>\n<li>Mini-dyskoteka<\/li>\n<li>Wysokie krzes\u0142a w restauracji<\/li>\n<li>Jazda na osio\u0142ku<\/li>\n<li>Program animacyjny i klub dla dzieci przez 6 dni w tygodniu<\/li>\n<li>Malowanie twarzy<\/li>\n<li>Malowanie podkoszulek (koszt: 10 euro)<\/li>\n<\/ul>\n<h3><strong>Czas wolny i wypoczynek<\/strong><\/h3>\n<ul>\n<li>Bezp\u0142atne parasole i le\u017caki s\u0105 dost\u0119pne dla wszystkich naszych go\u015bci (nie mo\u017cna ich zarezerwowa\u0107)<\/li>\n<li>Program animacyjny z zaj\u0119ciami w ci\u0105gu dnia i wieczornymi wyst\u0119pami przez 6 dni w tygodniu<\/li>\n<li>Darmowy internet Wi-Fi we wszystkich pokojach, na pla\u017cy i w og\u00f3lnodost\u0119pnych cz\u0119\u015bciach hotelu<\/li>\n<li>Bezp\u0142atny Internet kablowy w pokojach<\/li>\n<\/ul>\n<h3><strong>Sport i zaj\u0119cia fitness<\/strong><\/h3>\n<ul>\n<li>Zorganizowane zaj\u0119cia fitness (joga, zumba, aqua aerobik itp.)<\/li>\n<li>Bezp\u0142atny dost\u0119p do si\u0142owni (po rezerwacji godziny w recepcji)<\/li>\n<li>Korzystanie z kortu tenisowego (wymagana rezerwacja, cena: 10 euro za godzin\u0119)<\/li>\n<li>Bezp\u0142atne\u00a0korzystanie z krytego basenu z podgrzewan\u0105 wod\u0105<\/li>\n<\/ul>\n<h3><strong>Us\u0142ugi za dop\u0142at\u0105 (rezerwacje przez recepcj\u0119)<\/strong><\/h3>\n<ul>\n<li>Sklep z pami\u0105tkami<\/li>\n<li>Mycie naczy\u0144<\/li>\n<li>Nurkowanie<\/li>\n<li>Pakiet dla dzieci (\u0142\u00f3\u017ceczko dla dziecka, w\u00f3zek i krzese\u0142ko)<\/li>\n<li>Pok\u00f3j zabaw z bilardem i grami elektronicznymi<\/li>\n<li>Korzystanie z pokoju hotelowego<\/li>\n<li>Lekarz na wezwanie<\/li>\n<li>Taks\u00f3wka<\/li>\n<li>Sklep spo\u017cywczy<\/li>\n<\/ul>\n","protected":false},"excerpt":{"rendered":"<p>Pakiet All Inclusive w hotelu Kiani Beach BEZP\u0141ATNY standardowy pakiet All-Inclusive oferowany w Kiani Beach Resort obejmuje ca\u0142\u0105 ofert\u0119, od <\/p>\n","protected":false},"author":1,"featured_media":86852,"parent":91973,"menu_order":0,"comment_status":"closed","ping_status":"closed","template":"templates\/template--single.php","meta":[],"acf":[],"_links":{"self":[{"href":"https:\/\/old.seacretehotels.com\/pl\/wp-json\/wp\/v2\/pages\/92015"}],"collection":[{"href":"https:\/\/old.seacretehotels.com\/pl\/wp-json\/wp\/v2\/pages"}],"about":[{"href":"https:\/\/old.seacretehotels.com\/pl\/wp-json\/wp\/v2\/types\/page"}],"author":[{"embeddable":true,"href":"https:\/\/old.seacretehotels.com\/pl\/wp-json\/wp\/v2\/users\/1"}],"replies":[{"embeddable":true,"href":"https:\/\/old.seacretehotels.com\/pl\/wp-json\/wp\/v2\/comments?post=92015"}],"version-history":[{"count":2,"href":"https:\/\/old.seacretehotels.com\/pl\/wp-json\/wp\/v2\/pages\/92015\/revisions"}],"predecessor-version":[{"id":92017,"href":"https:\/\/old.seacretehotels.com\/pl\/wp-json\/wp\/v2\/pages\/92015\/revisions\/92017"}],"up":[{"embeddable":true,"href":"https:\/\/old.seacretehotels.com\/pl\/wp-json\/wp\/v2\/pages\/91973"}],"wp:featuredmedia":[{"embeddable":true,"href":"https:\/\/old.seacretehotels.com\/pl\/wp-json\/wp\/v2\/media\/86852"}],"wp:attachment":[{"href":"https:\/\/old.seacretehotels.com\/pl\/wp-json\/wp\/v2\/media?parent=92015"}],"curies":[{"name":"wp","href":"https:\/\/api.w.org\/{rel}","templated":true}]}}