
  
{"id":92005,"date":"2016-03-09T18:30:43","date_gmt":"2016-03-09T16:30:43","guid":{"rendered":"https:\/\/old.seacretehotels.com\/kianibeachresort\/allinclusive-hotel\/"},"modified":"2022-12-16T14:43:51","modified_gmt":"2022-12-16T12:43:51","slug":"allinclusive-hotel","status":"publish","type":"page","link":"https:\/\/old.seacretehotels.com\/pl\/kianibeachresort\/allinclusive-hotel\/","title":{"rendered":"Kiani All-Inclusive Overview"},"content":{"rendered":"<h1>Hotel All Inclusive w Chanii, na Krecie<\/h1>\n<p>5-gwiazdkowy hotel Kiani Beach oferuje najlepszy urlop typu all inclusive w przepi\u0119knej Chanii. Nasi go\u015bcie specjalni zatrzymuj\u0105cy si\u0119 w tym wyj\u0105tkowym o\u015brodku all inclusive w Chanii mog\u0105 rozpocz\u0105\u0107 dzie\u0144 od przepysznego \u015bniadania w formie bufetu i szklanki \u015bwie\u017cego soku pomara\u0144czowego z pomara\u0144czy pochodz\u0105cej z upraw ekologicznych.W ci\u0105gu dnia mog\u0105 wzi\u0105\u0107 udzia\u0142 w r\u00f3\u017cnych zaj\u0119ciach rekreacyjnych oraz sportowych, zje\u015b\u0107 posi\u0142ek oraz wypoczywa\u0107 nad basenem lub morzem z widokiem na nieko\u0144cz\u0105cy si\u0119 horyzont- jest to dla nich ca\u0142kowicie bezp\u0142atne.<\/p>\n<h2><strong>Pakiety all- inclusive w Chanii<\/strong><\/h2>\n<p>Idealny dla go\u015bci szukaj\u0105cych specjalnych ofert na wakacje na Krecie w Grecji, ten hotel all inclusive w Chanii oferuje szerok\u0105 gam\u0119 ekskluzywnych pakiet\u00f3w wakacyjnych, dzi\u0119ki kt\u00f3rym go\u015bcie mog\u0105 cieszy\u0107 si\u0119 wakacjami bez martwienia si\u0119 o dodatkowe op\u0142aty. Skorzystaj wi\u0119c z naszych sezonowych pakiet\u00f3w, usi\u0105d\u017a wygodnie i skorzystaj z wakacyjnego wypoczynku w miejscu, kt\u00f3re s\u0142usznie uwa\u017cane jest za najlepszy hotel all inclusive w Chanii na Krecie.<\/p>\n<h3><strong>Hotel w Chanii ze specjalnymi ofertami<\/strong><\/h3>\n<p>S\u0142usznie uwa\u017cany za jeden z najlepszych 5-gwiazdkowych hoteli all inclusive na Krecie, Kiani Beach w Chanii to rodzinny hotel z widokiem na morze, oferuj\u0105cy znacznie wi\u0119cej, ni\u017c mo\u017cna sobie wyobrazi\u0107. Ten pi\u0119kny hotel na pla\u017cy w pobli\u017cu Chanii zawiera esencj\u0119 Twoich wakacji w pakietach all-inclusive: standardowych i dla VIP-\u00f3w zapewniaj\u0105c, \u017ce w pe\u0142ni wykorzystasz\u00a0<a href=\"https:\/\/old.seacretehotels.com\/kianibeachresort\/family-holidays\/\">rodzinne wakacje na Krecie<\/a>. Przygotuj si\u0119 bycie powitanym specjalnymi smako\u0142ykami w swoim pokoju, podelektuj si\u0119 wy\u015bmienitymi smakami kuchni \u015br\u00f3dziemnomorskiej, prze\u017cyj ekscytuj\u0105ce sportowe przygody, we\u017a udzia\u0142 w wielu zaj\u0119ciach rekreacyjnych oraz zrelaksuj si\u0119 i ciesz si\u0119 najbardziej niesamowitymi wakacjami w tym jedynym w swoim rodzaju kurorcie typu all-inclusive w Chanii.<\/p>\n<p><strong>PROGRAM ALL \u2013 INCLUSIVE\u00a0<\/strong><\/p>\n<p><strong><em>Posi\u0142ki <\/em><\/strong><strong>Restauracja Symposium w formie bufetu<\/strong><\/p>\n<p>Wszystkie posi\u0142ki serwowane s\u0105 w bogatym bufecie, z r\u00f3\u017cnorodnymi potrawami przyrz\u0105dzanymi w greckim stylu. Dzie\u0144 i noc go\u015bcie mog\u0105 podziwia\u0107 wspania\u0142y widok na Morze Krete\u0144skie w po\u0142\u0105czeniu z pysznymi specja\u0142ami przygotowanymi przez naszego Szefa Kuchni.<\/p>\n<ul>\n<li>Godziny serwowania \u015bniada\u0144 08:00 \u2013 10:30 Bufet ameryka\u0144ski<\/li>\n<li>Godziny serwowania obiad\u00f3w 13:00 \u2013 15:00 Pe\u0142ny bufet<\/li>\n<li>Godziny serwowania kolacji 19:00 \u2013 21:30 Pe\u0142ny bufet<\/li>\n<\/ul>\n<p>Obowi\u0105zuj\u0105cy str\u00f3j: Wszyscy go\u015bcie s\u0105 zobowi\u0105zani do przestrzegania odpowiednich zasad dotycz\u0105cych stroju w restauracji g\u0142\u00f3wnej i w barze przy basenie podczas posi\u0142k\u00f3w.<\/p>\n<p><strong><em>Lekkie posi\u0142ki \u2013 czas na przek\u0105ski i kaw\u0119 <\/em><\/strong><\/p>\n<p>R\u00f3\u017cnorodne gor\u0105ce i zimne przek\u0105ski, kanapki, ciasta, a tak\u017ce r\u00f3\u017cnorodne lokalnie produkowane owoce i sa\u0142atki b\u0119d\u0105 dost\u0119pne w nast\u0119puj\u0105cych godzinach:<\/p>\n<ul>\n<li>Ca\u0142y dzie\u0144 (w godz. 11:00-18:00)<\/li>\n<\/ul>\n<p>Lody dost\u0119pne w porze obiadu i kolacji (podawanych w formie bufetu) oraz w godzinach 11:00 \u2013 18:00 (w barze Beach Bar Dionysos). Kanapki na wycieczki: s\u0105 wydawane na \u017cyczenie w recepcji. Go\u015bcie musz\u0105 dokona\u0107 rezerwacji z jednodniowym wyprzedzeniem do godziny 19:00.<\/p>\n<h3><strong>Us\u0142ugi hotelowe<\/strong><\/h3>\n<p>\u2013 Bezp\u0142atne r\u0119czniki pla\u017cowe w pokoju (1 zestaw na tydzie\u0144)<br \/>\n\u2013 Bezp\u0142atne le\u017caki (nie mo\u017cna ich zarezerwowa\u0107)<br \/>\n&#8211; Internet bezprzewodowy w ca\u0142ym o\u015brodku<br \/>\n\u2013 Sejf (bezp\u0142atny)<\/p>\n<h3><strong>Obs\u0142uga pokojowa<\/strong><\/h3>\n<p>\u2013 Us\u0142ugi pokoj\u00f3wki<\/p>\n<h3><strong>Posi\u0142ki i napoje wliczone w program All- Inclusive<\/strong><\/h3>\n<p>\u2013 Wszystkie codzienne posi\u0142ki, przek\u0105ski i lody<br \/>\n\u2013 Restauracja na dachu (p\u0142atna)<br \/>\n\u2013Lokalne krete\u0144skie wino z beczki (czerwone, bia\u0142e i r\u00f3\u017cowe)<br \/>\n\u2013Lokalne krete\u0144skie piwo z beczki<br \/>\n\u2013 Lokalne alkohole niemarkowe (ouzo, raki)<br \/>\n\u2013 Lokalne alkohole niemarkowe (gin, tequila, rum, w\u00f3dka, brandy, whisky)<br \/>\n\u2013\u015awie\u017cy sok pomara\u0144czowy podawany podczas \u015bniadania<br \/>\n\u2013 Lokalne napoje gazowane z automatu i woda z kranu<br \/>\n\u2013 Markowa kawa i herbata z automatu (espresso, cappuccino, gor\u0105ca czekolada itp.)<\/p>\n<h3><strong>Rozrywka dla doros\u0142ych<\/strong><\/h3>\n<p>&#8211; Programy rozrywkowe w ka\u017cdy wiecz\u00f3r<\/p>\n<h3><strong>Obiekty dla dzieci<\/strong><\/h3>\n<ul>\n<li>Plac zabaw dla dzieci<\/li>\n<li>Mini-dyskoteka<\/li>\n<li>Wysokie krzes\u0142a w restauracji<\/li>\n<li>Jazda na osio\u0142ku<\/li>\n<li>Program animacyjny i klub dla dzieci przez 6 dni w tygodniu<\/li>\n<li>Malowanie twarzy<\/li>\n<li>Malowanie podkoszulek (koszt: 10 euro)<\/li>\n<\/ul>\n<h3><strong>Czas wolny i wypoczynek<\/strong><\/h3>\n<ul>\n<li>Bezp\u0142atne parasole i le\u017caki s\u0105 dost\u0119pne dla wszystkich naszych go\u015bci (nie mo\u017cna ich zarezerwowa\u0107)<\/li>\n<li>Program animacyjny z zaj\u0119ciami w ci\u0105gu dnia i wieczornymi wyst\u0119pami przez 6 dni w tygodniu<\/li>\n<li>Darmowy internet Wi-Fi we wszystkich pokojach, na pla\u017cy i w og\u00f3lnodost\u0119pnych cz\u0119\u015bciach hotelu<\/li>\n<li>Bezp\u0142atny Internet kablowy w pokojach<\/li>\n<\/ul>\n<h3><strong>Sport i zaj\u0119cia fitness<\/strong><\/h3>\n<ul>\n<li>Zorganizowane zaj\u0119cia fitness (joga, zumba, aqua aerobik itp.)<\/li>\n<li>Korzystanie z kortu tenisowego (wymagana rezerwacja, cena: 10 euro za godzin\u0119)<\/li>\n<li>Bezp\u0142atne\u00a0korzystanie z krytego basenu z podgrzewan\u0105 wod\u0105<\/li>\n<\/ul>\n<h3><strong>Us\u0142ugi za dop\u0142at\u0105 (rezerwacje przez recepcj\u0119)<\/strong><\/h3>\n<ul>\n<li>Sklep z pami\u0105tkami<\/li>\n<li>Mycie naczy\u0144<\/li>\n<li>Nurkowanie<\/li>\n<li>Pakiet dla dzieci (\u0142\u00f3\u017ceczko dla dziecka, w\u00f3zek i krzese\u0142ko)<\/li>\n<li>Pok\u00f3j zabaw z bilardem i grami elektronicznymi<\/li>\n<li>Korzystanie z pokoju hotelowego<\/li>\n<li>Lekarz na wezwanie<\/li>\n<li>Taks\u00f3wka<\/li>\n<li>Sklep spo\u017cywczy<\/li>\n<\/ul>\n","protected":false},"excerpt":{"rendered":"<p>Hotel All Inclusive w Chanii, na Krecie 5-gwiazdkowy hotel Kiani Beach oferuje najlepszy urlop typu all inclusive w przepi\u0119knej Chanii. <\/p>\n","protected":false},"author":1,"featured_media":88088,"parent":91973,"menu_order":0,"comment_status":"closed","ping_status":"closed","template":"templates\/template--single.php","meta":[],"acf":[],"_links":{"self":[{"href":"https:\/\/old.seacretehotels.com\/pl\/wp-json\/wp\/v2\/pages\/92005"}],"collection":[{"href":"https:\/\/old.seacretehotels.com\/pl\/wp-json\/wp\/v2\/pages"}],"about":[{"href":"https:\/\/old.seacretehotels.com\/pl\/wp-json\/wp\/v2\/types\/page"}],"author":[{"embeddable":true,"href":"https:\/\/old.seacretehotels.com\/pl\/wp-json\/wp\/v2\/users\/1"}],"replies":[{"embeddable":true,"href":"https:\/\/old.seacretehotels.com\/pl\/wp-json\/wp\/v2\/comments?post=92005"}],"version-history":[{"count":2,"href":"https:\/\/old.seacretehotels.com\/pl\/wp-json\/wp\/v2\/pages\/92005\/revisions"}],"predecessor-version":[{"id":92012,"href":"https:\/\/old.seacretehotels.com\/pl\/wp-json\/wp\/v2\/pages\/92005\/revisions\/92012"}],"up":[{"embeddable":true,"href":"https:\/\/old.seacretehotels.com\/pl\/wp-json\/wp\/v2\/pages\/91973"}],"wp:featuredmedia":[{"embeddable":true,"href":"https:\/\/old.seacretehotels.com\/pl\/wp-json\/wp\/v2\/media\/88088"}],"wp:attachment":[{"href":"https:\/\/old.seacretehotels.com\/pl\/wp-json\/wp\/v2\/media?parent=92005"}],"curies":[{"name":"wp","href":"https:\/\/api.w.org\/{rel}","templated":true}]}}