
  
{"id":92000,"date":"2016-03-07T11:10:39","date_gmt":"2016-03-07T09:10:39","guid":{"rendered":"https:\/\/old.seacretehotels.com\/kianibeachresort\/accommodation\/"},"modified":"2022-12-16T13:02:59","modified_gmt":"2022-12-16T11:02:59","slug":"accommodation","status":"publish","type":"page","link":"https:\/\/old.seacretehotels.com\/pl\/kianibeachresort\/accommodation\/","title":{"rendered":"Kiani Accommodation Overview"},"content":{"rendered":"<p><strong>5-gwiazdkowe zakwaterowanie w Chanii na Krecie<\/strong><\/p>\n<p>Godzina zameldowania: 15:00 | Godzina wymeldowania: 11:00<\/p>\n<p>Kiani Beach Resort oferuje szerok\u0105 gam\u0119 niezwyk\u0142ych opcji luksusowego zakwaterowania w Chanii na Krecie, zapewniaj\u0105c niezapomniane wakacje przy pla\u017cy. Zachwycaj\u0105cy, 5-gwiazdkowy hotel na Krecie z 115 doskonale urz\u0105dzonymi pokojami zapewnia wakacje, o kt\u00f3rych nawet Ci si\u0119 nie \u015bni\u0142o. Od standardowych dwuosobowych pokoi i pokoi rodzinnych z widokiem na morze po wspaniale urz\u0105dzone apartamenty, domki i mieszkania wakacyjne, nasze luksusowe opcje zakwaterowania w Chanii na Krecie bez w\u0105tpienia przerosn\u0105 Twoje oczekiwania.<\/p>\n<h2><strong>Luksusowe zakwaterowanie w Chanii przy pla\u017cy<\/strong><\/h2>\n<p>Po\u0142o\u017cone tu\u017c obok Morza Krete\u0144skiego, wszystkie elegancko urz\u0105dzone pokoje w Kiani Beach Resort w Chanii wsp\u00f3\u0142dziel\u0105 styl i atmosfer\u0119 nowoczesnego domu, zach\u0119caj\u0105c go\u015bci do poddania si\u0119 atmosferze luksusu. Wibruj\u0105ce kolory, szk\u0142o i drewniane wyko\u0144czenia nadaj\u0105 wn\u0119trzom wyrafinowania i elegancji, zach\u0119caj\u0105c go\u015bci do poddania si\u0119 przyjemno\u015bciom wyspiarskiego \u017cycia na jednej z najbardziej niesamowitych greckich wysp.<\/p>\n<h3><strong>Rodzinne zakwaterowanie na Krecie w wersji all inclusive<\/strong><\/h3>\n<p>Ten fascynuj\u0105cy pla\u017cowy kurort w pobli\u017cu miasteczka Kalyves w Chanii \u0142\u0105czy w sobie komfort w\u0142asnego domu z luksusowym wyposa\u017ceniem 5-gwiazdkowego hotelu i oferuje szeroki wyb\u00f3r pokoi z widokiem na morze, apartament\u00f3w, domk\u00f3w i mieszka\u0144, ze wszystkimi wygodami, by zapewni\u0107 go\u015bciom jak najlepszy pobyt w Chanii na Krecie. Wszystkie pokoje s\u0105 klimatyzowane i dysponuj\u0105 cz\u0119\u015bci\u0105 wypoczynkow\u0105 z rozk\u0142adan\u0105 sof\u0105, w pe\u0142ni wyposa\u017conym aneksem kuchennym oraz balkonem lub tarasem z widokiem na Morze Krete\u0144skie lub ogrody. <a href=\"https:\/\/old.seacretehotels.com\/pl\/kianibeachresort\/allinclusive-hotel\/\">Zakwaterowanie all inclusive w Chanii<\/a> to doskona\u0142y wyb\u00f3r dla rodzin szukaj\u0105cych luksusowego hotelu na pla\u017cy w Chanii na Krecie na letnie wakacje.<\/p>\n","protected":false},"excerpt":{"rendered":"<p>5-gwiazdkowe zakwaterowanie w Chanii na Krecie Godzina zameldowania: 15:00 | Godzina wymeldowania: 11:00 Kiani Beach Resort oferuje szerok\u0105 gam\u0119 niezwyk\u0142ych <\/p>\n","protected":false},"author":1,"featured_media":84054,"parent":91973,"menu_order":0,"comment_status":"closed","ping_status":"closed","template":"templates\/template--rooms.php","meta":[],"acf":[],"_links":{"self":[{"href":"https:\/\/old.seacretehotels.com\/pl\/wp-json\/wp\/v2\/pages\/92000"}],"collection":[{"href":"https:\/\/old.seacretehotels.com\/pl\/wp-json\/wp\/v2\/pages"}],"about":[{"href":"https:\/\/old.seacretehotels.com\/pl\/wp-json\/wp\/v2\/types\/page"}],"author":[{"embeddable":true,"href":"https:\/\/old.seacretehotels.com\/pl\/wp-json\/wp\/v2\/users\/1"}],"replies":[{"embeddable":true,"href":"https:\/\/old.seacretehotels.com\/pl\/wp-json\/wp\/v2\/comments?post=92000"}],"version-history":[{"count":3,"href":"https:\/\/old.seacretehotels.com\/pl\/wp-json\/wp\/v2\/pages\/92000\/revisions"}],"predecessor-version":[{"id":92226,"href":"https:\/\/old.seacretehotels.com\/pl\/wp-json\/wp\/v2\/pages\/92000\/revisions\/92226"}],"up":[{"embeddable":true,"href":"https:\/\/old.seacretehotels.com\/pl\/wp-json\/wp\/v2\/pages\/91973"}],"wp:featuredmedia":[{"embeddable":true,"href":"https:\/\/old.seacretehotels.com\/pl\/wp-json\/wp\/v2\/media\/84054"}],"wp:attachment":[{"href":"https:\/\/old.seacretehotels.com\/pl\/wp-json\/wp\/v2\/media?parent=92000"}],"curies":[{"name":"wp","href":"https:\/\/api.w.org\/{rel}","templated":true}]}}