
  
{"id":91991,"date":"2016-03-15T13:52:30","date_gmt":"2016-03-15T11:52:30","guid":{"rendered":"https:\/\/old.seacretehotels.com\/kianibeachresort\/kids-club-indoors\/"},"modified":"2023-05-18T09:06:50","modified_gmt":"2023-05-18T06:06:50","slug":"kids-club-indoors","status":"publish","type":"page","link":"https:\/\/old.seacretehotels.com\/pl\/kianibeachresort\/kids-club-indoors\/","title":{"rendered":"Indoor Kids Club"},"content":{"rendered":"<h1>Klub dla dzieci w hotelu<\/h1>\n<p><a href=\"https:\/\/old.seacretehotels.com\/wp-content\/uploads\/2022\/03\/Kids_Club_2022.pdf\">Pobierz tutaj nasz zabawny plik PDF ze wszystkimi og\u00f3lnymi informacjami na temat naszego Klubu dla dzieci!<\/a><\/p>\n<p><strong>Klub dzia\u0142a w godzinach:<\/strong><br \/>\n10:30 -13:00, po po\u0142udniu w godz. 15:30-17:30 (6 dni w tygodniu)<\/p>\n<p><strong>Ograniczenia wiekowe:\u00a0<\/strong><br \/>\nNasz Klub dla dzieci przeznaczony jest dla dzieci w wieku 0-4 i 4-8 lat.<\/p>\n<p><strong>Klub dla dzieci w wieku 4-8 lat<\/strong><br \/>\nRodzice mog\u0105 pozostawi\u0107 swoje pociechy w wieku od 4 do 8 lat pod opiek\u0105 naszych profesjonalnych animator\u00f3w. Rodzice musz\u0105 wype\u0142ni\u0107 formularz po zostawieniu dziecka w klubie, kt\u00f3ry b\u0119dzie zawiera\u0107 imi\u0119 i nazwisko dziecka, dane kontaktowe rodzic\u00f3w oraz inne informacje.<strong>\u00a0Dzieci poni\u017cej 4 roku \u017cycia nie powinny by\u0107 pozostawione bez opieki rodzic\u00f3w w naszym klubie.\u00a0<\/strong>Je\u015bli dziecko poni\u017cej 4 roku \u017cycia b\u0119dzie chcia\u0142o wzi\u0105\u0107 udzia\u0142 w naszym klubie lub zaj\u0119ciach w budynku, powinni mu towarzyszy\u0107 jedno lub dwoje rodzic\u00f3w.<\/p>\n<p><strong>Pok\u00f3j zabaw dla dzieci w wieku 0-4 lata<\/strong><br \/>\nNasz pok\u00f3j zabaw dla dzieci znajduje si\u0119 w po\u0142udniowym skrzydle Kiani Beach Resort,za krytym basenem. Pok\u00f3j jest przeznaczony dla rodzic\u00f3w z ma\u0142ymi dzie\u0107mi, kt\u00f3re chc\u0105 bawi\u0107 si\u0119 same i dzia\u0142a w godzinach zaj\u0119\u0107 animacyjnych, 10:30-13:00 i 15:00-17:00. Nie ma w nim zorganizowanych zaj\u0119\u0107. Nale\u017cy zarezerwowa\u0107 pok\u00f3j u animator\u00f3w.<\/p>\n<p><strong>Ograniczenia dla rodzic\u00f3w:<\/strong><br \/>\nRodzicom nie wolno opuszcza\u0107 terenu Kiani Beach Resort, w czasie gdy ich dzieci b\u0119d\u0105 uczestniczy\u0107 w bezp\u0142atnych zabawach lub zaj\u0119ciach w naszym Klubie dla dzieci.<\/p>\n<p><strong>Zaj\u0119cia<\/strong><br \/>\nNasz klub dla dzieci oferuje wiele godzin zabawy i rozrywki dla dzieci w ka\u017cdym wieku. Dzieci mog\u0105 rozwija\u0107 swoj\u0105 kreatywno\u015b\u0107 podczas zaj\u0119\u0107 plastycznych, projektowania i malowania, bawi\u0107 si\u0119 naszymi zabawkami i gra\u0107 w gry.<\/p>\n","protected":false},"excerpt":{"rendered":"<p>Klub dla dzieci w hotelu Pobierz tutaj nasz zabawny plik PDF ze wszystkimi og\u00f3lnymi informacjami na temat naszego Klubu dla <\/p>\n","protected":false},"author":1,"featured_media":88712,"parent":91973,"menu_order":0,"comment_status":"closed","ping_status":"closed","template":"templates\/template--single.php","meta":[],"acf":[],"_links":{"self":[{"href":"https:\/\/old.seacretehotels.com\/pl\/wp-json\/wp\/v2\/pages\/91991"}],"collection":[{"href":"https:\/\/old.seacretehotels.com\/pl\/wp-json\/wp\/v2\/pages"}],"about":[{"href":"https:\/\/old.seacretehotels.com\/pl\/wp-json\/wp\/v2\/types\/page"}],"author":[{"embeddable":true,"href":"https:\/\/old.seacretehotels.com\/pl\/wp-json\/wp\/v2\/users\/1"}],"replies":[{"embeddable":true,"href":"https:\/\/old.seacretehotels.com\/pl\/wp-json\/wp\/v2\/comments?post=91991"}],"version-history":[{"count":4,"href":"https:\/\/old.seacretehotels.com\/pl\/wp-json\/wp\/v2\/pages\/91991\/revisions"}],"predecessor-version":[{"id":101267,"href":"https:\/\/old.seacretehotels.com\/pl\/wp-json\/wp\/v2\/pages\/91991\/revisions\/101267"}],"up":[{"embeddable":true,"href":"https:\/\/old.seacretehotels.com\/pl\/wp-json\/wp\/v2\/pages\/91973"}],"wp:featuredmedia":[{"embeddable":true,"href":"https:\/\/old.seacretehotels.com\/pl\/wp-json\/wp\/v2\/media\/88712"}],"wp:attachment":[{"href":"https:\/\/old.seacretehotels.com\/pl\/wp-json\/wp\/v2\/media?parent=91991"}],"curies":[{"name":"wp","href":"https:\/\/api.w.org\/{rel}","templated":true}]}}