
  
{"id":91982,"date":"2021-04-20T11:40:47","date_gmt":"2021-04-20T08:40:47","guid":{"rendered":"https:\/\/old.seacretehotels.com\/kianibeachresort\/belive-family-sports-club\/"},"modified":"2022-12-19T17:28:30","modified_gmt":"2022-12-19T15:28:30","slug":"belive-family-sports-club","status":"publish","type":"page","link":"https:\/\/old.seacretehotels.com\/pl\/kianibeachresort\/belive-family-sports-club\/","title":{"rendered":"BeLive Family Sports Club"},"content":{"rendered":"<p><strong>Dodatkowe obiekty fitness dla ca\u0142ej rodziny w czasie pobytu w hotelu Kiani Beach Resort!<\/strong><\/p>\n<p>Cieszymy si\u0119, \u017ce mo\u017cemy wsp\u00f3\u0142pracowa\u0107 z rodzinnym klubem sportowym BeLive w Chanii, w kt\u00f3rym nasi go\u015bcie mog\u0105 korzysta\u0107 z dodatkowych zaj\u0119\u0107 fitness i rekreacyjnych podczas pobytu w Kiani Beach Resort.<\/p>\n<p>W kompleksie sportowym znajduj\u0105 si\u0119:<\/p>\n<ul>\n<li>Si\u0142ownia<\/li>\n<li>Grupowe obiekty fitness<\/li>\n<li>Kryty i otwarty plac zabaw dla dzieci<\/li>\n<li>6 nowoczesnych kort\u00f3w tenisowych<\/li>\n<li>2 korty do squasha<\/li>\n<li>Trening sprawno\u015bci umys\u0142owej<\/li>\n<li>Restauracja i bary<\/li>\n<\/ul>\n<p>Je\u015bli chc\u0105 Pa\u0144stwo skorzysta\u0107 z powy\u017cszych obiekt\u00f3w, prosimy o kontakt z recepcj\u0105 g\u0142\u00f3wn\u0105.<br \/>\nProsimy pami\u0119ta\u0107, \u017ce powy\u017csze us\u0142ugi s\u0105 dodatkowo p\u0142atne.<\/p>\n<p>Wi\u0119cej informacji oraz zdj\u0119cia klubu sportowego dla rodziny BeLive znajduj\u0105 si\u0119\u00a0<a href=\"https:\/\/www.belive.gr\/\">tutaj<\/a><br \/>\nAby uzyska\u0107 informacje o lokalizacji, kliknij\u00a0<a href=\"https:\/\/www.google.gr\/maps\/dir\/Kiani+Beach+Resort,+Chania\/BeLive+Family+Sports+Club,+Daratsos+731+00\/@35.4843585,24.0344013,13z\/data=!3m1!4b1!4m13!4m12!1m5!1m1!1s0x149b80032ecf2d49:0x3481d5bc7c15d52b!2m2!1d24.1551147!2d35.4660385!1m5!1m1!1s0x149c8710c1bd63bf:0xc75e2fd4a322ffaa!2m2!1d23.9838986!2d35.5024927?hl=en\">tutaj<\/a><\/p>\n<p><img decoding=\"async\" loading=\"lazy\" class=\"alignnone size-medium wp-image-89887\" src=\"https:\/\/old.seacretehotels.com\/wp-content\/uploads\/2021\/04\/image-1557813012469-800x533.jpg\" alt=\"\" width=\"800\" height=\"533\" srcset=\"https:\/\/old.seacretehotels.com\/wp-content\/uploads\/2021\/04\/image-1557813012469-800x533.jpg 800w, https:\/\/old.seacretehotels.com\/wp-content\/uploads\/2021\/04\/image-1557813012469-600x400.jpg 600w, https:\/\/old.seacretehotels.com\/wp-content\/uploads\/2021\/04\/image-1557813012469.jpg 900w\" sizes=\"(max-width: 800px) 100vw, 800px\" \/><\/p>\n<p><img decoding=\"async\" loading=\"lazy\" class=\"size-medium wp-image-89883\" src=\"https:\/\/old.seacretehotels.com\/wp-content\/uploads\/2021\/04\/image-1557813078257-800x533.jpg\" alt=\"BeLive family sports club Chania\" width=\"800\" height=\"533\" srcset=\"https:\/\/old.seacretehotels.com\/wp-content\/uploads\/2021\/04\/image-1557813078257-800x533.jpg 800w, https:\/\/old.seacretehotels.com\/wp-content\/uploads\/2021\/04\/image-1557813078257-600x400.jpg 600w, https:\/\/old.seacretehotels.com\/wp-content\/uploads\/2021\/04\/image-1557813078257.jpg 900w\" sizes=\"(max-width: 800px) 100vw, 800px\" \/><\/p>\n<p><img decoding=\"async\" loading=\"lazy\" class=\"size-medium wp-image-89885\" src=\"https:\/\/old.seacretehotels.com\/wp-content\/uploads\/2021\/04\/image-1557813105413-800x533.jpg\" alt=\"BeLive family sports club Chania\" width=\"800\" height=\"533\" srcset=\"https:\/\/old.seacretehotels.com\/wp-content\/uploads\/2021\/04\/image-1557813105413-800x533.jpg 800w, https:\/\/old.seacretehotels.com\/wp-content\/uploads\/2021\/04\/image-1557813105413-600x400.jpg 600w, https:\/\/old.seacretehotels.com\/wp-content\/uploads\/2021\/04\/image-1557813105413.jpg 900w\" sizes=\"(max-width: 800px) 100vw, 800px\" \/><\/p>\n<p><img decoding=\"async\" loading=\"lazy\" class=\"size-medium wp-image-89881\" src=\"https:\/\/old.seacretehotels.com\/wp-content\/uploads\/2021\/04\/image-1557813057584-800x533.jpg\" alt=\"BeLive family sports club Chania\" width=\"800\" height=\"533\" srcset=\"https:\/\/old.seacretehotels.com\/wp-content\/uploads\/2021\/04\/image-1557813057584-800x533.jpg 800w, https:\/\/old.seacretehotels.com\/wp-content\/uploads\/2021\/04\/image-1557813057584-600x400.jpg 600w, https:\/\/old.seacretehotels.com\/wp-content\/uploads\/2021\/04\/image-1557813057584.jpg 900w\" sizes=\"(max-width: 800px) 100vw, 800px\" \/><\/p>\n<p><img decoding=\"async\" loading=\"lazy\" class=\"size-medium wp-image-89879\" src=\"https:\/\/old.seacretehotels.com\/wp-content\/uploads\/2021\/04\/image-1557813038526-800x533.jpg\" alt=\"BeLive family sports club Chania\" width=\"800\" height=\"533\" srcset=\"https:\/\/old.seacretehotels.com\/wp-content\/uploads\/2021\/04\/image-1557813038526-800x533.jpg 800w, https:\/\/old.seacretehotels.com\/wp-content\/uploads\/2021\/04\/image-1557813038526-600x400.jpg 600w, https:\/\/old.seacretehotels.com\/wp-content\/uploads\/2021\/04\/image-1557813038526.jpg 900w\" sizes=\"(max-width: 800px) 100vw, 800px\" \/><\/p>\n<p><img decoding=\"async\" loading=\"lazy\" class=\"size-medium wp-image-89877\" src=\"https:\/\/old.seacretehotels.com\/wp-content\/uploads\/2021\/04\/image-1557813027868-800x533.jpg\" alt=\"BeLive family sports club Chania\" width=\"800\" height=\"533\" srcset=\"https:\/\/old.seacretehotels.com\/wp-content\/uploads\/2021\/04\/image-1557813027868-800x533.jpg 800w, https:\/\/old.seacretehotels.com\/wp-content\/uploads\/2021\/04\/image-1557813027868-600x400.jpg 600w, https:\/\/old.seacretehotels.com\/wp-content\/uploads\/2021\/04\/image-1557813027868.jpg 900w\" sizes=\"(max-width: 800px) 100vw, 800px\" \/><\/p>\n","protected":false},"excerpt":{"rendered":"<p>Dodatkowe obiekty fitness dla ca\u0142ej rodziny w czasie pobytu w hotelu Kiani Beach Resort! Cieszymy si\u0119, \u017ce mo\u017cemy wsp\u00f3\u0142pracowa\u0107 z <\/p>\n","protected":false},"author":3,"featured_media":89885,"parent":91973,"menu_order":0,"comment_status":"closed","ping_status":"closed","template":"templates\/template--single.php","meta":[],"acf":[],"_links":{"self":[{"href":"https:\/\/old.seacretehotels.com\/pl\/wp-json\/wp\/v2\/pages\/91982"}],"collection":[{"href":"https:\/\/old.seacretehotels.com\/pl\/wp-json\/wp\/v2\/pages"}],"about":[{"href":"https:\/\/old.seacretehotels.com\/pl\/wp-json\/wp\/v2\/types\/page"}],"author":[{"embeddable":true,"href":"https:\/\/old.seacretehotels.com\/pl\/wp-json\/wp\/v2\/users\/3"}],"replies":[{"embeddable":true,"href":"https:\/\/old.seacretehotels.com\/pl\/wp-json\/wp\/v2\/comments?post=91982"}],"version-history":[{"count":2,"href":"https:\/\/old.seacretehotels.com\/pl\/wp-json\/wp\/v2\/pages\/91982\/revisions"}],"predecessor-version":[{"id":91985,"href":"https:\/\/old.seacretehotels.com\/pl\/wp-json\/wp\/v2\/pages\/91982\/revisions\/91985"}],"up":[{"embeddable":true,"href":"https:\/\/old.seacretehotels.com\/pl\/wp-json\/wp\/v2\/pages\/91973"}],"wp:featuredmedia":[{"embeddable":true,"href":"https:\/\/old.seacretehotels.com\/pl\/wp-json\/wp\/v2\/media\/89885"}],"wp:attachment":[{"href":"https:\/\/old.seacretehotels.com\/pl\/wp-json\/wp\/v2\/media?parent=91982"}],"curies":[{"name":"wp","href":"https:\/\/api.w.org\/{rel}","templated":true}]}}