
  
{"id":91977,"date":"2016-03-15T13:19:56","date_gmt":"2016-03-15T11:19:56","guid":{"rendered":"https:\/\/old.seacretehotels.com\/kianibeachresort\/allinclusive-vip\/"},"modified":"2023-05-19T18:39:45","modified_gmt":"2023-05-19T15:39:45","slug":"allinclusive-plus","status":"publish","type":"page","link":"https:\/\/old.seacretehotels.com\/pl\/kianibeachresort\/allinclusive-plus\/","title":{"rendered":"All-Inclusive Plus Package"},"content":{"rendered":"<h1>Pakiet All-Inclusive Plus<\/h1>\n<p><strong><a style=\"text-decoration: underline;\" href=\"https:\/\/old.seacretehotels.com\/wp-content\/uploads\/2022\/11\/KBR_AI_PLUS_ENGLISH.pdf\" target=\"_blank\" rel=\"noopener noreferrer\">Zobacz wszystkie powody, dla kt\u00f3rych warto przej\u015b\u0107 na nasz pakiet All-Inclusive Plus <\/a><\/p>\n<p>Uwaga: <\/strong>wszyscy doro\u015bli go\u015bcie w ramach ka\u017cdej rezerwacji pokoju b\u0119d\u0105 zobowi\u0105zani do podwy\u017cszenia standardu.<strong><\/p>\n<p><\/strong>Zmie\u0144 swoje wakacje w co\u015b ekstra specjalnego z naszym pakietem All-Inclusive Plus. Przygotuj si\u0119 na dodatkowe korzy\u015bci, gdy wejdziesz do swojego pokoju, a na Ciebie i Twoje dzieci b\u0119d\u0105 czeka\u0107 specjalne smako\u0142yki, w tym bezp\u0142atna butelka wina podczas posi\u0142ku. Powitaj s\u0142o\u0144ce popijaj\u0105c koktajl na pla\u017cy i do\u015bwiadcz najbardziej luksusowej strony \u017cycia na wyspie.<\/p>\n<p>Poni\u017cej przedstawiamy zarys dodatkowych us\u0142ug dost\u0119pnych dla naszych go\u015bci All-Inclusive Plus. Za 20 \u20ac za osob\u0119 doros\u0142\u0105\/za dzie\u0144 mo\u017cesz korzysta\u0107 ze wszystkich standardowych us\u0142ug All-Inclusive, w tym:<\/p>\n<h3><strong>US\u0141UGI HOTELOWE<\/strong><\/h3>\n<ul>\n<li>Internet bezprzewodowy o podw\u00f3jnej pr\u0119dko\u015bci w ca\u0142ym o\u015brodku<\/li>\n<li>Bezp\u0142atny tort na imprezy okoliczno\u015bciowe (np. urodziny, rocznice itp.)<\/li>\n<li>Zni\u017cka 10% na zakupy w sklepie spo\u017cywczym<\/li>\n<li>Zni\u017cka 10% na wycieczki i wynajem samochodu (biuro znajduje si\u0119 na miejscu w hotelu)<\/li>\n<li>Korzystanie z pokoju do godz. 18:00 (w zale\u017cno\u015bci od dost\u0119pno\u015bci) \u2013 zni\u017cka 50%<\/li>\n<\/ul>\n<h3><strong>OBS\u0141UGA POKOJOWA<\/strong><\/h3>\n<ul>\n<li>Zamiana na pok\u00f3j o wy\u017cszym standardzie (w zale\u017cno\u015bci od dost\u0119pno\u015bci)<\/li>\n<li>Pralnia (zni\u017cka w wysoko\u015bci 30%)<\/li>\n<li>Us\u0142uga mycia naczy\u0144<\/li>\n<li>Us\u0142ugi pokoj\u00f3wki po po\u0142udniu (na \u017cyczenie)<\/li>\n<li>Kosz powitalny (zawieraj\u0105cy wino domowej roboty, owoce, wod\u0119, soki i napoje bezalkoholowe)<\/li>\n<li>Prezent dla dzieci<\/li>\n<li>Korzystanie z pokoju do godz. 18:00 (w zale\u017cno\u015bci od dost\u0119pno\u015bci)<\/li>\n<li>Ekspres do kawy (2 x kapsu\u0142ki GRATIS uzupe\u0142niane podczas sprz\u0105tania pokoju)<\/li>\n<li>Codziennie uzupe\u0142niana 1 butelka wody<\/li>\n<\/ul>\n<h3><strong>POSI\u0141KI I NAPOJE<\/strong><\/h3>\n<h4><strong>Go\u015bcie mog\u0105 korzysta\u0107 ze wszystkich dodatkowych posi\u0142k\u00f3w i napoj\u00f3w w pakiecie All-Inclusive, a tak\u017ce z poni\u017cszych us\u0142ug dodatkowych:<\/strong><\/h4>\n<ul>\n<li>\u2013 Restauracja na dachu (zni\u017cka 40%)<\/li>\n<li>Darmowe markowe napoje alkoholowe premium<\/li>\n<li>Wino musuj\u0105ce<\/li>\n<li>Bezp\u0142atne koktajle alkoholowe i bezalkoholowe premium<\/li>\n<li>Lokalne napoje gazowane<\/li>\n<li>Butelkowane wino domowe 375 ml (2 butelki na osob\u0119 dziennie)<\/li>\n<li>Darmowe piwo premium<\/li>\n<li>\u015awie\u017cy sok pomara\u0144czowy do \u015bniadania i przez ca\u0142y dzie\u0144 w naszym barze przy basenie i na pla\u017cy<\/li>\n<li>Markowa kawa i herbata z automatu (espresso, cappuccino, gor\u0105ca czekolada itp.)<\/li>\n<li>Kawa barrista (zimne cappuccino, kawa po grecku itp.)<\/li>\n<\/ul>\n<p><strong>Pe\u0142na lista markowych alkoholi premium oferowanych w naszym programie All-Inclusive Plus znajduje si\u0119 poni\u017cej:<\/strong><\/p>\n<p><strong><em>Whisky:<\/em><\/strong><em>\u00a0Johnnie Walker Red Label, Ballantine\u2019s, Cutty Sark, Dewar\u2019s, Haig, J&amp;B, Label 5, Jameson, Jim Beam<br \/>\n<strong>Rum:<\/strong>\u00a0Bacardi, Havana Club, Captain Morgan Black, Bacardi Black<br \/>\n<strong>Koniaki:<\/strong>\u00a0Metaxa 3*<br \/>\n<strong>Wermuty \u2013 Aperitify \u2013 Bittersy:<\/strong>\u00a0Aperol, Campari Bitter, Jagermeister, Martini Blanco, Martini Dry, Martini Rosato, Martini Rosso<br \/>\n<strong>Gin:<\/strong>\u00a0Beefeater, Gordons<br \/>\n<strong>W\u00f3dka:<\/strong>\u00a0Finlandia, Serkova, Smirnoff Red, Smirnoff North, Ursus Roter<br \/>\n<strong>Likiery:<\/strong>\u00a0Amaretto Disaronno, Archer\u2019s Peach, Baileys, Batida De Coco, Tia Maria<br \/>\n<strong>Sambuca:\u00a0<\/strong>Ramazzotti<br \/>\n<strong>Tequila:<\/strong>\u00a0Jose Cuervo Especial, Jose Cuervo Silver, Sierra Reposado, Sierra Silver<\/em><\/p>\n<h3><strong>SPORT I ZAJ\u0118CIA FITNESS<\/strong><\/h3>\n<ul>\n<li>Bezp\u0142atne korzystanie z naszego kortu tenisowego (wymagana rezerwacja)<\/li>\n<li>Nurkowanie- zni\u017cka w wysoko\u015bci 10%<\/li>\n<\/ul>\n<h3><strong>SPA W HOTELU KIANI BEACH RESORT<\/strong><\/h3>\n<ul>\n<li>Masa\u017ce, zabiegi i obiekty spa- zni\u017cka 30%<\/li>\n<\/ul>\n<h3><strong>OBIEKTY DLA DZIECI<\/strong><\/h3>\n<ul>\n<li>Malowanie podkoszulki- zni\u017cka 20%<\/li>\n<\/ul>\n<p>&nbsp;<\/p>\n","protected":false},"excerpt":{"rendered":"<p>Pakiet All-Inclusive Plus Zobacz wszystkie powody, dla kt\u00f3rych warto przej\u015b\u0107 na nasz pakiet All-Inclusive Plus Uwaga: wszyscy doro\u015bli go\u015bcie w <\/p>\n","protected":false},"author":1,"featured_media":88190,"parent":91973,"menu_order":0,"comment_status":"closed","ping_status":"closed","template":"templates\/template--single.php","meta":[],"acf":[],"_links":{"self":[{"href":"https:\/\/old.seacretehotels.com\/pl\/wp-json\/wp\/v2\/pages\/91977"}],"collection":[{"href":"https:\/\/old.seacretehotels.com\/pl\/wp-json\/wp\/v2\/pages"}],"about":[{"href":"https:\/\/old.seacretehotels.com\/pl\/wp-json\/wp\/v2\/types\/page"}],"author":[{"embeddable":true,"href":"https:\/\/old.seacretehotels.com\/pl\/wp-json\/wp\/v2\/users\/1"}],"replies":[{"embeddable":true,"href":"https:\/\/old.seacretehotels.com\/pl\/wp-json\/wp\/v2\/comments?post=91977"}],"version-history":[{"count":4,"href":"https:\/\/old.seacretehotels.com\/pl\/wp-json\/wp\/v2\/pages\/91977\/revisions"}],"predecessor-version":[{"id":101374,"href":"https:\/\/old.seacretehotels.com\/pl\/wp-json\/wp\/v2\/pages\/91977\/revisions\/101374"}],"up":[{"embeddable":true,"href":"https:\/\/old.seacretehotels.com\/pl\/wp-json\/wp\/v2\/pages\/91973"}],"wp:featuredmedia":[{"embeddable":true,"href":"https:\/\/old.seacretehotels.com\/pl\/wp-json\/wp\/v2\/media\/88190"}],"wp:attachment":[{"href":"https:\/\/old.seacretehotels.com\/pl\/wp-json\/wp\/v2\/media?parent=91977"}],"curies":[{"name":"wp","href":"https:\/\/api.w.org\/{rel}","templated":true}]}}