
  
{"id":91973,"date":"2016-03-03T17:13:22","date_gmt":"2016-03-03T15:13:22","guid":{"rendered":"https:\/\/old.seacretehotels.com\/kianibeachresort\/"},"modified":"2023-10-30T15:58:43","modified_gmt":"2023-10-30T13:58:43","slug":"kianibeachresort","status":"publish","type":"page","link":"https:\/\/old.seacretehotels.com\/pl\/kianibeachresort\/","title":{"rendered":"Kiani Homepage"},"content":{"rendered":"<p>Hotel Kiani Beach Resort znalaz\u0142 si\u0119:\u00a0<strong>w\u015br\u00f3d 10 najlepszych kurort\u00f3w oferuj\u0105cych us\u0142ugi All inclusive w Grecji za rok 2022 i w w\u015br\u00f3d 25 najlepszych kurort\u00f3w oferuj\u0105cych us\u0142ugi All Inclusive w Europe za 2022 rok<\/strong><\/p>\n<h1><\/h1>\n<h1>Rodzinny kurort w Chanii oferuj\u0105cy us\u0142ugi All- Inclusive na Krecie<\/h1>\n<p>Kiani Beach Resort to\u00a0<a href=\"https:\/\/old.seacretehotels.com\/pl\/kianibeachresort\/allinclusive-hotel\/\">rodzinny o\u015brodek oferuj\u0105cy us\u0142ugi typu all inclusive w Chanii<\/a>\u00a0przy wyr\u00f3\u017cnionej B\u0142\u0119kitn\u0105 Flag\u0105 pla\u017cy Kiani Akti, na obrze\u017cach wioski Kalyves na Krecie. Ten specjalnie zaprojektowany dla rodzin z dzie\u0107mi kurort nad morzem oferuje wypoczynek dla doros\u0142ych, jak i najm\u0142odszych go\u015bci. Szeroka gama obiekt\u00f3w i us\u0142ug dla os\u00f3b w ka\u017cdym wieku zapewni udany odpoczynek dla rodzin przyje\u017cd\u017caj\u0105cych na Kret\u0119. Przygotuj si\u0119 na zanurzenie w \u015bwiecie luksusu i ciesz si\u0119 wakacjami w jednym z najlepszych nadmorskich kurort\u00f3w w Grecji.<\/p>\n<h2><\/h2>\n<h2><strong>Rodzinny kurort w Chanii<\/strong><\/h2>\n<p>Odwiedzaj\u0105c ten wyj\u0105tkowy krete\u0144ski kurort dla rodzin, mo\u017cesz wyk\u0105pa\u0107 si\u0119 w krystalicznie czystych wodach Morza Krete\u0144skiego lub w basenie, delektowa\u0107 si\u0119 orze\u017awiaj\u0105cymi koktajlami i pysznymi posi\u0142kami, uczestniczy\u0107 w wielu programach rekreacyjnych i rozrywkowych lub w pe\u0142ni zrelaksowa\u0107 si\u0119 w czaruj\u0105cym otoczeniu hotelu. Niezale\u017cnie od wieku, poddaj si\u0119 atmosferze tego luksusowego 5-gwiazdkowego kurortu w Chanii i przygotuj si\u0119 na niespodzianki.<\/p>\n","protected":false},"excerpt":{"rendered":"<p>Hotel Kiani Beach Resort znalaz\u0142 si\u0119:\u00a0w\u015br\u00f3d 10 najlepszych kurort\u00f3w oferuj\u0105cych us\u0142ugi All inclusive w Grecji za rok 2022 i w <\/p>\n","protected":false},"author":1,"featured_media":88283,"parent":0,"menu_order":0,"comment_status":"closed","ping_status":"closed","template":"templates\/template--hotel.php","meta":[],"acf":[],"_links":{"self":[{"href":"https:\/\/old.seacretehotels.com\/pl\/wp-json\/wp\/v2\/pages\/91973"}],"collection":[{"href":"https:\/\/old.seacretehotels.com\/pl\/wp-json\/wp\/v2\/pages"}],"about":[{"href":"https:\/\/old.seacretehotels.com\/pl\/wp-json\/wp\/v2\/types\/page"}],"author":[{"embeddable":true,"href":"https:\/\/old.seacretehotels.com\/pl\/wp-json\/wp\/v2\/users\/1"}],"replies":[{"embeddable":true,"href":"https:\/\/old.seacretehotels.com\/pl\/wp-json\/wp\/v2\/comments?post=91973"}],"version-history":[{"count":18,"href":"https:\/\/old.seacretehotels.com\/pl\/wp-json\/wp\/v2\/pages\/91973\/revisions"}],"predecessor-version":[{"id":108350,"href":"https:\/\/old.seacretehotels.com\/pl\/wp-json\/wp\/v2\/pages\/91973\/revisions\/108350"}],"wp:featuredmedia":[{"embeddable":true,"href":"https:\/\/old.seacretehotels.com\/pl\/wp-json\/wp\/v2\/media\/88283"}],"wp:attachment":[{"href":"https:\/\/old.seacretehotels.com\/pl\/wp-json\/wp\/v2\/media?parent=91973"}],"curies":[{"name":"wp","href":"https:\/\/api.w.org\/{rel}","templated":true}]}}