
  
{"id":91963,"date":"2019-06-25T12:23:19","date_gmt":"2019-06-25T09:23:19","guid":{"rendered":"https:\/\/old.seacretehotels.com\/kalyvesbeachhotel\/wellness-center-spa\/"},"modified":"2023-07-26T14:04:59","modified_gmt":"2023-07-26T11:04:59","slug":"wellness-center-spa","status":"publish","type":"page","link":"https:\/\/old.seacretehotels.com\/pl\/kalyvesbeachhotel\/wellness-center-spa\/","title":{"rendered":"Wellness Center &#038; Spa"},"content":{"rendered":"<h1>Centrum odnowy biologicznej i spa<\/h1>\n<p><strong><a href=\"https:\/\/hotels.aegeospas.gr\/wp-content\/uploads\/PDFs\/Menu-Wet-ENG-DE-Desktop.pdf\" target=\"_blank\" rel=\"noopener\">Kliknij tutaj, aby zapozna\u0107 si\u0119 z pe\u0142nym opisem naszego menu i zabieg\u00f3w SPA<\/a><\/strong><\/p>\n<p><strong><a href=\"https:\/\/old.seacretehotels.com\/wp-content\/uploads\/2023\/07\/pricelist-wet-medium.pdf\" target=\"_blank\" rel=\"noopener\">Kliknij tutaj, aby zobaczy\u0107 nasze ceny SPA<\/a><\/strong><\/p>\n<p>Prawdziwa krete\u0144ska przygoda nie by\u0142aby kompletna bez do\u015bwiadczenia w spa, zw\u0142aszcza \u017ce zabiegi Kalyves Beach Spa wykorzystuj\u0105 czyste naturalne lokalne sk\u0142adniki, takie jak oliwa z oliwek, mi\u00f3d i ekstrakty z winogron.<\/p>\n<p>\u015awie\u017ce aromatyczne ro\u015bliny i zio\u0142a, takie jak rozmaryn, mi\u0119ta pieprzowa, trawa cytrynowa i rumianek, odgrywaj\u0105 g\u0142\u00f3wn\u0105 rol\u0119 w serii specjalnie opracowanych zabieg\u00f3w oferowanych w naszym Kalyves Beach SPA. Wykorzystuj\u0105c prawdziw\u0105 uzdrawiaj\u0105c\u0105 moc krete\u0144skich skarb\u00f3w, nasi do\u015bwiadczeni terapeuci zapewni\u0105 niezapomniany i relaksuj\u0105cy zabieg dostosowany do Twoich potrzeb. Skorzystaj z szerokiej gamy holistycznych zabieg\u00f3w dla cia\u0142a i duszy, w tym masa\u017cy cia\u0142a, zabieg\u00f3w na twarz i cia\u0142a w naszych specjalnie zaprojektowanych gabinetach zabiegowych. Dlaczego nie spr\u00f3bowa\u0107 nawet naszej sauny i wanny z hydromasa\u017cem po zabiegu, aby uzyska\u0107 jeszcze bardziej odm\u0142adzaj\u0105ce wra\u017cenia.<\/p>\n<p><strong>W celu rezerwacji lub dalszych informacji prosimy o kontakt<\/strong> \u00a0Tel.: +30 28250 31285 lub zapytanie w naszej recepcji.<\/p>\n","protected":false},"excerpt":{"rendered":"<p>Centrum odnowy biologicznej i spa Kliknij tutaj, aby zapozna\u0107 si\u0119 z pe\u0142nym opisem naszego menu i zabieg\u00f3w SPA Kliknij tutaj, <\/p>\n","protected":false},"author":1,"featured_media":100326,"parent":91680,"menu_order":0,"comment_status":"closed","ping_status":"closed","template":"templates\/template--single.php","meta":[],"acf":[],"_links":{"self":[{"href":"https:\/\/old.seacretehotels.com\/pl\/wp-json\/wp\/v2\/pages\/91963"}],"collection":[{"href":"https:\/\/old.seacretehotels.com\/pl\/wp-json\/wp\/v2\/pages"}],"about":[{"href":"https:\/\/old.seacretehotels.com\/pl\/wp-json\/wp\/v2\/types\/page"}],"author":[{"embeddable":true,"href":"https:\/\/old.seacretehotels.com\/pl\/wp-json\/wp\/v2\/users\/1"}],"replies":[{"embeddable":true,"href":"https:\/\/old.seacretehotels.com\/pl\/wp-json\/wp\/v2\/comments?post=91963"}],"version-history":[{"count":5,"href":"https:\/\/old.seacretehotels.com\/pl\/wp-json\/wp\/v2\/pages\/91963\/revisions"}],"predecessor-version":[{"id":105049,"href":"https:\/\/old.seacretehotels.com\/pl\/wp-json\/wp\/v2\/pages\/91963\/revisions\/105049"}],"up":[{"embeddable":true,"href":"https:\/\/old.seacretehotels.com\/pl\/wp-json\/wp\/v2\/pages\/91680"}],"wp:featuredmedia":[{"embeddable":true,"href":"https:\/\/old.seacretehotels.com\/pl\/wp-json\/wp\/v2\/media\/100326"}],"wp:attachment":[{"href":"https:\/\/old.seacretehotels.com\/pl\/wp-json\/wp\/v2\/media?parent=91963"}],"curies":[{"name":"wp","href":"https:\/\/api.w.org\/{rel}","templated":true}]}}