
  
{"id":91953,"date":"2016-03-15T17:19:31","date_gmt":"2016-03-15T15:19:31","guid":{"rendered":"https:\/\/old.seacretehotels.com\/kalyvesbeachhotel\/wine-dine\/"},"modified":"2022-12-16T17:01:57","modified_gmt":"2022-12-16T15:01:57","slug":"wine-dine","status":"publish","type":"page","link":"https:\/\/old.seacretehotels.com\/pl\/kalyvesbeachhotel\/wine-dine\/","title":{"rendered":"Kalyves Wine &#038; Dining"},"content":{"rendered":"<h1>Gastronomia w hotelu Kalyves<\/h1>\n<h2><strong>Skosztuj kuchni \u015br\u00f3dziemnomorskiej z akcentami gastronomii mi\u0119dzynarodowej.<\/strong><\/h2>\n<p>Delektuj si\u0119 smakami poranka nad brzegiem wody, obserwuj\u0105c p\u0142ywaj\u0105ce kaczki, a wraz z up\u0142ywem dnia przygotuj swoje kubki smakowe na ekscytuj\u0105ce rewelacje przygotowane przez naszych utalentowanych szef\u00f3w kuchni. Zasmakuj potraw z basenu Morza \u015ar\u00f3dziemnego z akcentami kuchni mi\u0119dzynarodowej i wyrusz w kulinarn\u0105 podr\u00f3\u017c do s\u0142ynnej kuchni krete\u0144skiej z daniami i specja\u0142ami stworzonymi z najlepszych lokalnych sk\u0142adnik\u00f3w.<\/p>\n<p>Ciesz si\u0119 wspania\u0142ym posi\u0142kiem na werandzie naszej Restauracji Bufetowej z kieliszkiem wina z naszej eklektycznej karty win i rozpal nami\u0119tno\u015b\u0107 kolacj\u0105 przy \u015bwiecach pod rozgwie\u017cd\u017conym niebem.<\/p>\n<p>Po relaksuj\u0105cej k\u0105pieli w basenie lub lazurowym morzu mo\u017cna ugasi\u0107 pragnienie orze\u017awiaj\u0105cym koktajlem z naszego Beach Baru i zrelaksowa\u0107 si\u0119 w pi\u0119knym otoczeniu. Zjedz posi\u0142ek w oazie relaksu i spokoju, podziwiaj\u0105c szkar\u0142atne barwy zachodu s\u0142o\u0144ca.<\/p>\n<p><strong>W hotelu Kalyves Beach oferujemy:<\/strong><\/p>\n<ul>\n<li>Menu a la Carte (w tym wyb\u00f3r dla dzieci)<\/li>\n<li>Butelk\u0119 wina<\/li>\n<li>Soki ze \u015bwie\u017cych owoc\u00f3w<\/li>\n<li>Napoje bezalkoholowe i lody<\/li>\n<li>Koktajle i szampana<\/li>\n<\/ul>\n","protected":false},"excerpt":{"rendered":"<p>Gastronomia w hotelu Kalyves Skosztuj kuchni \u015br\u00f3dziemnomorskiej z akcentami gastronomii mi\u0119dzynarodowej. Delektuj si\u0119 smakami poranka nad brzegiem wody, obserwuj\u0105c p\u0142ywaj\u0105ce <\/p>\n","protected":false},"author":1,"featured_media":100221,"parent":91680,"menu_order":0,"comment_status":"closed","ping_status":"closed","template":"templates\/template--single.php","meta":[],"acf":[],"_links":{"self":[{"href":"https:\/\/old.seacretehotels.com\/pl\/wp-json\/wp\/v2\/pages\/91953"}],"collection":[{"href":"https:\/\/old.seacretehotels.com\/pl\/wp-json\/wp\/v2\/pages"}],"about":[{"href":"https:\/\/old.seacretehotels.com\/pl\/wp-json\/wp\/v2\/types\/page"}],"author":[{"embeddable":true,"href":"https:\/\/old.seacretehotels.com\/pl\/wp-json\/wp\/v2\/users\/1"}],"replies":[{"embeddable":true,"href":"https:\/\/old.seacretehotels.com\/pl\/wp-json\/wp\/v2\/comments?post=91953"}],"version-history":[{"count":1,"href":"https:\/\/old.seacretehotels.com\/pl\/wp-json\/wp\/v2\/pages\/91953\/revisions"}],"predecessor-version":[{"id":91956,"href":"https:\/\/old.seacretehotels.com\/pl\/wp-json\/wp\/v2\/pages\/91953\/revisions\/91956"}],"up":[{"embeddable":true,"href":"https:\/\/old.seacretehotels.com\/pl\/wp-json\/wp\/v2\/pages\/91680"}],"wp:featuredmedia":[{"embeddable":true,"href":"https:\/\/old.seacretehotels.com\/pl\/wp-json\/wp\/v2\/media\/100221"}],"wp:attachment":[{"href":"https:\/\/old.seacretehotels.com\/pl\/wp-json\/wp\/v2\/media?parent=91953"}],"curies":[{"name":"wp","href":"https:\/\/api.w.org\/{rel}","templated":true}]}}