
  
{"id":91949,"date":"2016-03-15T18:25:29","date_gmt":"2016-03-15T16:25:29","guid":{"rendered":"https:\/\/old.seacretehotels.com\/kalyvesbeachhotel\/traditional-holidays\/"},"modified":"2022-12-19T15:59:39","modified_gmt":"2022-12-19T13:59:39","slug":"traditional-holidays","status":"publish","type":"page","link":"https:\/\/old.seacretehotels.com\/pl\/kalyvesbeachhotel\/traditional-holidays\/","title":{"rendered":"Kalyves Village Life"},"content":{"rendered":"<h1>\u017bycie mieszka\u0144c\u00f3w w wiosce Kalyves w Chanii<\/h1>\n<p>Do\u015bwiadcz ciep\u0142ego przyj\u0119cia i s\u0142ynnej autentycznej krete\u0144skiej go\u015bcinno\u015bci w malowniczej wiosce Kalyves w Chanii. Poznaj \u017cycie mieszka\u0144c\u00f3w tej tradycyjnej wioski na Krecie oraz jej pi\u0119kno w czasie swojej na niej wizyty. Zwiedzaj wiosk\u0119 Kalyves na piechot\u0119, gubi\u0105c si\u0119 po\u015br\u00f3d jej ulic i zau\u0142k\u00f3w, delektuj si\u0119 kaw\u0105 przyrz\u0105dzon\u0105 w tradycyjny spos\u00f3b w jednej z lokalnych kawiarni \u201ekafeneion\u201d na rynku wioski i kupuj autentyczne lokalne produkty i artefakty ze specjalistycznych sklep\u00f3w w wiosce, u rze\u017anik\u00f3w, w piekarni, na targu, w sklepie z winem w tradycyjnych beczkach oraz w sklepach z ceramik\u0105 i bi\u017cuteri\u0105. Spotkaj si\u0119 z mieszka\u0144cami na rynku, delektuj\u0105c si\u0119 posi\u0142kiem lub napojem przy ko\u015bciele Agia Parakevi i podziwiaj oryginalne pi\u0119kno wioski.<\/p>\n<h2><strong>Tradycyjna wioska Kalyves na Krecie<\/strong><\/h2>\n<p>Zachowuj\u0105c sw\u00f3j pierwotny charakter i lokalny styl \u017cycia, wioska Kalyves jest idealnym miejscem na spokojny odpoczynek na Krecie. Wybierz si\u0119 na spacer po g\u0142\u00f3wnym placu wioski, przejd\u017a przez most nad rzek\u0105 Xydas, podziwiaj flor\u0119 i faun\u0119 nad brzegiem rzeki i obserwuj p\u0142ywaj\u0105ce kaczki. Wioska Kalyves stanowi idealn\u0105 baz\u0119 wypadow\u0105 do spacer\u00f3w po dw\u00f3ch niesamowitych pla\u017cach w okolicy, wizyt w pobliskich wioskach, takich jak Almyrida, Kalami, Armeni czy Aptera ze stanowiskiem archeologicznym i Nio Horio, a tak\u017ce wycieczek krajoznawczych do wi\u0119kszego regionu Apokoronas w Chanii. Pi\u0119knie po\u0142o\u017cony w sercu wioski Kalyves, hotel Kalyves Beach w Chanii oferuje najlepszy wyb\u00f3r na rodzinne oraz romantyczne wakacje na Krecie, a tak\u017ce doskona\u0142\u0105 baz\u0119 wypadow\u0105 do odkrywania regionu Apokoronas.<\/p>\n<h3><strong>Niezapomniane wakacje w Kalyves<\/strong><\/h3>\n<p>Urocza wioska Kalyves w Chanii jest uwielbiana przez wielu, poniewa\u017c oferuje spokojne schronienie zar\u00f3wno dla rodzin, jak i par. Spokojna i malownicza wioska oferuje wszystko, czego go\u015b\u0107 mo\u017ce pragn\u0105\u0107 podczas wakacji w Kalyves, m.in. niesamowite pla\u017ce oznaczone B\u0142\u0119kitn\u0105 Flag\u0105 z p\u0142ytkimi wodami i kilka propozycji wycieczek zar\u00f3wno dla mi\u0142o\u015bnik\u00f3w dzikiej przyrody, jak i obserwator\u00f3w ptak\u00f3w, poniewa\u017c jest tam du\u017ca liczba ptak\u00f3w w\u0119drownych i gatunk\u00f3w endemicznych wartych zobaczenia. Wybierz si\u0119 na relaksuj\u0105ce spacery po pla\u017cy i bujnej okolicy, odwied\u017a w\u0105w\u00f3z Diktamos i pod\u0105\u017caj wiejskimi \u015bcie\u017ckami przez pachn\u0105ce gaje, pastwiska i ma\u0142e wioski; usi\u0105d\u017a nad brzegiem rzeki Xidas lub Koiliaris i podziwiaj dramatyczn\u0105 sceneri\u0119 s\u0142ynnych na ca\u0142ym \u015bwiecie Bia\u0142ych G\u00f3r Grecji. Ciesz si\u0119 wakacjami w Kalyves i <a href=\"https:\/\/old.seacretehotels.com\/pl\/chania-sightseeing\/\">zwiedzaniem Chanii<\/a>\u00a0podczas pobytu w jednym z najlepszych nadmorskich kurort\u00f3w na Krecie.<\/p>\n","protected":false},"excerpt":{"rendered":"<p>\u017bycie mieszka\u0144c\u00f3w w wiosce Kalyves w Chanii Do\u015bwiadcz ciep\u0142ego przyj\u0119cia i s\u0142ynnej autentycznej krete\u0144skiej go\u015bcinno\u015bci w malowniczej wiosce Kalyves w <\/p>\n","protected":false},"author":1,"featured_media":100590,"parent":91680,"menu_order":0,"comment_status":"closed","ping_status":"closed","template":"templates\/template--single.php","meta":[],"acf":[],"_links":{"self":[{"href":"https:\/\/old.seacretehotels.com\/pl\/wp-json\/wp\/v2\/pages\/91949"}],"collection":[{"href":"https:\/\/old.seacretehotels.com\/pl\/wp-json\/wp\/v2\/pages"}],"about":[{"href":"https:\/\/old.seacretehotels.com\/pl\/wp-json\/wp\/v2\/types\/page"}],"author":[{"embeddable":true,"href":"https:\/\/old.seacretehotels.com\/pl\/wp-json\/wp\/v2\/users\/1"}],"replies":[{"embeddable":true,"href":"https:\/\/old.seacretehotels.com\/pl\/wp-json\/wp\/v2\/comments?post=91949"}],"version-history":[{"count":3,"href":"https:\/\/old.seacretehotels.com\/pl\/wp-json\/wp\/v2\/pages\/91949\/revisions"}],"predecessor-version":[{"id":92539,"href":"https:\/\/old.seacretehotels.com\/pl\/wp-json\/wp\/v2\/pages\/91949\/revisions\/92539"}],"up":[{"embeddable":true,"href":"https:\/\/old.seacretehotels.com\/pl\/wp-json\/wp\/v2\/pages\/91680"}],"wp:featuredmedia":[{"embeddable":true,"href":"https:\/\/old.seacretehotels.com\/pl\/wp-json\/wp\/v2\/media\/100590"}],"wp:attachment":[{"href":"https:\/\/old.seacretehotels.com\/pl\/wp-json\/wp\/v2\/media?parent=91949"}],"curies":[{"name":"wp","href":"https:\/\/api.w.org\/{rel}","templated":true}]}}