
  
{"id":91943,"date":"2016-03-15T16:36:12","date_gmt":"2016-03-15T14:36:12","guid":{"rendered":"https:\/\/old.seacretehotels.com\/kalyvesbeachhotel\/sports\/"},"modified":"2022-12-16T16:49:58","modified_gmt":"2022-12-16T14:49:58","slug":"sports","status":"publish","type":"page","link":"https:\/\/old.seacretehotels.com\/pl\/kalyvesbeachhotel\/sports\/","title":{"rendered":"Kalyves Sports"},"content":{"rendered":"<h2>Sporty w Kalyves Beach<\/h2>\n<h2><strong>Je\u015bli jeste\u015b fanem sportu, przygotuj si\u0119 na najbardziej ekscytuj\u0105ce zaj\u0119cia sportowe i fitness.<\/strong><\/h2>\n<p>Do\u0142\u0105cz do naszego programu fitness, ta\u0144cz przy d\u017awi\u0119kach zumby, zrelaksuj si\u0119 podczas zaj\u0119\u0107 jogi i pilatesu dwa razy w tygodniu, we\u017a udzia\u0142 w zaj\u0119ciach aqua aerobiku lub wyrusz na przygod\u0119 z nurkowaniem, aby odkry\u0107 dno morskie Chanii. Mo\u017cesz nawet sprawdzi\u0107 swoje umiej\u0119tno\u015bci w grze w bilard oraz tenisa sto\u0142owego, a tak\u017ce zwiedzi\u0107 okolic\u0119 podczas wycieczki pieszej lub trekkingowej.<\/p>\n","protected":false},"excerpt":{"rendered":"<p>Sporty w Kalyves Beach Je\u015bli jeste\u015b fanem sportu, przygotuj si\u0119 na najbardziej ekscytuj\u0105ce zaj\u0119cia sportowe i fitness. Do\u0142\u0105cz do naszego <\/p>\n","protected":false},"author":1,"featured_media":88071,"parent":91680,"menu_order":0,"comment_status":"closed","ping_status":"closed","template":"templates\/template--single.php","meta":[],"acf":[],"_links":{"self":[{"href":"https:\/\/old.seacretehotels.com\/pl\/wp-json\/wp\/v2\/pages\/91943"}],"collection":[{"href":"https:\/\/old.seacretehotels.com\/pl\/wp-json\/wp\/v2\/pages"}],"about":[{"href":"https:\/\/old.seacretehotels.com\/pl\/wp-json\/wp\/v2\/types\/page"}],"author":[{"embeddable":true,"href":"https:\/\/old.seacretehotels.com\/pl\/wp-json\/wp\/v2\/users\/1"}],"replies":[{"embeddable":true,"href":"https:\/\/old.seacretehotels.com\/pl\/wp-json\/wp\/v2\/comments?post=91943"}],"version-history":[{"count":2,"href":"https:\/\/old.seacretehotels.com\/pl\/wp-json\/wp\/v2\/pages\/91943\/revisions"}],"predecessor-version":[{"id":91946,"href":"https:\/\/old.seacretehotels.com\/pl\/wp-json\/wp\/v2\/pages\/91943\/revisions\/91946"}],"up":[{"embeddable":true,"href":"https:\/\/old.seacretehotels.com\/pl\/wp-json\/wp\/v2\/pages\/91680"}],"wp:featuredmedia":[{"embeddable":true,"href":"https:\/\/old.seacretehotels.com\/pl\/wp-json\/wp\/v2\/media\/88071"}],"wp:attachment":[{"href":"https:\/\/old.seacretehotels.com\/pl\/wp-json\/wp\/v2\/media?parent=91943"}],"curies":[{"name":"wp","href":"https:\/\/api.w.org\/{rel}","templated":true}]}}