
  
{"id":91936,"date":"2016-03-15T16:47:41","date_gmt":"2016-03-15T14:47:41","guid":{"rendered":"https:\/\/old.seacretehotels.com\/kalyvesbeachhotel\/room-facilities\/"},"modified":"2022-12-16T16:58:48","modified_gmt":"2022-12-16T14:58:48","slug":"room-facilities","status":"publish","type":"page","link":"https:\/\/old.seacretehotels.com\/pl\/kalyvesbeachhotel\/room-facilities\/","title":{"rendered":"Kalyves Room Facilities"},"content":{"rendered":"<h1>Wyposa\u017cenie pokoju<\/h1>\n<p>Wszystkie pokoje w hotelu Kalyves Beach z widokiem na morze, ogrody lub g\u00f3ry emanuj\u0105 b\u0142og\u0105 atmosfer\u0105 zapewniaj\u0105c\u0105 godziny spokojnego wypoczynku. Wyposa\u017cone w pi\u0119kne meble i nowoczesne udogodnienia nasze pokoje zapewni\u0105 go\u015bciom odpoczynek w czasie ich pobytu w naszym hotelu. Przestronne i pi\u0119knie zaprojektowane pokoje wyposa\u017cone s\u0105 we wszystkie nowoczesne udogodnienia- \u0142azienk\u0119, telewizj\u0119 satelitarn\u0105, lod\u00f3wk\u0119, czajnik, klimatyzacj\u0119 i balkon, gwarantuj\u0105c komfortowy pobyt.<\/p>\n<h2><strong>Wyposa\u017cenie pokoju<\/strong><\/h2>\n<ul>\n<li>Telewizja satelitarna<\/li>\n<li>Lod\u00f3wka<\/li>\n<li>Czajnik<\/li>\n<li>Sejf<\/li>\n<li>Suszarka do w\u0142os\u00f3w<\/li>\n<li>Sie\u0107 wifi<\/li>\n<li>Klimatyzacja<\/li>\n<li>Balkon<\/li>\n<li>Prysznic lub wanna<\/li>\n<li>Bezpo\u015brednia linia telefoniczna<\/li>\n<\/ul>\n","protected":false},"excerpt":{"rendered":"<p>Wyposa\u017cenie pokoju Wszystkie pokoje w hotelu Kalyves Beach z widokiem na morze, ogrody lub g\u00f3ry emanuj\u0105 b\u0142og\u0105 atmosfer\u0105 zapewniaj\u0105c\u0105 godziny <\/p>\n","protected":false},"author":1,"featured_media":87833,"parent":91680,"menu_order":0,"comment_status":"closed","ping_status":"closed","template":"templates\/template--single.php","meta":[],"acf":[],"_links":{"self":[{"href":"https:\/\/old.seacretehotels.com\/pl\/wp-json\/wp\/v2\/pages\/91936"}],"collection":[{"href":"https:\/\/old.seacretehotels.com\/pl\/wp-json\/wp\/v2\/pages"}],"about":[{"href":"https:\/\/old.seacretehotels.com\/pl\/wp-json\/wp\/v2\/types\/page"}],"author":[{"embeddable":true,"href":"https:\/\/old.seacretehotels.com\/pl\/wp-json\/wp\/v2\/users\/1"}],"replies":[{"embeddable":true,"href":"https:\/\/old.seacretehotels.com\/pl\/wp-json\/wp\/v2\/comments?post=91936"}],"version-history":[{"count":3,"href":"https:\/\/old.seacretehotels.com\/pl\/wp-json\/wp\/v2\/pages\/91936\/revisions"}],"predecessor-version":[{"id":92218,"href":"https:\/\/old.seacretehotels.com\/pl\/wp-json\/wp\/v2\/pages\/91936\/revisions\/92218"}],"up":[{"embeddable":true,"href":"https:\/\/old.seacretehotels.com\/pl\/wp-json\/wp\/v2\/pages\/91680"}],"wp:featuredmedia":[{"embeddable":true,"href":"https:\/\/old.seacretehotels.com\/pl\/wp-json\/wp\/v2\/media\/87833"}],"wp:attachment":[{"href":"https:\/\/old.seacretehotels.com\/pl\/wp-json\/wp\/v2\/media?parent=91936"}],"curies":[{"name":"wp","href":"https:\/\/api.w.org\/{rel}","templated":true}]}}