
  
{"id":91932,"date":"2016-03-15T17:25:47","date_gmt":"2016-03-15T15:25:47","guid":{"rendered":"https:\/\/old.seacretehotels.com\/kalyvesbeachhotel\/romantic-getaway\/"},"modified":"2022-12-16T17:03:23","modified_gmt":"2022-12-16T15:03:23","slug":"romantic-getaway","status":"publish","type":"page","link":"https:\/\/old.seacretehotels.com\/pl\/kalyvesbeachhotel\/romantic-getaway\/","title":{"rendered":"Kalyves Romance"},"content":{"rendered":"<h1>Romantyczny Hotel dla par w Chanii<\/h1>\n<p>Pary mog\u0105 celebrowa\u0107 mi\u0142o\u015b\u0107 w najbardziej urokliwych miejscach nad pla\u017c\u0105 i rzek\u0105. Romantyczny hotel Kalyves Beach w Chanii oferuje idealny wypoczynek dla par, kt\u00f3re chc\u0105 si\u0119 zrelaksowa\u0107 i sp\u0119dzi\u0107 razem troch\u0119 czasu z dala od problem\u00f3w dnia codziennego. Wybierz si\u0119 na spacer po pla\u017cy lub malowniczym porcie w wiosce Kalyves i podziwiaj \u0142odzie rybackie oraz migocz\u0105ce \u015bwiat\u0142a z pobliskich tawern i kawiarni, gdy s\u0142o\u0144ce zacznie zachodzi\u0107 nad iskrz\u0105cym si\u0119 morzem Krety.<\/p>\n<h2><strong>Hotel dla nowo\u017ce\u0144c\u00f3w na Krecie<\/strong><\/h2>\n<p>Autentyczne krete\u0144skie ciep\u0142o doskonale \u0142\u0105czy si\u0119 z wyj\u0105tkow\u0105 lokalizacj\u0105 przy pla\u017cy i luksusem, dzi\u0119ki czemu Kalyves Beach jest najlepszym hotelem na Krecie na niezapomniany miesi\u0105c miodowy. W tym romantycznym hotelu na Krecie nowo\u017ce\u0144cy mog\u0105 zrelaksowa\u0107 si\u0119 w przestronnych pokojach, odpr\u0119\u017cy\u0107 si\u0119 w jacuzzi i rozkoszowa\u0107 si\u0119 przepyszn\u0105 kolacj\u0105 przy \u015bwiecach pod go\u0142ym niebem. Zatem je\u015bli chcia\u0142by\u015b sp\u0119dzi\u0107 najbardziej romantyczny urlop z drug\u0105 po\u0142\u00f3wk\u0105, wybierz hotel Kalyves Beach.<\/p>\n<h3><strong>Najlepszy romantyczny kr\u00f3tki urlop w Chanii<\/strong><\/h3>\n<p>W hotelu Kalyves Beach sp\u0119dzisz najlepszy urlop w Chanii wraz z drug\u0105 po\u0142\u00f3wk\u0105, poniewa\u017c hotel oferuje wszystko to, czego potrzebuj\u0105 pary sp\u0119dzaj\u0105ce razem urlop. Ten luksusowy hotel przy pla\u017cy w Chanii to prawdziwy raj dla zakochanych par, kt\u00f3ry oferuje im urzekaj\u0105c\u0105 sceneri\u0119, spokojn\u0105 okolic\u0119, ekskluzywne udogodnienia, us\u0142ugi, wyb\u00f3r restauracji oraz szerok\u0105 gam\u0119 dost\u0119pnych rozrywek i mo\u017cliwo\u015bci sp\u0119dzania wolnego czasu.<\/p>\n","protected":false},"excerpt":{"rendered":"<p>Romantyczny Hotel dla par w Chanii Pary mog\u0105 celebrowa\u0107 mi\u0142o\u015b\u0107 w najbardziej urokliwych miejscach nad pla\u017c\u0105 i rzek\u0105. Romantyczny hotel <\/p>\n","protected":false},"author":1,"featured_media":100212,"parent":91680,"menu_order":0,"comment_status":"closed","ping_status":"closed","template":"templates\/template--single.php","meta":[],"acf":[],"_links":{"self":[{"href":"https:\/\/old.seacretehotels.com\/pl\/wp-json\/wp\/v2\/pages\/91932"}],"collection":[{"href":"https:\/\/old.seacretehotels.com\/pl\/wp-json\/wp\/v2\/pages"}],"about":[{"href":"https:\/\/old.seacretehotels.com\/pl\/wp-json\/wp\/v2\/types\/page"}],"author":[{"embeddable":true,"href":"https:\/\/old.seacretehotels.com\/pl\/wp-json\/wp\/v2\/users\/1"}],"replies":[{"embeddable":true,"href":"https:\/\/old.seacretehotels.com\/pl\/wp-json\/wp\/v2\/comments?post=91932"}],"version-history":[{"count":2,"href":"https:\/\/old.seacretehotels.com\/pl\/wp-json\/wp\/v2\/pages\/91932\/revisions"}],"predecessor-version":[{"id":91934,"href":"https:\/\/old.seacretehotels.com\/pl\/wp-json\/wp\/v2\/pages\/91932\/revisions\/91934"}],"up":[{"embeddable":true,"href":"https:\/\/old.seacretehotels.com\/pl\/wp-json\/wp\/v2\/pages\/91680"}],"wp:featuredmedia":[{"embeddable":true,"href":"https:\/\/old.seacretehotels.com\/pl\/wp-json\/wp\/v2\/media\/100212"}],"wp:attachment":[{"href":"https:\/\/old.seacretehotels.com\/pl\/wp-json\/wp\/v2\/media?parent=91932"}],"curies":[{"name":"wp","href":"https:\/\/api.w.org\/{rel}","templated":true}]}}