
  
{"id":91928,"date":"2016-03-15T15:26:33","date_gmt":"2016-03-15T13:26:33","guid":{"rendered":"https:\/\/old.seacretehotels.com\/kalyvesbeachhotel\/kalyves-beach-restaurant\/"},"modified":"2023-01-24T12:09:22","modified_gmt":"2023-01-24T10:09:22","slug":"kalyves-beach-restaurant","status":"publish","type":"page","link":"https:\/\/old.seacretehotels.com\/pl\/kalyvesbeachhotel\/kalyves-beach-restaurant\/","title":{"rendered":"Kalyves Restaurant"},"content":{"rendered":"<h1>Restauracja bufetowa na pla\u017cy<\/h1>\n<h2><strong>Oferuje po\u0142\u0105czenie autentycznej kuchni greckiej i mi\u0119dzynarodowej<\/strong><\/h2>\n<p>Przytulna restauracja bufetowa hotelu Kalyves Beach zaprasza go\u015bci do skosztowania pysznych da\u0144 przygotowanych z naj\u015bwie\u017cszych lokalnych sk\u0142adnik\u00f3w. Powitaj poranek obfitym ameryka\u0144skim \u015bniadaniem w formie bufetu na werandzie nad rzek\u0105, podziwiaj\u0105c niesamowity widok na morze, delektuj si\u0119 obiadem, s\u0142uchaj\u0105c kaczek p\u0142ywaj\u0105cych w rzece i rozpal nami\u0119tno\u015b\u0107 w swoim zwi\u0105zku kolacj\u0105 przy \u015bwiecach z musuj\u0105cym winem z naszej bogatej listy win.<\/p>\n<ul>\n<li>Godziny serwowania \u015bniada\u0144 08:00 \u2013 10:30 Bufet ameryka\u0144ski<\/li>\n<li>Godziny serwowania obiad\u00f3w 13:00 \u2013 15:00 Pe\u0142ny bufet<\/li>\n<li>Godziny serwowania kolacji 19:00 \u2013 21:30 Pe\u0142ny bufet<\/li>\n<\/ul>\n","protected":false},"excerpt":{"rendered":"<p>Restauracja bufetowa na pla\u017cy Oferuje po\u0142\u0105czenie autentycznej kuchni greckiej i mi\u0119dzynarodowej Przytulna restauracja bufetowa hotelu Kalyves Beach zaprasza go\u015bci do <\/p>\n","protected":false},"author":1,"featured_media":100251,"parent":91680,"menu_order":0,"comment_status":"closed","ping_status":"closed","template":"templates\/template--single.php","meta":[],"acf":[],"_links":{"self":[{"href":"https:\/\/old.seacretehotels.com\/pl\/wp-json\/wp\/v2\/pages\/91928"}],"collection":[{"href":"https:\/\/old.seacretehotels.com\/pl\/wp-json\/wp\/v2\/pages"}],"about":[{"href":"https:\/\/old.seacretehotels.com\/pl\/wp-json\/wp\/v2\/types\/page"}],"author":[{"embeddable":true,"href":"https:\/\/old.seacretehotels.com\/pl\/wp-json\/wp\/v2\/users\/1"}],"replies":[{"embeddable":true,"href":"https:\/\/old.seacretehotels.com\/pl\/wp-json\/wp\/v2\/comments?post=91928"}],"version-history":[{"count":3,"href":"https:\/\/old.seacretehotels.com\/pl\/wp-json\/wp\/v2\/pages\/91928\/revisions"}],"predecessor-version":[{"id":93881,"href":"https:\/\/old.seacretehotels.com\/pl\/wp-json\/wp\/v2\/pages\/91928\/revisions\/93881"}],"up":[{"embeddable":true,"href":"https:\/\/old.seacretehotels.com\/pl\/wp-json\/wp\/v2\/pages\/91680"}],"wp:featuredmedia":[{"embeddable":true,"href":"https:\/\/old.seacretehotels.com\/pl\/wp-json\/wp\/v2\/media\/100251"}],"wp:attachment":[{"href":"https:\/\/old.seacretehotels.com\/pl\/wp-json\/wp\/v2\/media?parent=91928"}],"curies":[{"name":"wp","href":"https:\/\/api.w.org\/{rel}","templated":true}]}}