
  
{"id":91924,"date":"2016-03-15T16:42:11","date_gmt":"2016-03-15T14:42:11","guid":{"rendered":"https:\/\/old.seacretehotels.com\/kalyvesbeachhotel\/recreation\/"},"modified":"2022-12-16T16:55:38","modified_gmt":"2022-12-16T14:55:38","slug":"recreation","status":"publish","type":"page","link":"https:\/\/old.seacretehotels.com\/pl\/kalyvesbeachhotel\/recreation\/","title":{"rendered":"Kalyves Recreation"},"content":{"rendered":"<h1>Rekreacja w Kalyves<\/h1>\n<h2><strong>Wakacje w hotelu Kalyves Beach to znacznie wi\u0119cej ni\u017c tylko relaksuj\u0105ca ucieczka od codzienno\u015bci i czas na odpoczynek w b\u0142ogim otoczeniu.<\/strong><\/h2>\n<p>Wakacje w naszym hotelu to okres wypoczynku, rozrywki i rekreacji oraz okazja do sp\u0119dzenia czasu na r\u00f3\u017cne sposoby.<\/p>\n<p>Przygotuj si\u0119 do ta\u0144ca w rytm muzyki goszcz\u0105cych u nas DJ-\u00f3w, zapoznaj si\u0119 z autentycznym sposobem \u017cycia na wyspie podczas naszych greckich nocy i naucz si\u0119 ta\u0144czy\u0107 taniec brzucha lub taniec grecki. Zanurz si\u0119 w magii w czasie seans\u00f3w magika i za\u015bpiewaj tekst swojej ulubionej piosenki podczas wieczoru karaoke. Zrelaksuj si\u0119 przy d\u017awi\u0119kach muzyki fortepianowej granej na \u017cywo i obejrzyj niekt\u00f3re z naszych pokaz\u00f3w i wydarze\u0144 kulturalnych.<\/p>\n<p>Dzieci w Kalyves Beach Resort mog\u0105 bawi\u0107 si\u0119 w klubie dla dzieci prowadzonym w naszym siostrzanym obiekcie Kiani Beach Resort, po\u0142o\u017conym w pobli\u017cu. Pozw\u00f3l naszym animatorom uruchomi\u0107 ich wyobra\u017ani\u0119 i kreatywno\u015b\u0107 za pomoc\u0105 serii zaj\u0119\u0107, sztuki i r\u0119kodzie\u0142a\u2026 a nast\u0119pnie poje\u017adzi\u0107 na placu zabaw dla dzieci na karuzelach lub pota\u0144czy\u0107 w mini dyskotece.<\/p>\n<p>Kalyves Beach Resort oferuje szeroki wyb\u00f3r rozrywek zar\u00f3wno dla dzieci, jak i doros\u0142ych, poniewa\u017c uwa\u017camy, \u017ce zabawa jest niezb\u0119dnym sk\u0142adnikiem magicznych wakacji!<\/p>\n","protected":false},"excerpt":{"rendered":"<p>Rekreacja w Kalyves Wakacje w hotelu Kalyves Beach to znacznie wi\u0119cej ni\u017c tylko relaksuj\u0105ca ucieczka od codzienno\u015bci i czas na <\/p>\n","protected":false},"author":1,"featured_media":88062,"parent":91680,"menu_order":0,"comment_status":"closed","ping_status":"closed","template":"templates\/template--single.php","meta":[],"acf":[],"_links":{"self":[{"href":"https:\/\/old.seacretehotels.com\/pl\/wp-json\/wp\/v2\/pages\/91924"}],"collection":[{"href":"https:\/\/old.seacretehotels.com\/pl\/wp-json\/wp\/v2\/pages"}],"about":[{"href":"https:\/\/old.seacretehotels.com\/pl\/wp-json\/wp\/v2\/types\/page"}],"author":[{"embeddable":true,"href":"https:\/\/old.seacretehotels.com\/pl\/wp-json\/wp\/v2\/users\/1"}],"replies":[{"embeddable":true,"href":"https:\/\/old.seacretehotels.com\/pl\/wp-json\/wp\/v2\/comments?post=91924"}],"version-history":[{"count":3,"href":"https:\/\/old.seacretehotels.com\/pl\/wp-json\/wp\/v2\/pages\/91924\/revisions"}],"predecessor-version":[{"id":92217,"href":"https:\/\/old.seacretehotels.com\/pl\/wp-json\/wp\/v2\/pages\/91924\/revisions\/92217"}],"up":[{"embeddable":true,"href":"https:\/\/old.seacretehotels.com\/pl\/wp-json\/wp\/v2\/pages\/91680"}],"wp:featuredmedia":[{"embeddable":true,"href":"https:\/\/old.seacretehotels.com\/pl\/wp-json\/wp\/v2\/media\/88062"}],"wp:attachment":[{"href":"https:\/\/old.seacretehotels.com\/pl\/wp-json\/wp\/v2\/media?parent=91924"}],"curies":[{"name":"wp","href":"https:\/\/api.w.org\/{rel}","templated":true}]}}