
  
{"id":91916,"date":"2016-03-15T16:38:25","date_gmt":"2016-03-15T14:38:25","guid":{"rendered":"https:\/\/old.seacretehotels.com\/kalyvesbeachhotel\/business\/"},"modified":"2022-12-16T16:51:33","modified_gmt":"2022-12-16T14:51:33","slug":"business","status":"publish","type":"page","link":"https:\/\/old.seacretehotels.com\/pl\/kalyvesbeachhotel\/business\/","title":{"rendered":"Kalyves Meetings"},"content":{"rendered":"<h1>Spotkania w Kalyves<\/h1>\n<h2><strong>W Hotelu Kalyves Beach jeste\u015bmy dumni z faktu, \u017ce potrafimy zaspokoi\u0107 wszystkie potrzeby i pragnienia naszych go\u015bci.<\/strong><\/h2>\n<p>Dlatego stworzyli\u015bmy centrum konferencyjne, aby\u015bcie mogli Pa\u0144stwo z powodzeniem wywi\u0105za\u0107 si\u0119 z obowi\u0105zk\u00f3w s\u0142u\u017cbowych, jednocze\u015bnie korzystaj\u0105c z urlopu. W pe\u0142ni wyposa\u017cone w zaawansowany technologicznie sprz\u0119t nasze centrum konferencyjne zapewni sprawny przebieg ka\u017cdego wydarzenia.<\/p>\n","protected":false},"excerpt":{"rendered":"<p>Spotkania w Kalyves W Hotelu Kalyves Beach jeste\u015bmy dumni z faktu, \u017ce potrafimy zaspokoi\u0107 wszystkie potrzeby i pragnienia naszych go\u015bci. <\/p>\n","protected":false},"author":1,"featured_media":85359,"parent":91680,"menu_order":0,"comment_status":"closed","ping_status":"closed","template":"templates\/template--single.php","meta":[],"acf":[],"_links":{"self":[{"href":"https:\/\/old.seacretehotels.com\/pl\/wp-json\/wp\/v2\/pages\/91916"}],"collection":[{"href":"https:\/\/old.seacretehotels.com\/pl\/wp-json\/wp\/v2\/pages"}],"about":[{"href":"https:\/\/old.seacretehotels.com\/pl\/wp-json\/wp\/v2\/types\/page"}],"author":[{"embeddable":true,"href":"https:\/\/old.seacretehotels.com\/pl\/wp-json\/wp\/v2\/users\/1"}],"replies":[{"embeddable":true,"href":"https:\/\/old.seacretehotels.com\/pl\/wp-json\/wp\/v2\/comments?post=91916"}],"version-history":[{"count":3,"href":"https:\/\/old.seacretehotels.com\/pl\/wp-json\/wp\/v2\/pages\/91916\/revisions"}],"predecessor-version":[{"id":92216,"href":"https:\/\/old.seacretehotels.com\/pl\/wp-json\/wp\/v2\/pages\/91916\/revisions\/92216"}],"up":[{"embeddable":true,"href":"https:\/\/old.seacretehotels.com\/pl\/wp-json\/wp\/v2\/pages\/91680"}],"wp:featuredmedia":[{"embeddable":true,"href":"https:\/\/old.seacretehotels.com\/pl\/wp-json\/wp\/v2\/media\/85359"}],"wp:attachment":[{"href":"https:\/\/old.seacretehotels.com\/pl\/wp-json\/wp\/v2\/media?parent=91916"}],"curies":[{"name":"wp","href":"https:\/\/api.w.org\/{rel}","templated":true}]}}