
  
{"id":91912,"date":"2016-03-15T18:28:35","date_gmt":"2016-03-15T16:28:35","guid":{"rendered":"https:\/\/old.seacretehotels.com\/kalyvesbeachhotel\/location-map\/"},"modified":"2023-05-12T09:30:56","modified_gmt":"2023-05-12T06:30:56","slug":"location-map","status":"publish","type":"page","link":"https:\/\/old.seacretehotels.com\/pl\/kalyvesbeachhotel\/location-map\/","title":{"rendered":"Lokalizacja i mapa Kalyves"},"content":{"rendered":"<p>Hotel Kalyves Beach jest pi\u0119knie po\u0142o\u017cony w malowniczej wiosce Kalyves, kt\u00f3ra zachowa\u0142a sw\u00f3j autentyczny charakter i naturalne pi\u0119kno. Przygotuj si\u0119 na wakacje w miejscu, gdzie przyroda i tradycja id\u0105 ze sob\u0105 w parze, na krajobraz, w kt\u00f3rym rzeki i morze \u0142\u0105cz\u0105 si\u0119 z g\u00f3rami i gdzie \u017cycie biegnie bardzo spokojnym rytmem.<\/p>\n<p>Urocza wioska Kalyves, po\u0142o\u017cona nad zatok\u0105 Souda w regionie Apokoronas, jest obok rzeki Xidas, uwa\u017cana za jeden z najlepszych nadmorskich kurort\u00f3w w Chanii na Krecie. Przep\u0142ywaj\u0105ca przez ni\u0105 rzeka Xidas oraz przepi\u0119kna pla\u017ca Kalyves tworz\u0105 idealne miejsce na wakacyjny odpoczynek z dala od t\u0142um\u00f3w. Do\u015bwiadcz autentycznego \u017cycia na wyspie, podczas spaceru ulicami wioski, przechodz\u0105c obok rynku z tradycyjnymi sklepami, kawiarniami i restauracjami. Odwied\u017a pobliskie wioski, takie jak Almyrida, Plaka, Kokkino Horio, Armeni, Nio Horio, Stylos i Gavalochori i odkryj stanowisko archeologiczne Aptera. Sprawd\u017a swoje mo\u017cliwo\u015bci, korzystaj\u0105c z bogatej oferty sport\u00f3w wodnych na pla\u017cy lub wybierz si\u0119 na sp\u0142yw g\u00f3rski z Armeni. Odkryj region Apokoronas i wybierz si\u0119 na spacer wzd\u0142u\u017c rzeki Kiliaris, odwied\u017a ko\u015bci\u00f3\u0142 \u015bwi\u0119tego Jana w Platanaki, Ombrosgialos na przyl\u0105dku Drapano, tradycyjn\u0105 wiosk\u0119 Vamos i wiosk\u0119 Vrisses, a tak\u017ce jezioro Kournas. Niezale\u017cnie od tego, w kt\u00f3r\u0105 stron\u0119 zechcesz si\u0119 uda\u0107, wsz\u0119dzie znajdziesz malownicze krajobrazy i historyczne osady zapieraj\u0105ce dech w piersiach!<\/p>\n<p>&nbsp;<\/p>\n<h2><strong>Przydatne linki<\/strong><\/h2>\n<ul>\n<li>Niesamowita Kreta\u00a0<a href=\"http:\/\/www.incrediblecrete.gr\/\">www.incrediblecrete.gr<\/a><\/li>\n<li>Pla\u017ce Krety\u00a0<a href=\"http:\/\/www.cretanbeaches.com\/en\/\">www.cretanbeaches.com<\/a><\/li>\n<li>Gmina Chania\u00a0<a href=\"http:\/\/www.chaniacrete.gr\/index.php\/en\/\">www.chania.gr<\/a>,<a href=\"http:\/\/www.chaniatourism.com\/\">\u00a0www.chaniacrete.gr<\/a><\/li>\n<li>Linie lotnicze Aegean Airlines\u00a0<a href=\"https:\/\/www.aegeanair.com\/\">www.aegeanair.com<\/a><\/li>\n<li>Linie lotnicze EasyJet\u00a0<a href=\"http:\/\/www.easyjet.com\/\">www.easyjet.com<\/a><\/li>\n<li>Linie lotnicze Ryanair\u00a0<a href=\"https:\/\/www.ryanair.com\/\">www.ryanair.com<\/a><\/li>\n<li>Linie lotnicze British Airways\u00a0<a href=\"https:\/\/www.britishairways.com\/\">www.britishairways.com<\/a><\/li>\n<li>Linie lotnicze Norwegian Air\u00a0<a href=\"https:\/\/www.norwegian.com\/\">www.norwegian.com<\/a><\/li>\n<\/ul>\n","protected":false},"excerpt":{"rendered":"<p>Hotel Kalyves Beach jest pi\u0119knie po\u0142o\u017cony w malowniczej wiosce Kalyves, kt\u00f3ra zachowa\u0142a sw\u00f3j autentyczny charakter i naturalne pi\u0119kno. Przygotuj si\u0119 <\/p>\n","protected":false},"author":1,"featured_media":0,"parent":91680,"menu_order":0,"comment_status":"closed","ping_status":"closed","template":"templates\/template--location.php","meta":[],"acf":[],"_links":{"self":[{"href":"https:\/\/old.seacretehotels.com\/pl\/wp-json\/wp\/v2\/pages\/91912"}],"collection":[{"href":"https:\/\/old.seacretehotels.com\/pl\/wp-json\/wp\/v2\/pages"}],"about":[{"href":"https:\/\/old.seacretehotels.com\/pl\/wp-json\/wp\/v2\/types\/page"}],"author":[{"embeddable":true,"href":"https:\/\/old.seacretehotels.com\/pl\/wp-json\/wp\/v2\/users\/1"}],"replies":[{"embeddable":true,"href":"https:\/\/old.seacretehotels.com\/pl\/wp-json\/wp\/v2\/comments?post=91912"}],"version-history":[{"count":4,"href":"https:\/\/old.seacretehotels.com\/pl\/wp-json\/wp\/v2\/pages\/91912\/revisions"}],"predecessor-version":[{"id":100274,"href":"https:\/\/old.seacretehotels.com\/pl\/wp-json\/wp\/v2\/pages\/91912\/revisions\/100274"}],"up":[{"embeddable":true,"href":"https:\/\/old.seacretehotels.com\/pl\/wp-json\/wp\/v2\/pages\/91680"}],"wp:attachment":[{"href":"https:\/\/old.seacretehotels.com\/pl\/wp-json\/wp\/v2\/media?parent=91912"}],"curies":[{"name":"wp","href":"https:\/\/api.w.org\/{rel}","templated":true}]}}