
  
{"id":91788,"date":"2016-03-15T16:40:32","date_gmt":"2016-03-15T14:40:32","guid":{"rendered":"https:\/\/old.seacretehotels.com\/kalyvesbeachhotel\/fitness\/"},"modified":"2022-12-16T16:53:05","modified_gmt":"2022-12-16T14:53:05","slug":"fitness","status":"publish","type":"page","link":"https:\/\/old.seacretehotels.com\/pl\/kalyvesbeachhotel\/fitness\/","title":{"rendered":"Kalyves Fitness Room"},"content":{"rendered":"<h1>Sala do zaj\u0119\u0107 fitness<\/h1>\n<h2><strong>Zadbaj o swoj\u0105 kondycj\u0119 podczas wakacji w naszej w pe\u0142ni wyposa\u017conej si\u0142owni.<\/strong><\/h2>\n<p>Ciesz si\u0119 relaksuj\u0105c\u0105 k\u0105piel\u0105 w spokojnych wodach basenu, zanurz si\u0119 w jacuzzi, zregeneruj zmys\u0142y w saunie lub zrelaksuj si\u0119 w naszym mini-spa. Pozw\u00f3l swoim zmys\u0142om zawirowa\u0107 w s\u0142odkiej morskiej bryzie i korzystaj z najlepszej odnowy cia\u0142a, duszy i umys\u0142u.<\/p>\n","protected":false},"excerpt":{"rendered":"<p>Sala do zaj\u0119\u0107 fitness Zadbaj o swoj\u0105 kondycj\u0119 podczas wakacji w naszej w pe\u0142ni wyposa\u017conej si\u0142owni. Ciesz si\u0119 relaksuj\u0105c\u0105 k\u0105piel\u0105 <\/p>\n","protected":false},"author":1,"featured_media":100356,"parent":91680,"menu_order":0,"comment_status":"closed","ping_status":"closed","template":"templates\/template--single.php","meta":[],"acf":[],"_links":{"self":[{"href":"https:\/\/old.seacretehotels.com\/pl\/wp-json\/wp\/v2\/pages\/91788"}],"collection":[{"href":"https:\/\/old.seacretehotels.com\/pl\/wp-json\/wp\/v2\/pages"}],"about":[{"href":"https:\/\/old.seacretehotels.com\/pl\/wp-json\/wp\/v2\/types\/page"}],"author":[{"embeddable":true,"href":"https:\/\/old.seacretehotels.com\/pl\/wp-json\/wp\/v2\/users\/1"}],"replies":[{"embeddable":true,"href":"https:\/\/old.seacretehotels.com\/pl\/wp-json\/wp\/v2\/comments?post=91788"}],"version-history":[{"count":3,"href":"https:\/\/old.seacretehotels.com\/pl\/wp-json\/wp\/v2\/pages\/91788\/revisions"}],"predecessor-version":[{"id":92215,"href":"https:\/\/old.seacretehotels.com\/pl\/wp-json\/wp\/v2\/pages\/91788\/revisions\/92215"}],"up":[{"embeddable":true,"href":"https:\/\/old.seacretehotels.com\/pl\/wp-json\/wp\/v2\/pages\/91680"}],"wp:featuredmedia":[{"embeddable":true,"href":"https:\/\/old.seacretehotels.com\/pl\/wp-json\/wp\/v2\/media\/100356"}],"wp:attachment":[{"href":"https:\/\/old.seacretehotels.com\/pl\/wp-json\/wp\/v2\/media?parent=91788"}],"curies":[{"name":"wp","href":"https:\/\/api.w.org\/{rel}","templated":true}]}}