
  
{"id":91784,"date":"2016-03-15T18:21:25","date_gmt":"2016-03-15T16:21:25","guid":{"rendered":"https:\/\/old.seacretehotels.com\/kalyvesbeachhotel\/experiences\/"},"modified":"2022-12-16T17:00:35","modified_gmt":"2022-12-16T15:00:35","slug":"experiences","status":"publish","type":"page","link":"https:\/\/old.seacretehotels.com\/pl\/kalyvesbeachhotel\/experiences\/","title":{"rendered":"Kalyves Experiences Overview"},"content":{"rendered":"<h1>Atrakcje w hotelu Kalyves Beach<\/h1>\n<h2><strong>Hotel Kalyves Beach w Chanii zaprasza do nowego \u015bwiata ekscytuj\u0105cych wra\u017ce\u0144.<\/strong><\/h2>\n<p>P\u0142ywaj w krystalicznie czystych wodach naszych basen\u00f3w lub nurkuj w szmaragdowym morzu krete\u0144skim, spo\u017cywaj posi\u0142ki i pij wino w naszej restauracji z widokiem na nieko\u0144cz\u0105cy si\u0119 horyzont oraz rozpal nami\u0119tno\u015b\u0107 na romantycznej kolacji i w czasie spacer\u00f3w na pla\u017cy. Wyrusz na ekscytuj\u0105ce wycieczki do najlepszych miejsc na Krecie, poznaj \u017cycie mieszka\u0144c\u00f3w uroczej wioski Kalyves, ta\u0144cz i \u015bpiewaj przez ca\u0142\u0105 noc do mi\u0119dzynarodowej muzyki i poczuj prawdziwie greckiego ducha podczas naszych tematycznych greckich wieczor\u00f3w! Wybierz zaj\u0119cia, w kt\u00f3rych chcia\u0142by\u015b wzi\u0105\u0107 udzia\u0142 w czasie swoich wakacji, a my zajmiemy si\u0119 ca\u0142\u0105 reszt\u0105!<\/p>\n","protected":false},"excerpt":{"rendered":"<p>Atrakcje w hotelu Kalyves Beach Hotel Kalyves Beach w Chanii zaprasza do nowego \u015bwiata ekscytuj\u0105cych wra\u017ce\u0144. P\u0142ywaj w krystalicznie czystych <\/p>\n","protected":false},"author":1,"featured_media":88035,"parent":91680,"menu_order":0,"comment_status":"closed","ping_status":"closed","template":"templates\/template--single.php","meta":[],"acf":[],"_links":{"self":[{"href":"https:\/\/old.seacretehotels.com\/pl\/wp-json\/wp\/v2\/pages\/91784"}],"collection":[{"href":"https:\/\/old.seacretehotels.com\/pl\/wp-json\/wp\/v2\/pages"}],"about":[{"href":"https:\/\/old.seacretehotels.com\/pl\/wp-json\/wp\/v2\/types\/page"}],"author":[{"embeddable":true,"href":"https:\/\/old.seacretehotels.com\/pl\/wp-json\/wp\/v2\/users\/1"}],"replies":[{"embeddable":true,"href":"https:\/\/old.seacretehotels.com\/pl\/wp-json\/wp\/v2\/comments?post=91784"}],"version-history":[{"count":2,"href":"https:\/\/old.seacretehotels.com\/pl\/wp-json\/wp\/v2\/pages\/91784\/revisions"}],"predecessor-version":[{"id":91786,"href":"https:\/\/old.seacretehotels.com\/pl\/wp-json\/wp\/v2\/pages\/91784\/revisions\/91786"}],"up":[{"embeddable":true,"href":"https:\/\/old.seacretehotels.com\/pl\/wp-json\/wp\/v2\/pages\/91680"}],"wp:featuredmedia":[{"embeddable":true,"href":"https:\/\/old.seacretehotels.com\/pl\/wp-json\/wp\/v2\/media\/88035"}],"wp:attachment":[{"href":"https:\/\/old.seacretehotels.com\/pl\/wp-json\/wp\/v2\/media?parent=91784"}],"curies":[{"name":"wp","href":"https:\/\/api.w.org\/{rel}","templated":true}]}}