
  
{"id":91777,"date":"2016-03-15T15:37:51","date_gmt":"2016-03-15T13:37:51","guid":{"rendered":"https:\/\/old.seacretehotels.com\/kalyvesbeachhotel\/facilities\/"},"modified":"2022-12-16T16:46:25","modified_gmt":"2022-12-16T14:46:25","slug":"facilities","status":"publish","type":"page","link":"https:\/\/old.seacretehotels.com\/pl\/kalyvesbeachhotel\/facilities\/","title":{"rendered":"Kalyves Facilities Overview"},"content":{"rendered":"<h1><strong>\u00a0<\/strong>Obiekty w hotelu Kalyves Beach<\/h1>\n<p>Hotel Kalyves Beach to oaza relaksu i odnowy zar\u00f3wno dla dzieci, jak i doros\u0142ych. Go\u015bcie mog\u0105 pop\u0142ywa\u0107 w jednym z dw\u00f3ch odkrytych basen\u00f3w,w basenie krytym oraz na nagrodzonej B\u0142\u0119kitn\u0105 Flag\u0105 pla\u017cy, podczas gdy ich dzieci b\u0119d\u0105 bezpiecznie pluska\u0107 si\u0119 w specjalnie zaprojektowanym basenie dla dzieci.<\/p>\n<p>Poniewa\u017c sprawno\u015b\u0107 fizyczna jest kluczem do zdrowego \u017cycia, hotel Kalyves Beach oferuje szerok\u0105 gam\u0119 zaj\u0119\u0107 sportowych i fitness, kt\u00f3re zwi\u0119ksz\u0105 energi\u0119 i witalno\u015b\u0107 go\u015bci. Od nurkowania, po trening cia\u0142a, zumb\u0119, pilates, aqua aerobik i sesje rozci\u0105gania, wyb\u00f3r nale\u017cy do Ciebie.<\/p>\n<p>We\u017a udzia\u0142 w kilku programach rozrywkowych i fitness, sprawd\u017a swoje umiej\u0119tno\u015bci w grze w bilard i tenisa sto\u0142owego lub zadbaj o swoje zdrowie w naszym mini-spa z krytym basenem, jacuzzi, saun\u0105 i sprz\u0119tem do \u0107wicze\u0144.<\/p>\n<p>Rozrywka nigdy si\u0119 nie ko\u0144czy w hotelu Kalyves Beach, poniewa\u017c oferuje on swoim go\u015bciom szeroki wachlarz wydarze\u0144 na \u017cywo, pokaz\u00f3w i program\u00f3w wieczornych. Ta\u0144cz do muzyki odwiedzaj\u0105cych nas DJ-\u00f3w, daj si\u0119 zwie\u015b\u0107 iluzjom naszych Mag\u00f3w, naucz si\u0119 ta\u0144ca greckiego lub ta\u0144ca brzucha i za\u015bpiewaj karaoke z rodzin\u0105 i znajomymi.<\/p>\n<p>Je\u015bli podr\u00f3\u017cujesz z dzie\u0107mi, zapewniamy, \u017ce Twoje dzieci b\u0119d\u0105 si\u0119 bawi\u0107 lepiej ni\u017c to sobie wyobra\u017casz. Nasz klub dla dzieci i mini-dyskoteka oferuj\u0105 szerok\u0105 gam\u0119 zaj\u0119\u0107, m.in. malowanie twarzy, poszukiwanie skarb\u00f3w, gr\u0119 w bilard i wiele innych rozrywek, kt\u00f3re sprawi\u0105, \u017ce na twarzach dzieci przez ca\u0142y dzie\u0144 b\u0119dzie go\u015bci\u0142 u\u015bmiech, a Ty b\u0119dziesz mie\u0107 czas na odpoczynek. Rozrywka dla dzieci jest oferowana dwa razy w tygodniu, ale w hotelu jest te\u017c wiele innych atrakcji dla dzieci.<\/p>\n<p>Podczas gdy Twoje dzieci b\u0119d\u0105 bezpiecznie bawi\u0107 si\u0119 w klubie pod okiem naszych pracownik\u00f3w, Ty b\u0119dziesz m\u00f3g\u0142 (mog\u0142a) zrobi\u0107 sobie przerw\u0119, pop\u0142ywa\u0107 w basenie, zanurzy\u0107 si\u0119 w jacuzzi albo po\u0107wiczy\u0107 na si\u0142owni. Wybierz si\u0119 na spacer po pla\u017cy lub delektuj si\u0119 romantyczn\u0105 kolacj\u0105 pod gwiazdami.<\/p>\n<p>Hotel Kalyves Beach oferuje r\u00f3wnie\u017c szeroki wyb\u00f3r wycieczek dla ka\u017cdego, a tak\u017ce w\u0119dr\u00f3wki piesze i trekkingowe, daj\u0105ce szans\u0119 na poznanie malowniczych wiosek Krety, jej pi\u0119knej przyrody i rzek.<\/p>\n<p>Dla tych, kt\u00f3rzy \u0142\u0105cz\u0105 prac\u0119 z wypoczynkiem, nie ma lepszego miejsca ni\u017c hotel Kalyves Beach, kt\u00f3ry mo\u017ce zorganizowa\u0107 dla Pa\u0144stwa wszelkiego rodzaju spotkania, konferencje oraz wydarzenia w wyznaczonych miejscach wyposa\u017conych w najnowocze\u015bniejszy sprz\u0119t, aby zapewni\u0107 p\u0142ynne funkcjonowanie ka\u017cdej firmy.<\/p>\n<p>Bez wzgl\u0119du na pow\u00f3d wizyty, jedno jest pewne- zadbamy o to, aby\u015b zawsze pami\u0119ta\u0142 swoje wakacje w hotelu Kalyves Beach!<\/p>\n<h2><strong>Obiekty hotelowe<\/strong><\/h2>\n<ul>\n<li>Basen<\/li>\n<li>Kryty basen z podgrzewan\u0105 wod\u0105<\/li>\n<li>Le\u017caki i parasole przy basenie i na pla\u017cy udost\u0119pniane bezp\u0142atnie<\/li>\n<li>Restauracja bufetowa<\/li>\n<li>Bar przy pla\u017cy Beach Bar<\/li>\n<li>Si\u0142ownia, sauna, jacuzzi, \u00a0masa\u017ce<\/li>\n<li>Codzienny program animacyjny (aqua aerobik, mini dyskoteka, zabawy dla dzieci, zaj\u0119cia wieczorne)<\/li>\n<li>Obiekty dla dzieci \u2013 plac zabaw<\/li>\n<li>Lekarz na wezwanie<\/li>\n<li>Salon z telewizorem<\/li>\n<li>Wyposa\u017cenie dla dzieci, takie jak w\u00f3zki-krzese\u0142ka w restauracji-kr\u00f3tkofal\u00f3wki-wanienka w pokoju-\u0142\u00f3\u017ceczko w pokoju-sterylizatory<\/li>\n<li>Ogr\u00f3dek<\/li>\n<li>Bezp\u0142atne wifi<\/li>\n<li>W pobli\u017cu dworca autobusowego<\/li>\n<li>Us\u0142uga ekspresowego wymeldowania<\/li>\n<li>\u015aniadanie serwowane jest w godz. 7:15- 10:30<\/li>\n<li>\u015aniadanie we wcze\u015bniejszych godzinach jest serwowane na \u017cyczenie<\/li>\n<li>Wypo\u017cyczenie laptopa i tabletu do u\u017cytku dla go\u015bci<\/li>\n<li>K\u0105cik internetowy<\/li>\n<li>\u015aniadanie podane do pokoju za dodatkow\u0105 op\u0142at\u0105<\/li>\n<li>Biblioteka z szerokim wyborem ksi\u0105\u017cek i materia\u0142\u00f3w do czytania<\/li>\n<li>Prywatne transfery z\/na lotnisko oraz do port\u00f3w na Krecie<\/li>\n<li>Ca\u0142odobowa obs\u0142uga pokoju za dodatkow\u0105 op\u0142at\u0105<\/li>\n<li>Serwis sprz\u0105tania pokoju w porze popo\u0142udniowej<\/li>\n<li>Us\u0142uga zmiany r\u0119cznik\u00f3w na \u017cyczenie<\/li>\n<li>Centrum biznesowe z obs\u0142ug\u0105 sekretariatu na \u017cyczenie<\/li>\n<li>\u0141\u00f3\u017ceczko dzieci\u0119ce na \u017cyczenie<\/li>\n<li>Us\u0142uga budzenia na \u017cyczenie<\/li>\n<li>Pok\u00f3j zabaw ze sto\u0142em bilardowym i grami za dodatkow\u0105 op\u0142at\u0105<\/li>\n<li>Centralny sejf w recepcji za dodatkow\u0105 op\u0142at\u0105<\/li>\n<li>Recepcja ca\u0142odobowa<\/li>\n<li>Pok\u00f3j baga\u017cowy<\/li>\n<li>Us\u0142uga transferu baga\u017cu<\/li>\n<li>Dostarczanie \u017cywno\u015bci lub \u015bniadania klientom w specjalnych opakowaniach na \u017cyczenie<\/li>\n<li>Us\u0142ugi pralni chemicznej za dodatkow\u0105 op\u0142at\u0105<\/li>\n<\/ul>\n","protected":false},"excerpt":{"rendered":"<p>\u00a0Obiekty w hotelu Kalyves Beach Hotel Kalyves Beach to oaza relaksu i odnowy zar\u00f3wno dla dzieci, jak i doros\u0142ych. Go\u015bcie <\/p>\n","protected":false},"author":1,"featured_media":0,"parent":91680,"menu_order":0,"comment_status":"closed","ping_status":"closed","template":"templates\/template--single.php","meta":[],"acf":[],"_links":{"self":[{"href":"https:\/\/old.seacretehotels.com\/pl\/wp-json\/wp\/v2\/pages\/91777"}],"collection":[{"href":"https:\/\/old.seacretehotels.com\/pl\/wp-json\/wp\/v2\/pages"}],"about":[{"href":"https:\/\/old.seacretehotels.com\/pl\/wp-json\/wp\/v2\/types\/page"}],"author":[{"embeddable":true,"href":"https:\/\/old.seacretehotels.com\/pl\/wp-json\/wp\/v2\/users\/1"}],"replies":[{"embeddable":true,"href":"https:\/\/old.seacretehotels.com\/pl\/wp-json\/wp\/v2\/comments?post=91777"}],"version-history":[{"count":3,"href":"https:\/\/old.seacretehotels.com\/pl\/wp-json\/wp\/v2\/pages\/91777\/revisions"}],"predecessor-version":[{"id":92214,"href":"https:\/\/old.seacretehotels.com\/pl\/wp-json\/wp\/v2\/pages\/91777\/revisions\/92214"}],"up":[{"embeddable":true,"href":"https:\/\/old.seacretehotels.com\/pl\/wp-json\/wp\/v2\/pages\/91680"}],"wp:attachment":[{"href":"https:\/\/old.seacretehotels.com\/pl\/wp-json\/wp\/v2\/media?parent=91777"}],"curies":[{"name":"wp","href":"https:\/\/api.w.org\/{rel}","templated":true}]}}