
  
{"id":91773,"date":"2016-03-15T17:30:36","date_gmt":"2016-03-15T15:30:36","guid":{"rendered":"https:\/\/old.seacretehotels.com\/kalyvesbeachhotel\/entertainment\/"},"modified":"2022-12-16T17:05:08","modified_gmt":"2022-12-16T15:05:08","slug":"entertainment","status":"publish","type":"page","link":"https:\/\/old.seacretehotels.com\/pl\/kalyvesbeachhotel\/entertainment\/","title":{"rendered":"Kalyves Entertainment"},"content":{"rendered":"<h1><strong>Rozrywka w hotelu Kalyves Beach<\/strong><\/h1>\n<p>W hotelu Kalyves Beach oferujemy pe\u0142en atrakcji program rozrywkowy zar\u00f3wno dla dzieci, jak i doros\u0142ych, poniewa\u017c uwa\u017camy, \u017ce rozrywka wysokiej jako\u015bci jest nieodzown\u0105 cz\u0119\u015bci\u0105 wakacji. Podziwiaj magiczne sztuczki w wykonaniu naszego magika, przygotuj si\u0119 do ta\u0144ca i swingu, za\u015bpiewaj karaoke, naucz si\u0119 ta\u0144czy\u0107 taniec brzucha, we\u017a udzia\u0142 w ta\u0144cach grupowych na parkiecie do muzyki goszcz\u0105cych u nas DJ-\u00f3w i pozw\u00f3l swoim dzieciom ta\u0144czy\u0107 do w\u0142asnych melodii na dyskotece dla dzieci.<\/p>\n<p>Zagraj w bilard oraz tenisa sto\u0142owego, podczas gdy Twoje dzieci b\u0119d\u0105 bezpiecznie bawi\u0107 si\u0119 na hotelowym placu zabaw na pla\u017cy. Pozw\u00f3l swoim dzieciom wykorzysta\u0107 swoje umiej\u0119tno\u015bci podczas tworzenia zabawnych prac r\u0119cznych i przedmiot\u00f3w artystycznych i obserwuj, jak mali piraci wyruszaj\u0105 na poszukiwanie skarb\u00f3w lub uczestnicz\u0105 w innych zabawach i pokazach magii, kt\u00f3re z pewno\u015bci\u0105 uruchomi\u0105 ich wyobra\u017ani\u0119.<\/p>\n<h2><strong>Wydarzenia i pokazy<\/strong><\/h2>\n<ul>\n<li><strong>Pokazy magii<\/strong><br \/>\nSpr\u00f3buj rozwik\u0142a\u0107 tajemnice sztuczek wykonywanych przez naszych magik\u00f3w, bior\u0105c w nich udzia\u0142. Niewa\u017cne, \u017ce nie jeste\u015b ju\u017c dzieckiem- przygotuj si\u0119, aby na nowo uwierzy\u0107 w magi\u0119!<\/li>\n<li><strong>Wiecz\u00f3r przy d\u017awi\u0119kach pianina<\/strong><br \/>\nDelektuj si\u0119 eklektycznymi potrawami s\u0142uchaj\u0105c muzyki granej na pianinie. Czy jest lepszy spos\u00f3b na zako\u0144czenie wspania\u0142ego, letniego dnia w Chanii?<\/li>\n<li><strong>Wiecz\u00f3r z ta\u0144cami greckimi<\/strong><br \/>\nNaucz si\u0119 ta\u0144czy\u0107 po grecku do greckiej muzyki folklorystycznej i poznaj tradycyjne ta\u0144ce regionu Krety. Wykrzyknij \u201eOpa\u201d na parkiecie i wpraw si\u0119 w dobry nastr\u00f3j.<\/li>\n<\/ul>\n","protected":false},"excerpt":{"rendered":"<p>Rozrywka w hotelu Kalyves Beach W hotelu Kalyves Beach oferujemy pe\u0142en atrakcji program rozrywkowy zar\u00f3wno dla dzieci, jak i doros\u0142ych, <\/p>\n","protected":false},"author":1,"featured_media":85152,"parent":91680,"menu_order":0,"comment_status":"closed","ping_status":"closed","template":"templates\/template--single.php","meta":[],"acf":[],"_links":{"self":[{"href":"https:\/\/old.seacretehotels.com\/pl\/wp-json\/wp\/v2\/pages\/91773"}],"collection":[{"href":"https:\/\/old.seacretehotels.com\/pl\/wp-json\/wp\/v2\/pages"}],"about":[{"href":"https:\/\/old.seacretehotels.com\/pl\/wp-json\/wp\/v2\/types\/page"}],"author":[{"embeddable":true,"href":"https:\/\/old.seacretehotels.com\/pl\/wp-json\/wp\/v2\/users\/1"}],"replies":[{"embeddable":true,"href":"https:\/\/old.seacretehotels.com\/pl\/wp-json\/wp\/v2\/comments?post=91773"}],"version-history":[{"count":2,"href":"https:\/\/old.seacretehotels.com\/pl\/wp-json\/wp\/v2\/pages\/91773\/revisions"}],"predecessor-version":[{"id":91775,"href":"https:\/\/old.seacretehotels.com\/pl\/wp-json\/wp\/v2\/pages\/91773\/revisions\/91775"}],"up":[{"embeddable":true,"href":"https:\/\/old.seacretehotels.com\/pl\/wp-json\/wp\/v2\/pages\/91680"}],"wp:featuredmedia":[{"embeddable":true,"href":"https:\/\/old.seacretehotels.com\/pl\/wp-json\/wp\/v2\/media\/85152"}],"wp:attachment":[{"href":"https:\/\/old.seacretehotels.com\/pl\/wp-json\/wp\/v2\/media?parent=91773"}],"curies":[{"name":"wp","href":"https:\/\/api.w.org\/{rel}","templated":true}]}}