
  
{"id":91764,"date":"2016-03-15T15:23:14","date_gmt":"2016-03-15T13:23:14","guid":{"rendered":"https:\/\/old.seacretehotels.com\/kalyvesbeachhotel\/dining-bars\/"},"modified":"2023-01-26T15:13:54","modified_gmt":"2023-01-26T13:13:54","slug":"dining-bars","status":"publish","type":"page","link":"https:\/\/old.seacretehotels.com\/pl\/kalyvesbeachhotel\/dining-bars\/","title":{"rendered":"Kalyves Dining Overview"},"content":{"rendered":"<h1>Restauracje i bary w hotelu Kalyves Beach<\/h1>\n<h2><strong>Wspania\u0142a kuchnia krete\u0144ska i mi\u0119dzynarodowa<\/strong><\/h2>\n<p>Ciesz si\u0119 pysznymi przysmakami kuchni krete\u0144skiej i mi\u0119dzynarodowej na werandzie naszej restauracji na \u015bwie\u017cym powietrzu, podziwiaj\u0105c cudowne widoki na rzek\u0119 i morze. Pozw\u00f3l naszym szefom kuchni przygotowa\u0107 dla Ciebie najsmaczniejsze potrawy z lokalnych sk\u0142adnik\u00f3w i inspiracji kuchni\u0105 mi\u0119dzynarodow\u0105. Niezale\u017cnie od tego, czy chcesz zje\u015b\u0107 obfite \u015bniadanie z bezp\u0142atnym \u015bwie\u017cym sokiem pomara\u0144czowym wyprodukowanym z organicznych pomara\u0144czy, pyszny obiad lub kolacj\u0119 przy \u015bwiecach pod gwiazdami, restauracja bufetowa w hotelu Kalyves Beach znajdzie dla Ciebie odpowiedni\u0105 ofert\u0119. Je\u015bli masz ochot\u0119 na lekk\u0105 przek\u0105sk\u0119 lub chcesz zje\u015b\u0107 posi\u0142ek na pla\u017cy, wybierz swoj\u0105 ulubion\u0105 opcj\u0119 z naszego menu a la carte wraz z orze\u017awiaj\u0105cym napojem z baru i delektuj si\u0119 dniem sp\u0119dzonym przy d\u017awi\u0119kach fal!<\/p>\n<ul>\n<li>Godziny serwowania \u015bniada\u0144 08:00 \u2013 10:30 Bufet ameryka\u0144ski<\/li>\n<li>Godziny serwowania obiad\u00f3w 13:00 \u2013 15:00 Pe\u0142ny bufet<\/li>\n<li>Godziny serwowania kolacji 19:00 \u2013 21:30 Pe\u0142ny bufet<\/li>\n<\/ul>\n<h3><strong>Pakiet All-inclusive<\/strong><\/h3>\n<p><strong>Restauracja w hotelu Kalyves Beach<\/strong><br \/>\nPodczas posi\u0142k\u00f3w podawana jest nieograniczona ilo\u015b\u0107 lokalnych napoj\u00f3w, takich jak: s\u0142odka woda (woda z kranu dost\u0119pna w<br \/>\nrestauracji oraz w barze przy pla\u017cy), napoje bezalkoholowe (z automatu), piwo, wino domowe (czerwone i bia\u0142e), ouzo, raki, soki skondensowane lub \u015bwie\u017cy sok pomara\u0144czowy wyprodukowany z ekologicznych pomara\u0144czy.<\/p>\n<h2><strong>Bar przy basenie w hotelu Kalyves Beach<\/strong><\/h2>\n<p>Podawane b\u0119d\u0105 bez ogranicze\u0144 lokalne napoje alkoholowe i bezalkoholowe plus kawa filtrowana, herbaty zio\u0142owe oraz<br \/>\nwoda z kranu<\/p>\n<p><em>GODZINY OTWARCIA BARU W RAMACH PAKIETU ALL-INCLUSIVE:<\/em><br \/>\nBeach Bar: Czynny w godz. 11:00 \u2013 23:00. Po 23:00 wszystkie napoje b\u0119d\u0105 p\u0142atne- dla naszych go\u015bci oferujemy specjalne ceny.<\/p>\n","protected":false},"excerpt":{"rendered":"<p>Restauracje i bary w hotelu Kalyves Beach Wspania\u0142a kuchnia krete\u0144ska i mi\u0119dzynarodowa Ciesz si\u0119 pysznymi przysmakami kuchni krete\u0144skiej i mi\u0119dzynarodowej <\/p>\n","protected":false},"author":1,"featured_media":100239,"parent":91680,"menu_order":0,"comment_status":"closed","ping_status":"closed","template":"templates\/template--single.php","meta":[],"acf":[],"_links":{"self":[{"href":"https:\/\/old.seacretehotels.com\/pl\/wp-json\/wp\/v2\/pages\/91764"}],"collection":[{"href":"https:\/\/old.seacretehotels.com\/pl\/wp-json\/wp\/v2\/pages"}],"about":[{"href":"https:\/\/old.seacretehotels.com\/pl\/wp-json\/wp\/v2\/types\/page"}],"author":[{"embeddable":true,"href":"https:\/\/old.seacretehotels.com\/pl\/wp-json\/wp\/v2\/users\/1"}],"replies":[{"embeddable":true,"href":"https:\/\/old.seacretehotels.com\/pl\/wp-json\/wp\/v2\/comments?post=91764"}],"version-history":[{"count":3,"href":"https:\/\/old.seacretehotels.com\/pl\/wp-json\/wp\/v2\/pages\/91764\/revisions"}],"predecessor-version":[{"id":93960,"href":"https:\/\/old.seacretehotels.com\/pl\/wp-json\/wp\/v2\/pages\/91764\/revisions\/93960"}],"up":[{"embeddable":true,"href":"https:\/\/old.seacretehotels.com\/pl\/wp-json\/wp\/v2\/pages\/91680"}],"wp:featuredmedia":[{"embeddable":true,"href":"https:\/\/old.seacretehotels.com\/pl\/wp-json\/wp\/v2\/media\/100239"}],"wp:attachment":[{"href":"https:\/\/old.seacretehotels.com\/pl\/wp-json\/wp\/v2\/media?parent=91764"}],"curies":[{"name":"wp","href":"https:\/\/api.w.org\/{rel}","templated":true}]}}