
  
{"id":91757,"date":"2016-03-15T16:44:01","date_gmt":"2016-03-15T14:44:01","guid":{"rendered":"https:\/\/old.seacretehotels.com\/kalyvesbeachhotel\/children-facilities\/"},"modified":"2022-12-16T16:56:52","modified_gmt":"2022-12-16T14:56:52","slug":"children-facilities","status":"publish","type":"page","link":"https:\/\/old.seacretehotels.com\/pl\/kalyvesbeachhotel\/children-facilities\/","title":{"rendered":"Kalyves Children Facilities"},"content":{"rendered":"<h1>Obiekty dla dzieci<\/h1>\n<h2><strong>Kalyves Beach Hotel \u2014 hotel przyjazny rodzinom<\/strong><\/h2>\n<p>Kalyves Beach Hotel to hotel przyjazny rodzinom, kt\u00f3ry oferuje niesamowity wyb\u00f3r obiekt\u00f3w dla dzieci, aby zapewni\u0107 najm\u0142odszym go\u015bciom rozrywk\u0119 przez ca\u0142y dzie\u0144. Klub dla dzieci naszego siostrzanego obiektu Kiani Beach Resort oraz mini-dyskoteka dost\u0119pne dwa razy w tygodniu zapraszaj\u0105 dzieci na zaj\u0119cia, w czasie kt\u00f3rych b\u0119d\u0105 bawi\u0107 si\u0119 z innymi dzie\u0107mi w swoim wieku i rozwija\u0107 swoj\u0105 kreatywno\u015b\u0107 i wyobra\u017ani\u0119. Od gier bilardowych po malowanie twarzy, poszukiwanie skarb\u00f3w, magiczne sztuczki, sztuk\u0119 i rzemios\u0142o \u2014 w hotelu Kalyves Beach zawsze odbywaj\u0105 si\u0119 zaj\u0119cia dla najm\u0142odszych. Do\u015bwiadczony i profesjonalny zesp\u00f3\u0142 animator\u00f3w wywo\u0142a u\u015bmiech na twarzy Twojego dziecka w czasie zaj\u0119\u0107 odbywaj\u0105cych si\u0119 dwa razy w tygodniu\u2026 a przez reszt\u0119 czasu hotel Kalyves Beach zaoferuje im inne aktywno\u015bci.<\/p>\n","protected":false},"excerpt":{"rendered":"<p>Obiekty dla dzieci Kalyves Beach Hotel \u2014 hotel przyjazny rodzinom Kalyves Beach Hotel to hotel przyjazny rodzinom, kt\u00f3ry oferuje niesamowity <\/p>\n","protected":false},"author":1,"featured_media":100544,"parent":91680,"menu_order":0,"comment_status":"closed","ping_status":"closed","template":"templates\/template--single.php","meta":[],"acf":[],"_links":{"self":[{"href":"https:\/\/old.seacretehotels.com\/pl\/wp-json\/wp\/v2\/pages\/91757"}],"collection":[{"href":"https:\/\/old.seacretehotels.com\/pl\/wp-json\/wp\/v2\/pages"}],"about":[{"href":"https:\/\/old.seacretehotels.com\/pl\/wp-json\/wp\/v2\/types\/page"}],"author":[{"embeddable":true,"href":"https:\/\/old.seacretehotels.com\/pl\/wp-json\/wp\/v2\/users\/1"}],"replies":[{"embeddable":true,"href":"https:\/\/old.seacretehotels.com\/pl\/wp-json\/wp\/v2\/comments?post=91757"}],"version-history":[{"count":3,"href":"https:\/\/old.seacretehotels.com\/pl\/wp-json\/wp\/v2\/pages\/91757\/revisions"}],"predecessor-version":[{"id":92207,"href":"https:\/\/old.seacretehotels.com\/pl\/wp-json\/wp\/v2\/pages\/91757\/revisions\/92207"}],"up":[{"embeddable":true,"href":"https:\/\/old.seacretehotels.com\/pl\/wp-json\/wp\/v2\/pages\/91680"}],"wp:featuredmedia":[{"embeddable":true,"href":"https:\/\/old.seacretehotels.com\/pl\/wp-json\/wp\/v2\/media\/100544"}],"wp:attachment":[{"href":"https:\/\/old.seacretehotels.com\/pl\/wp-json\/wp\/v2\/media?parent=91757"}],"curies":[{"name":"wp","href":"https:\/\/api.w.org\/{rel}","templated":true}]}}