
  
{"id":91753,"date":"2016-03-15T15:28:59","date_gmt":"2016-03-15T13:28:59","guid":{"rendered":"https:\/\/old.seacretehotels.com\/kalyvesbeachhotel\/beach-bar-restaurant\/"},"modified":"2023-01-24T12:04:34","modified_gmt":"2023-01-24T10:04:34","slug":"beach-bar","status":"publish","type":"page","link":"https:\/\/old.seacretehotels.com\/pl\/kalyvesbeachhotel\/beach-bar\/","title":{"rendered":"Kalyves Beach Bar"},"content":{"rendered":"<h1>Beach Bar<\/h1>\n<h2><strong>Ciesz si\u0119 wy\u015bmienitymi potrawami nad l\u015bni\u0105cym morzem i basenem<\/strong><\/h2>\n<p>Delektuj si\u0119 najsmaczniejszymi potrawami z naszego menu a la carte tu\u017c nad mieni\u0105cym si\u0119 morzem i basenem, zrelaksuj si\u0119 przy d\u017awi\u0119kach \u0142agodnej muzyki i podziwiaj majestatyczny widok na morze. Celebruj sw\u00f3j pobyt pyszn\u0105 \u015br\u00f3dziemnomorsk\u0105 potraw\u0105 i kieliszkiem wina oraz zafunduj swoim maluchom specjalnie przygotowany posi\u0142ek dla dzieci i pyszne lody.<\/p>\n<p><strong>Godziny otwarcia:<\/strong>\u00a011:00 \u2013 23:00<\/p>\n","protected":false},"excerpt":{"rendered":"<p>Beach Bar Ciesz si\u0119 wy\u015bmienitymi potrawami nad l\u015bni\u0105cym morzem i basenem Delektuj si\u0119 najsmaczniejszymi potrawami z naszego menu a la <\/p>\n","protected":false},"author":1,"featured_media":100733,"parent":91680,"menu_order":0,"comment_status":"closed","ping_status":"closed","template":"templates\/template--single.php","meta":[],"acf":[],"_links":{"self":[{"href":"https:\/\/old.seacretehotels.com\/pl\/wp-json\/wp\/v2\/pages\/91753"}],"collection":[{"href":"https:\/\/old.seacretehotels.com\/pl\/wp-json\/wp\/v2\/pages"}],"about":[{"href":"https:\/\/old.seacretehotels.com\/pl\/wp-json\/wp\/v2\/types\/page"}],"author":[{"embeddable":true,"href":"https:\/\/old.seacretehotels.com\/pl\/wp-json\/wp\/v2\/users\/1"}],"replies":[{"embeddable":true,"href":"https:\/\/old.seacretehotels.com\/pl\/wp-json\/wp\/v2\/comments?post=91753"}],"version-history":[{"count":3,"href":"https:\/\/old.seacretehotels.com\/pl\/wp-json\/wp\/v2\/pages\/91753\/revisions"}],"predecessor-version":[{"id":93875,"href":"https:\/\/old.seacretehotels.com\/pl\/wp-json\/wp\/v2\/pages\/91753\/revisions\/93875"}],"up":[{"embeddable":true,"href":"https:\/\/old.seacretehotels.com\/pl\/wp-json\/wp\/v2\/pages\/91680"}],"wp:featuredmedia":[{"embeddable":true,"href":"https:\/\/old.seacretehotels.com\/pl\/wp-json\/wp\/v2\/media\/100733"}],"wp:attachment":[{"href":"https:\/\/old.seacretehotels.com\/pl\/wp-json\/wp\/v2\/media?parent=91753"}],"curies":[{"name":"wp","href":"https:\/\/api.w.org\/{rel}","templated":true}]}}