
  
{"id":91749,"date":"2016-03-15T16:30:55","date_gmt":"2016-03-15T14:30:55","guid":{"rendered":"https:\/\/old.seacretehotels.com\/kalyvesbeachhotel\/beach-pools\/"},"modified":"2023-06-21T11:21:55","modified_gmt":"2023-06-21T08:21:55","slug":"beach-pools","status":"publish","type":"page","link":"https:\/\/old.seacretehotels.com\/pl\/kalyvesbeachhotel\/beach-pools\/","title":{"rendered":"Kalyves Beach &#038; Pools"},"content":{"rendered":"<h1>Pla\u017ca i baseny w hotelu Kalyves<\/h1>\n<h2><strong>Hotel Kalyves Beach oferuje 3 wspania\u0142e baseny, zar\u00f3wno kryte, jak i otwarte, a tak\u017ce pla\u017c\u0119 wyr\u00f3\u017cnion\u0105 B\u0142\u0119kitn\u0105 Flag\u0105.<\/strong><\/h2>\n<p>Niezale\u017cnie od tego, czy wolisz p\u0142ywa\u0107 w spokojnych wodach basenu, czy te\u017c nurkowa\u0107 w lazurowym morzu, hotel Kalyves Beach oferuje obie te mo\u017cliwo\u015bci, w trzech b\u0142yszcz\u0105cych basenach, znajduj\u0105cych si\u0119 zar\u00f3wno wewn\u0105trz, jak i na zewn\u0105trz, a tak\u017ce pla\u017c\u0119 wyr\u00f3\u017cnion\u0105 B\u0142\u0119kitn\u0105 Flag\u0105, na kt\u00f3rej go\u015bcie mog\u0105 opala\u0107 si\u0119 popijaj\u0105c orze\u017awiaj\u0105cy koktajl. Wystarczy przej\u015b\u0107 przez most na pla\u017c\u0119 Kalyves i pop\u0142ywa\u0107 w jej wodach ze swoimi maluchami. W hotelu znajduje si\u0119 r\u00f3wnie\u017c specjalnie zaprojektowany basen dla naszych najm\u0142odszych go\u015bci, w kt\u00f3rym mog\u0105 bezpiecznie p\u0142ywa\u0107 i pluska\u0107 si\u0119 w promieniach krete\u0144skiego s\u0142o\u0144ca.<\/p>\n<p><strong>\u00a0 \u00a0 Typ basenu \u00a0 \u00a0 \u00a0 \u00a0 \u00a0Rozmiar \u00a0 \u00a0 \u00a0 Woda \u00a0 \u00a0 \u00a0 Kszta\u0142t \u00a0 \u00a0 \u00a0 G\u0142\u0119boko\u015b\u0107<\/strong><br \/>\nA. Kryty basen \u00a0 \u00a0 \u00a0 \u00a0 \u00a0 \u00a0 \u00a043m<sup>2<\/sup> \u00a0 \u00a0 \u00a0\u00a0\u00a0\u00a0\u00a0\u00a0\u00a0\u00a0 \u015awie\u017ca \u00a0 \u00a0 \u00a0 Regularny \u00a0 \u00a0 \u00a0\u00a0 1,10 m<br \/>\nB. Basen odkryty \u00a0 \u00a0 \u00a0 \u00a0\u00a0 116 m<sup>2<\/sup> \u00a0 \u00a0\u00a0\u00a0\u00a0\u00a0\u00a0\u00a0 \u015awie\u017ca \u00a0 \u00a0\u00a0 Nieregularny \u00a0\u00a0 1,60 m<br \/>\nC. Kryty basen \u00a0 \u00a0 \u00a0 \u00a0 \u00a0 \u00a0 \u00a052m<sup>2<\/sup> \u00a0 \u00a0 \u00a0\u00a0\u00a0\u00a0\u00a0\u00a0\u00a0\u00a0 \u015awie\u017ca \u00a0 \u00a0 \u00a0\u00a0 Regularny \u00a0 \u00a0 \u00a0 1,60 m<br \/>\nD. Basen dla dzieci \u00a0 \u00a0\u00a0 18m<sup>2<\/sup> \u00a0 \u00a0 \u00a0\u00a0\u00a0\u00a0\u00a0\u00a0\u00a0\u00a0 \u015awie\u017ca\u00a0 \u00a0 \u00a0 \u00a0\u00a0 Okr\u0105g\u0142y\u00a0 \u00a0 \u00a0 \u00a0\u00a0\u00a0 0,60 m<\/p>\n<p><strong>Uwaga specjalna:<\/strong> Chcieliby\u015bmy poinformowa\u0107, \u017ce ze wzgl\u0119du na zr\u00f3wnowa\u017cony rozw\u00f3j, aby nie zu\u017cywa\u0107 energii elektrycznej niepotrzebnie, nasz kryty basen w miesi\u0105cach czerwiec,<strong> lipiec, sierpie\u0144 nie b\u0119dzie podgrzewany.<\/strong><\/p>\n","protected":false},"excerpt":{"rendered":"<p>Pla\u017ca i baseny w hotelu Kalyves Hotel Kalyves Beach oferuje 3 wspania\u0142e baseny, zar\u00f3wno kryte, jak i otwarte, a tak\u017ce <\/p>\n","protected":false},"author":1,"featured_media":100487,"parent":91680,"menu_order":0,"comment_status":"closed","ping_status":"closed","template":"templates\/template--single.php","meta":[],"acf":[],"_links":{"self":[{"href":"https:\/\/old.seacretehotels.com\/pl\/wp-json\/wp\/v2\/pages\/91749"}],"collection":[{"href":"https:\/\/old.seacretehotels.com\/pl\/wp-json\/wp\/v2\/pages"}],"about":[{"href":"https:\/\/old.seacretehotels.com\/pl\/wp-json\/wp\/v2\/types\/page"}],"author":[{"embeddable":true,"href":"https:\/\/old.seacretehotels.com\/pl\/wp-json\/wp\/v2\/users\/1"}],"replies":[{"embeddable":true,"href":"https:\/\/old.seacretehotels.com\/pl\/wp-json\/wp\/v2\/comments?post=91749"}],"version-history":[{"count":4,"href":"https:\/\/old.seacretehotels.com\/pl\/wp-json\/wp\/v2\/pages\/91749\/revisions"}],"predecessor-version":[{"id":103167,"href":"https:\/\/old.seacretehotels.com\/pl\/wp-json\/wp\/v2\/pages\/91749\/revisions\/103167"}],"up":[{"embeddable":true,"href":"https:\/\/old.seacretehotels.com\/pl\/wp-json\/wp\/v2\/pages\/91680"}],"wp:featuredmedia":[{"embeddable":true,"href":"https:\/\/old.seacretehotels.com\/pl\/wp-json\/wp\/v2\/media\/100487"}],"wp:attachment":[{"href":"https:\/\/old.seacretehotels.com\/pl\/wp-json\/wp\/v2\/media?parent=91749"}],"curies":[{"name":"wp","href":"https:\/\/api.w.org\/{rel}","templated":true}]}}