
  
{"id":91745,"date":"2016-06-07T14:30:35","date_gmt":"2016-06-07T11:30:35","guid":{"rendered":"https:\/\/old.seacretehotels.com\/kalyvesbeachhotel\/marketing-material\/"},"modified":"2022-12-16T17:12:04","modified_gmt":"2022-12-16T15:12:04","slug":"marketing-material","status":"publish","type":"page","link":"https:\/\/old.seacretehotels.com\/pl\/kalyvesbeachhotel\/marketing-material\/","title":{"rendered":"Kalyves Beach &#8211; Marketing Material"},"content":{"rendered":"<h1>Zdj\u0119cia Kalyves Beach<\/h1>\n<h2><a href=\"https:\/\/old.seacretehotels.com\/kalyvesbeachhotel\/gallery\/\"><strong>Galeria zdj\u0119\u0107<\/strong><\/a><\/h2>\n<p>&nbsp;<\/p>\n<h1>Videos Kalyves Beach<\/h1>\n<h3><a href=\"https:\/\/www.youtube.com\/watch?v=vS1vElcFMy0\" target=\"_blank\" rel=\"nofollow noopener noreferrer\">\u00bb Kalyves Beach Hotel &#8211; Twoje wakacje <\/a><br \/>\n<a href=\"https:\/\/www.youtube.com\/watch?v=sKumaIgs8fs\" target=\"_blank\" rel=\"nofollow noopener noreferrer\">\u00bb Chania Completely Crete<\/a><\/h3>\n","protected":false},"excerpt":{"rendered":"<p>Zdj\u0119cia Kalyves Beach Galeria zdj\u0119\u0107 &nbsp; Videos Kalyves Beach \u00bb Kalyves Beach Hotel &#8211; Twoje wakacje \u00bb Chania Completely Crete<\/p>\n","protected":false},"author":1,"featured_media":0,"parent":91680,"menu_order":0,"comment_status":"closed","ping_status":"closed","template":"templates\/template--single.php","meta":[],"acf":[],"_links":{"self":[{"href":"https:\/\/old.seacretehotels.com\/pl\/wp-json\/wp\/v2\/pages\/91745"}],"collection":[{"href":"https:\/\/old.seacretehotels.com\/pl\/wp-json\/wp\/v2\/pages"}],"about":[{"href":"https:\/\/old.seacretehotels.com\/pl\/wp-json\/wp\/v2\/types\/page"}],"author":[{"embeddable":true,"href":"https:\/\/old.seacretehotels.com\/pl\/wp-json\/wp\/v2\/users\/1"}],"replies":[{"embeddable":true,"href":"https:\/\/old.seacretehotels.com\/pl\/wp-json\/wp\/v2\/comments?post=91745"}],"version-history":[{"count":2,"href":"https:\/\/old.seacretehotels.com\/pl\/wp-json\/wp\/v2\/pages\/91745\/revisions"}],"predecessor-version":[{"id":91747,"href":"https:\/\/old.seacretehotels.com\/pl\/wp-json\/wp\/v2\/pages\/91745\/revisions\/91747"}],"up":[{"embeddable":true,"href":"https:\/\/old.seacretehotels.com\/pl\/wp-json\/wp\/v2\/pages\/91680"}],"wp:attachment":[{"href":"https:\/\/old.seacretehotels.com\/pl\/wp-json\/wp\/v2\/media?parent=91745"}],"curies":[{"name":"wp","href":"https:\/\/api.w.org\/{rel}","templated":true}]}}