
  
{"id":91741,"date":"2016-03-15T17:15:04","date_gmt":"2016-03-15T15:15:04","guid":{"rendered":"https:\/\/old.seacretehotels.com\/kalyvesbeachhotel\/allinclusive-vip\/"},"modified":"2023-05-19T18:43:31","modified_gmt":"2023-05-19T15:43:31","slug":"allinclusive-vip","status":"publish","type":"page","link":"https:\/\/old.seacretehotels.com\/pl\/kalyvesbeachhotel\/allinclusive-vip\/","title":{"rendered":"Kalyves All-Inclusive Plus Package"},"content":{"rendered":"<h1>Pakiet All Inclusive Plus w hotelu Kalyves<\/h1>\n<p>Pakiet all Inclusive plus w hotelu Kalyves<\/p>\n<p><a href=\"https:\/\/old.seacretehotels.com\/wp-content\/uploads\/2022\/11\/KBH_AI_PLUS_ENGLISH.pdf\"><strong>Zobacz wszystkie powody, dla kt\u00f3rych warto przej\u015b\u0107 na nasz pakiet All-Inclusive Plus<\/strong><\/a><\/p>\n<p><strong>Uwaga:<\/strong> wszyscy doro\u015bli go\u015bcie w ramach ka\u017cdej rezerwacji pokoju b\u0119d\u0105 zobowi\u0105zani do podwy\u017cszenia standardu.<\/p>\n<p><strong>Cena noclegu ze \u015bniadaniem + 20 euro za osob\u0119 doros\u0142\u0105 za dzie\u0144<\/strong><\/p>\n<p>Je\u015bli standardowa oferta All-Inclusive nie wydaje si\u0119 wystarczaj\u0105ca dla Twojego gustu, skorzystaj z naszego pakietu All-Inclusive Plus i ulepsz swoje wakacje w hotelu Kalyves Beach. Ciesz si\u0119 wszystkimi korzy\u015bciami naszego standardowego pakietu All-Inclusive ze specjalnymi powitalnymi smako\u0142ykami w pokoju, pysznymi dodatkami do jedzenia i napoj\u00f3w, bezp\u0142atnym dost\u0119pem do si\u0142owni i ekskluzywnymi zni\u017ckami.<\/p>\n<p>Poni\u017cej przedstawiamy zarys dodatkowych us\u0142ug dost\u0119pnych dla naszych go\u015bci. Za 20 \u20ac za osob\u0119 doros\u0142\u0105\/za dzie\u0144 mo\u017cesz korzysta\u0107 ze wszystkich standardowych us\u0142ug All-Inclusive, w tym:<\/p>\n<p><strong>Dodatki do posi\u0142k\u00f3w i napoj\u00f3w RESTAURACJI (OBIAD-KOLACJA)<\/strong><\/p>\n<ul>\n<li>Wszystkie codzienne posi\u0142ki, przek\u0105ski i lody<\/li>\n<li>Lokalne krete\u0144skie wino z beczki (czerwone, bia\u0142e i r\u00f3\u017cowe)<\/li>\n<li>Lokalne krete\u0144skie piwo z beczki<\/li>\n<li>Lokalne alkohole niemarkowe (ouzo, raki)<\/li>\n<li>Lokalne alkohole niemarkowe (gin, tequila, rum, w\u00f3dka, brandy, whisky)<\/li>\n<li>Markowe napoje alkoholowe premium i wino musuj\u0105ce podawane bez ogranicze\u0144<\/li>\n<li>Podawane bez ogranicze\u0144 koktajle alkoholowe i bezalkoholowe premium oraz markowe napoje gazowane<\/li>\n<li>Butelkowane wino domowe 375 ml (2 butelki na osob\u0119 dziennie)<\/li>\n<li>Podawane bez ogranicze\u0144 piwo premium<\/li>\n<li>\u015awie\u017cy sok pomara\u0144czowy podawany podczas \u015bniadania i w ci\u0105gu dnia<\/li>\n<li>Napoje gazowane z automatu i woda z kranu<\/li>\n<li>Kawa i herbata filtrowana<\/li>\n<li>Kawa barrista (espresso, cappuccino, latte, gor\u0105ca czekolada itp.)<\/li>\n<\/ul>\n<p><strong>OBS\u0141UGA POKOJOWA<\/strong><\/p>\n<ul>\n<li>Zamiana na pok\u00f3j o wy\u017cszym standardzie (w zale\u017cno\u015bci od dost\u0119pno\u015bci)<\/li>\n<li>Us\u0142ugi pokoj\u00f3wki<\/li>\n<li>Us\u0142ugi pokoj\u00f3wki po po\u0142udniu (na \u017cyczenie)<\/li>\n<li>Kosz powitalny (zawieraj\u0105cy wino domowej roboty, owoce, wod\u0119, soki i napoje bezalkoholowe)<\/li>\n<li>Prezent dla dzieci<\/li>\n<li>Korzystanie z pokoju do godz. 18:00 (w zale\u017cno\u015bci od dost\u0119pno\u015bci) \u2013 zni\u017cka 50%<\/li>\n<li>Ekspres do kawy (2 x kapsu\u0142ki GRATIS uzupe\u0142niane podczas sprz\u0105tania pokoju)<\/li>\n<li>Codziennie uzupe\u0142niana 1 butelka wody<\/li>\n<\/ul>\n<p><strong>CZAS WOLNY I ODPOCZYNEK<\/strong><\/p>\n<ul>\n<li>Parasole i le\u017caki przy basenie i na pla\u017cy s\u0105 do dyspozycji naszych go\u015bci (bezp\u0142atnie)<\/li>\n<li>R\u0119czniki na pla\u017c\u0119 s\u0105 dost\u0119pne na recepcji<\/li>\n<li>Internet bezprzewodowy o podw\u00f3jnej pr\u0119dko\u015bci we wszystkich pokojach, na pla\u017cy i w og\u00f3lnodost\u0119pnych cz\u0119\u015bciach hotelu<\/li>\n<li>Bezp\u0142atny tort na imprezy okoliczno\u015bciowe (np. urodziny, rocznice itp.) \u2013 (na \u017cyczenie)<\/li>\n<li>Sejf<\/li>\n<li>Programy rozrywkowe w ka\u017cdy wiecz\u00f3r<\/li>\n<\/ul>\n<p><strong>SPORT I ZAJ\u0118CIA FITNESS<\/strong><\/p>\n<ul>\n<li>Sporty bezp\u0142atne: Sala na zaj\u0119cia fitness i tenis sto\u0142owy<\/li>\n<li>Bezp\u0142atne\u00a0korzystanie z krytego basenu z podgrzewan\u0105 wod\u0105<\/li>\n<\/ul>\n<p><strong>SPA W HOTELU<\/strong> <strong>KALYVES BEACH<\/strong><\/p>\n<ul>\n<li>Masa\u017ce, zabiegi i obiekty spa: zni\u017cka 30%<\/li>\n<\/ul>\n","protected":false},"excerpt":{"rendered":"<p>Pakiet All Inclusive Plus w hotelu Kalyves Pakiet all Inclusive plus w hotelu Kalyves Zobacz wszystkie powody, dla kt\u00f3rych warto <\/p>\n","protected":false},"author":1,"featured_media":84094,"parent":91680,"menu_order":0,"comment_status":"closed","ping_status":"closed","template":"templates\/template--single.php","meta":[],"acf":[],"_links":{"self":[{"href":"https:\/\/old.seacretehotels.com\/pl\/wp-json\/wp\/v2\/pages\/91741"}],"collection":[{"href":"https:\/\/old.seacretehotels.com\/pl\/wp-json\/wp\/v2\/pages"}],"about":[{"href":"https:\/\/old.seacretehotels.com\/pl\/wp-json\/wp\/v2\/types\/page"}],"author":[{"embeddable":true,"href":"https:\/\/old.seacretehotels.com\/pl\/wp-json\/wp\/v2\/users\/1"}],"replies":[{"embeddable":true,"href":"https:\/\/old.seacretehotels.com\/pl\/wp-json\/wp\/v2\/comments?post=91741"}],"version-history":[{"count":6,"href":"https:\/\/old.seacretehotels.com\/pl\/wp-json\/wp\/v2\/pages\/91741\/revisions"}],"predecessor-version":[{"id":101380,"href":"https:\/\/old.seacretehotels.com\/pl\/wp-json\/wp\/v2\/pages\/91741\/revisions\/101380"}],"up":[{"embeddable":true,"href":"https:\/\/old.seacretehotels.com\/pl\/wp-json\/wp\/v2\/pages\/91680"}],"wp:featuredmedia":[{"embeddable":true,"href":"https:\/\/old.seacretehotels.com\/pl\/wp-json\/wp\/v2\/media\/84094"}],"wp:attachment":[{"href":"https:\/\/old.seacretehotels.com\/pl\/wp-json\/wp\/v2\/media?parent=91741"}],"curies":[{"name":"wp","href":"https:\/\/api.w.org\/{rel}","templated":true}]}}