
  
{"id":91737,"date":"2016-03-15T17:07:47","date_gmt":"2016-03-15T15:07:47","guid":{"rendered":"https:\/\/old.seacretehotels.com\/kalyvesbeachhotel\/allinclusive-holidays\/"},"modified":"2022-12-19T16:33:08","modified_gmt":"2022-12-19T14:33:08","slug":"allinclusive-holidays","status":"publish","type":"page","link":"https:\/\/old.seacretehotels.com\/pl\/kalyvesbeachhotel\/allinclusive-holidays\/","title":{"rendered":"Kalyves All-Inclusive Package"},"content":{"rendered":"<h1>Pakiet All Inclusive w hotelu Kalyves<\/h1>\n<p><strong>Cena noclegu ze \u015bniadaniem + 10 euro za osob\u0119 doros\u0142\u0105 za dzie\u0144<\/strong><\/p>\n<p>Hotel Kalyves Beach oferuje urlop typu all inclusive,aby zapewni\u0107 jak najlepsze wra\u017cenia dla naszych go\u015bci. Go\u015bci zatrzymuj\u0105cych si\u0119 w hotelu zapraszamy na przepyszne posi\u0142ki w hotelowej restauracji bufetowej, w kt\u00f3rej b\u0119d\u0105 mogli napi\u0107 si\u0119 \u015bwie\u017cego soku pomara\u0144czowego wytworzonego z pomara\u0144czy pochodz\u0105cej z ekologicznych upraw oraz zje\u015b\u0107 lekkie przek\u0105ski w ci\u0105gu dnia. Hotel oferuje bezp\u0142atnie nielimitowan\u0105 ilo\u015b\u0107 napoj\u00f3w. W planie wypoczynku oferowany jest r\u00f3wnie\u017c plac zabaw dla dzieci, le\u017caki i parasole oraz wieczory tematyczne organizowane przez ca\u0142e lato. Nasi go\u015bcie specjalni maj\u0105 r\u00f3wnie\u017c mo\u017cliwo\u015b\u0107 wykupienia pakietu dla VIP-\u00f3w typu all inclusive i bezp\u0142atnego korzystania z dodatkowych us\u0142ug, suplement\u00f3w diety i zaj\u0119\u0107 sportowych.<\/p>\n<p><strong><em>Posi\u0142ki\u00a0<\/em><\/strong><strong>Restauracja bufetowa<br \/>\n<\/strong>Wszystkie posi\u0142ki serwowane s\u0105 w bogatym bufecie,kt\u00f3ry obejmuje r\u00f3\u017cnorodn\u0105 \u015bwie\u017c\u0105 \u017cywno\u015b\u0107 przygotowywan\u0105 codziennie przez naszych utalentowanych szef\u00f3w kuchni z lokalnych produkt\u00f3w. Dzie\u0144 i noc go\u015bcie mog\u0105 podziwia\u0107 wspania\u0142y widok na Morze Krete\u0144skie w po\u0142\u0105czeniu z pysznymi specja\u0142ami przygotowanymi przez naszego Szefa Kuchni.<\/p>\n<ul>\n<li>Godziny serwowania \u015bniada\u0144 08:00 \u2013 10:30 Bufet ameryka\u0144ski<\/li>\n<li>Godziny serwowania obiad\u00f3w 13:00 \u2013 15:00 Pe\u0142ny bufet<\/li>\n<li>Godziny serwowania kolacji 19:00 \u2013 21:30 Pe\u0142ny bufet<\/li>\n<\/ul>\n<p>Obowi\u0105zuj\u0105cy str\u00f3j: Go\u015bcie zobowi\u0105zani s\u0105 do noszenia odpowiedniego stroju w porze posi\u0142k\u00f3w w restauracji g\u0142\u00f3wnej<\/p>\n<p><strong><em>Lekkie posi\u0142ki, przek\u0105ski i kawa<br \/>\n<\/em><\/strong>R\u00f3\u017cnorodne gor\u0105ce i zimne przek\u0105ski, kanapki, wypieki, a tak\u017ce owoce i sa\u0142atki lokalnej produkcji b\u0119d\u0105 dost\u0119pne w nast\u0119puj\u0105cych godzinach: Przedpo\u0142udnie ( godz. 11:00 \u2013 12:00) Po po\u0142udniu ( godz. 16:00 \u2013 17:00) Lody dost\u0119pne s\u0105 w porze obiadu i kolacji (podawanych w formie bufetu) oraz w godzinach 11:00 \u2013 12:00 i 16:00 -17:00 (w barze na pla\u017cy). Kanapki na wycieczki: s\u0105 wydawane na \u017cyczenie w recepcji. Go\u015bcie musz\u0105 dokona\u0107 rezerwacji z jednodniowym wyprzedzeniem do godziny 19:00.<\/p>\n<p><strong><em>Napoje\u00a0<\/em><\/strong><strong>w restauracji hotelu Kalyves Beach<\/strong><br \/>\nPodczas posi\u0142k\u00f3w podawana jest nieograniczona ilo\u015b\u0107 lokalnych napoj\u00f3w, takich jak lokalne krete\u0144skie wino z beczki (czerwone, bia\u0142e i r\u00f3\u017cowe). Lokalne krete\u0144skie piwo z beczki, napoje gazowane z automatu i woda z kranu, filtrowana kawa lub herbata.<\/p>\n<h2><strong>W barze przy basenie hotelu Kalyves Beach<\/strong><\/h2>\n<p>Podawana b\u0119dzie nieograniczona ilo\u015b\u0107 lokalnych, niemarkowych napoj\u00f3w alkoholowych i bezalkoholowych, a tak\u017ce kawa filtrowana, herbaty zio\u0142owe i woda z kranu. Lokalne alkohole niemarkowe (ouzo, raki, gin, tequila, rum, w\u00f3dka, brandy, whisky), napoje gazowane z automatu i woda z kranu, filtrowana kawa i herbata<\/p>\n<p>GODZINY OTWARCIA BARU W RAMACH PAKIETU ALL INCLUSIVE: Beach Bar: Czynny w godz. 11:00 \u2013 23:00.<\/p>\n<p><em><strong>Obs\u0142uga pokojowa:<\/strong><\/em><\/p>\n<ul>\n<li>Us\u0142ugi pokoj\u00f3wki<\/li>\n<li>Jedna butelka wody po przybyciu go\u015bci do hotelu<\/li>\n<\/ul>\n<p><strong><em>Dla naszych najm\u0142odszych go\u015bci<\/em><\/strong><\/p>\n<ul>\n<li>Plac zabaw dla dzieci<\/li>\n<li>Wysokie krzes\u0142a w restauracji<\/li>\n<\/ul>\n<p><strong><em>Czas wolny i wypoczynek<\/em><\/strong><\/p>\n<ul>\n<li>Parasole i le\u017caki przy basenie i na pla\u017cy s\u0105 do dyspozycji naszych go\u015bci (bezp\u0142atnie)<\/li>\n<li>Darmowy internet Wi-Fi we wszystkich pokojach, na pla\u017cy i w og\u00f3lnodost\u0119pnych cz\u0119\u015bciach hotelu<\/li>\n<li>Programy rozrywkowe w ka\u017cdy wiecz\u00f3r<\/li>\n<\/ul>\n<p><strong><em>Sport i zaj\u0119cia fitness<\/em><\/strong><\/p>\n<ul>\n<li>Si\u0142ownia \/ zorganizowane zaj\u0119cia fitness (joga, zumba, aqua aerobik itp.)<\/li>\n<li>Bezp\u0142atne\u00a0korzystanie z krytego basenu z podgrzewan\u0105 wod\u0105<\/li>\n<\/ul>\n<h3><strong>Us\u0142ugi za dop\u0142at\u0105 (rezerwacje przez recepcj\u0119)<\/strong><\/h3>\n<ul>\n<li>Masa\u017c<\/li>\n<li>Korzystanie z pokoju hotelowego<\/li>\n<li>Sauna<\/li>\n<li>Lekarz na wezwanie<\/li>\n<li>Jacuzzi<\/li>\n<li>Taks\u00f3wka<\/li>\n<li>Gry bilardowe i elektroniczne<\/li>\n<li>Pakiet dla dzieci (\u0142\u00f3\u017ceczko dla dziecka, w\u00f3zek i krzese\u0142ko)<\/li>\n<li>R\u0119czniki na pla\u017c\u0119<\/li>\n<li>Wynajem laptopa<\/li>\n<li>Sejf w pokoju<\/li>\n<\/ul>\n","protected":false},"excerpt":{"rendered":"<p>Pakiet All Inclusive w hotelu Kalyves Cena noclegu ze \u015bniadaniem + 10 euro za osob\u0119 doros\u0142\u0105 za dzie\u0144 Hotel Kalyves <\/p>\n","protected":false},"author":1,"featured_media":100760,"parent":91680,"menu_order":0,"comment_status":"closed","ping_status":"closed","template":"templates\/template--single.php","meta":[],"acf":[],"_links":{"self":[{"href":"https:\/\/old.seacretehotels.com\/pl\/wp-json\/wp\/v2\/pages\/91737"}],"collection":[{"href":"https:\/\/old.seacretehotels.com\/pl\/wp-json\/wp\/v2\/pages"}],"about":[{"href":"https:\/\/old.seacretehotels.com\/pl\/wp-json\/wp\/v2\/types\/page"}],"author":[{"embeddable":true,"href":"https:\/\/old.seacretehotels.com\/pl\/wp-json\/wp\/v2\/users\/1"}],"replies":[{"embeddable":true,"href":"https:\/\/old.seacretehotels.com\/pl\/wp-json\/wp\/v2\/comments?post=91737"}],"version-history":[{"count":3,"href":"https:\/\/old.seacretehotels.com\/pl\/wp-json\/wp\/v2\/pages\/91737\/revisions"}],"predecessor-version":[{"id":92201,"href":"https:\/\/old.seacretehotels.com\/pl\/wp-json\/wp\/v2\/pages\/91737\/revisions\/92201"}],"up":[{"embeddable":true,"href":"https:\/\/old.seacretehotels.com\/pl\/wp-json\/wp\/v2\/pages\/91680"}],"wp:featuredmedia":[{"embeddable":true,"href":"https:\/\/old.seacretehotels.com\/pl\/wp-json\/wp\/v2\/media\/100760"}],"wp:attachment":[{"href":"https:\/\/old.seacretehotels.com\/pl\/wp-json\/wp\/v2\/media?parent=91737"}],"curies":[{"name":"wp","href":"https:\/\/api.w.org\/{rel}","templated":true}]}}